{"id":1658,"date":"2020-10-01T11:19:15","date_gmt":"2020-10-01T08:19:15","guid":{"rendered":"https:\/\/forcitexplosives.fi\/?page_id=1658"},"modified":"2024-02-01T08:48:13","modified_gmt":"2024-02-01T08:48:13","slug":"forcit-go-2","status":"publish","type":"page","link":"https:\/\/forcitexplosives.fi\/sv\/forcit-go-2\/","title":{"rendered":"Forcit Go"},"content":{"rendered":"\r\n<div  class=\"hero alignfull break-out\" style=\"background-color: ; color: \">\r\n\r\n    \r\n                            <div class=\"hero__backgroundimage text-center mb-2 mb-sm-0\" style=\"background-image:url(https:\/\/forcitexplosives.fi\/wp-content\/uploads\/sites\/9\/2020\/10\/200922-Forcit-digi-banner-web.jpg);\">\r\n                    <div class=\"d-flex justify-content-center align-items-center h-100\">\r\n                    <div class=\"col-12 col-md-10 col-lg-8 col-xl-7\">\r\n                        <h1 class=\"text-white text-uppercase hero__headersizelarge\">Forcit Go<\/h1>\r\n                    <\/div>\r\n                    <\/div>\r\n                <\/div>\r\n            \r\n            \r\n    \r\n<\/div>\n\n\r\n<div  id=\"highlightblock\" class=\"highlightblock pb-5 py-5 break-out\" style=\"background-color: ; color: \">\r\n    <div class=\"container\">\r\n        <div class=\"row position-relative justify-content-md-center\">\r\n            <div class=\"col\" data-aos=\"fade-up\">\r\n                <div class=\"row\">\r\n                    <div class=\"col-12 col-md-8 ps-4 ps-md-3 pe-4 pe-md-5 lead\" data-aos=\"fade-up\" data-aos-delay=\"50\">\r\n                        <h4>Forcit Go m\u00f6jligg\u00f6r flexibel best\u00e4llning oavsett tid och plats. Dessutom kan du \u00f6vervaka statusen f\u00f6r din leverans fr\u00e5n ordermottagning till leverans. Forcit Go g\u00f6r ocks\u00e5 best\u00e4llningshistoriken l\u00e4ttillg\u00e4nglig och redan levererade best\u00e4llningar kan till och med anv\u00e4ndas som bas f\u00f6r nya best\u00e4llningar.<\/h4>\n                    <\/div>\r\n                    <div class=\"col-12 col-md-4 ps-4 ps-md-5\" data-aos=\"fade-up\" data-aos-delay=\"150\">\r\n                                            <\/div>\r\n                <\/div>\r\n            <\/div>\r\n        <\/div>\r\n    <\/div>\r\n<\/div>\n\n\n<div style=\"height:40px\" aria-hidden=\"true\" class=\"wp-block-spacer\"><\/div>\n\n\n\n<h2 class=\"wp-block-heading\" data-aos=\"fade-up\">Ladda ner Forcit Go<\/h2>\n\n\n\n<p data-aos=\"fade-up\">iOS-versionen finns att ladda ner p\u00e5 App Store och Android-version h\u00e4r:<\/p>\n\n\n\n<div class=\"wp-block-buttons is-layout-flex wp-block-buttons-is-layout-flex\">\n<div class=\"wp-block-button\" data-aos=\"fade-up\"><a class=\"wp-block-button__link wp-element-button\" href=\"https:\/\/downloads.forcit.fi\/ForcitGo\/production\/FGO.apk\" style=\"border-radius:0px\" target=\"_blank\" rel=\"noreferrer noopener\">Ladda ner Forcit Go Android-versionen<\/a><\/div>\n<\/div>\n\n\n\n<div style=\"height:40px\" aria-hidden=\"true\" class=\"wp-block-spacer\"><\/div>\n\n\n\n<h2 class=\"wp-block-heading\" data-aos=\"fade-up\">Instruktioner f\u00f6r installation f\u00f6r Android<\/h2>\n\n\n\n<p data-aos=\"fade-up\">F\u00f6r att installera applikationen b\u00f6r du godk\u00e4nna installation av applikationer fr\u00e5n ok\u00e4nda k\u00e4llor p\u00e5 din telefon.<\/p>\n\n\n\n<p data-aos=\"fade-up\">\u00d6ppna Inst\u00e4llningar och g\u00e5 till Biometrik och s\u00e4kerhet och sedan Installera ok\u00e4nda appar. Det \u00e4r ocks\u00e5 m\u00f6jligt att du hittar denna funktion under Till\u00e4ggsinst\u00e4llningar.<br><br>Till\u00e5t installering av applikationer fr\u00e5n ok\u00e4nda k\u00e4llor (detta kan vara valbart enligt applikation, v\u00e4lj i s\u00e5 fall den webbl\u00e4sare med vilken du laddat ner installationspaketet).<br><br>\u00d6ppna installationspaketet du laddat ner genom att klicka p\u00e5 installationspaketets namn. Det nedladdade paketet syns i \u00f6vre balken p\u00e5 din telefon.<br><br>D\u00e5 installationspaketet fr\u00e5gar om du vill installera applikationen, klicka p\u00e5 Installera.<\/p>\n\n\n\n<p data-aos=\"fade-up\">F\u00f6rfr\u00e5gningar om huvudanv\u00e4ndarr\u00e4ttigheter f\u00f6r f\u00f6retag fr\u00e5n kundservicens kontaktpersoner.<\/p>\n\n\n\n<div style=\"height:40px\" aria-hidden=\"true\" class=\"wp-block-spacer\"><\/div>\n\n\n\n<h2 class=\"wp-block-heading\" data-aos=\"fade-up\">F\u00f6rfr\u00e5gningar<\/h2>\n\n\n\r\n<div class=\"col\" data-aos=\"fade-up\">\r\n\r\n<\/div>\r\n\r\n<div class=\"contacts pb-3\">\r\n\r\n    \r\n<div class=\"container\">\r\n\r\n    <div class=\"row listContact__highlightboxeswrapper position-relative justify-content-md-center filterable\">\r\n        <div class=\"col\">\r\n            <div class=\"row\">\r\n                \r\n                    <div class=\"col-12 col-md-6 col-lg-4 col-xl-4 py-3 pe-4 filterableItem\" data-aos=\"\" data-aos-delay=\"50\">\r\n\r\n                                                                                    \r\n\r\n                                <div class=\"row\">\r\n                                                                            <div class=\"col-4 col-xl-4\">\r\n                                            <div class=\"contactPersonPhotoWrapper\">\r\n                                                <img decoding=\"async\" src=\"https:\/\/forcitexplosives.fi\/wp-content\/uploads\/sites\/9\/2020\/08\/190815-Forcit-SuviSuovaara-7202-2_xlarge-200x300.jpg\" class=\"contactPersonPhoto\" alt=\"Photo of Lari Laine\">                                            <\/div>\r\n                                        <\/div>\r\n                                        <div class=\"col-8 col-xl-8\">\r\n                                            \r\n                                        \r\n                                                                                        <span class=\"fw-bold\" style=\"white-space:nowrap;\">Lari Laine<\/span>\r\n                                            \r\n                                                                                        <br>Entrepren\u00f6rer                                             \r\n                                        \r\n                                        \r\n                                                                                                                                    <a href=\"tel:+358 40 8690 574\" class=\"fw-bold mt-2 d-block\" style=\"color: #000;\">+358 40 8690 574<\/a>\r\n                                                                                    \r\n                                                                                                                                    <a href=\"mailto:lari.laine@forcit.fi\" class=\"d-block\"><strong>Skicka e-post \u00bb<\/strong><\/a>\r\n                                                                                    \r\n                                        \r\n                                    <\/div>\r\n                                <\/div>\r\n\r\n\r\n                        \r\n                    \r\n                    <\/div>\r\n\r\n                    \r\n                    <div class=\"col-12 col-md-6 col-lg-4 col-xl-4 py-3 pe-4 filterableItem\" data-aos=\"\" data-aos-delay=\"100\">\r\n\r\n                                                                                    \r\n\r\n                                <div class=\"row\">\r\n                                                                            <div class=\"col-4 col-xl-4\">\r\n                                            <div class=\"contactPersonPhotoWrapper\">\r\n                                                <img decoding=\"async\" src=\"https:\/\/forcitexplosives.fi\/wp-content\/uploads\/sites\/9\/2020\/08\/SAH9356-Edit-2_1_xlarge-200x300.jpg\" class=\"contactPersonPhoto\" alt=\"Photo of Jussi Saavalainen\">                                            <\/div>\r\n                                        <\/div>\r\n                                        <div class=\"col-8 col-xl-8\">\r\n                                            \r\n                                        \r\n                                                                                        <span class=\"fw-bold\" style=\"white-space:nowrap;\">Jussi Saavalainen<\/span>\r\n                                            \r\n                                                                                        <br>Gruva och tunnel entrepren\u00f6rer                                            \r\n                                        \r\n                                        \r\n                                                                                                                                    <a href=\"tel:+358 40 8690 519\" class=\"fw-bold mt-2 d-block\" style=\"color: #000;\">+358 40 8690 519<\/a>\r\n                                                                                    \r\n                                                                                                                                    <a href=\"mailto:jussi.saavalainen@forcit.fi\" class=\"d-block\"><strong>Skicka e-post \u00bb<\/strong><\/a>\r\n                                                                                    \r\n                                        \r\n                                    <\/div>\r\n                                <\/div>\r\n\r\n\r\n                        \r\n                    \r\n                    <\/div>\r\n\r\n                                <\/div>\r\n        <\/div>\r\n    <\/div>\r\n\r\n<\/div>\r\n\r\n    \r\n<\/div>","protected":false},"excerpt":{"rendered":"<p>Ladda ner Forcit Go iOS-versionen finns att ladda ner p\u00e5 App Store och Android-version h\u00e4r: Instruktioner f\u00f6r installation f\u00f6r Android F\u00f6r att installera applikationen b\u00f6r du godk\u00e4nna installation av applikationer fr\u00e5n ok\u00e4nda k\u00e4llor p\u00e5 din telefon. \u00d6ppna Inst\u00e4llningar och g\u00e5 till Biometrik och s\u00e4kerhet och sedan Installera ok\u00e4nda appar. Det \u00e4r ocks\u00e5 m\u00f6jligt att du [&#8230;]<\/p>\n<p><a class=\"btn btn-secondary understrap-read-more-link\" href=\"https:\/\/forcitexplosives.fi\/sv\/forcit-go-2\/\">L\u00e4s mer \u2026<span class=\"screen-reader-text\"> from Forcit Go<\/span><\/a><\/p>\n","protected":false},"author":1,"featured_media":0,"parent":0,"menu_order":0,"comment_status":"closed","ping_status":"closed","template":"","meta":{"_acf_changed":false,"_monsterinsights_skip_tracking":false,"_monsterinsights_sitenote_active":false,"_monsterinsights_sitenote_note":"","_monsterinsights_sitenote_category":0,"footnotes":""},"class_list":["post-1658","page","type-page","status-publish","hentry"],"acf":[],"_links":{"self":[{"href":"https:\/\/forcitexplosives.fi\/sv\/wp-json\/wp\/v2\/pages\/1658"}],"collection":[{"href":"https:\/\/forcitexplosives.fi\/sv\/wp-json\/wp\/v2\/pages"}],"about":[{"href":"https:\/\/forcitexplosives.fi\/sv\/wp-json\/wp\/v2\/types\/page"}],"author":[{"embeddable":true,"href":"https:\/\/forcitexplosives.fi\/sv\/wp-json\/wp\/v2\/users\/1"}],"replies":[{"embeddable":true,"href":"https:\/\/forcitexplosives.fi\/sv\/wp-json\/wp\/v2\/comments?post=1658"}],"version-history":[{"count":0,"href":"https:\/\/forcitexplosives.fi\/sv\/wp-json\/wp\/v2\/pages\/1658\/revisions"}],"wp:attachment":[{"href":"https:\/\/forcitexplosives.fi\/sv\/wp-json\/wp\/v2\/media?parent=1658"}],"curies":[{"name":"wp","href":"https:\/\/api.w.org\/{rel}","templated":true}]}}