{"id":1702,"date":"2020-10-05T10:47:02","date_gmt":"2020-10-05T07:47:02","guid":{"rendered":"https:\/\/forcitexplosives.fi\/?page_id=1702"},"modified":"2026-02-11T13:33:38","modified_gmt":"2026-02-11T11:33:38","slug":"o-pitblast-2","status":"publish","type":"page","link":"https:\/\/forcitexplosives.fi\/sv\/o-pitblast-2\/","title":{"rendered":"O-Pitblast"},"content":{"rendered":"\r\n<div  class=\"hero alignfull break-out\" style=\"background-color: ; color: \">\r\n\r\n    \r\n                            <div class=\"hero__backgroundimage text-center mb-2 mb-sm-0\" style=\"background-image:url(https:\/\/forcitexplosives.fi\/wp-content\/uploads\/sites\/9\/2024\/08\/O-pit-sprangning.png);\">\r\n                    <div class=\"d-flex justify-content-center align-items-center h-100\">\r\n                    <div class=\"col-12 col-md-10 col-lg-8 col-xl-7\">\r\n                        <h1 class=\"text-white text-uppercase hero__headersize\">O-Pitblast spr\u00e4ngdesign<\/h1>\r\n                    <\/div>\r\n                    <\/div>\r\n                <\/div>\r\n            \r\n            \r\n    \r\n<\/div>\n\n\r\n<div  id=\"highlightblock\" class=\"highlightblock pb-5 py-5 break-out\" style=\"background-color: ; color: \">\r\n    <div class=\"container\">\r\n        <div class=\"row position-relative justify-content-md-center\">\r\n            <div class=\"col\" data-aos=\"fade-up\">\r\n                <div class=\"row\">\r\n                    <div class=\"col-12 col-md-8 ps-4 ps-md-3 pe-4 pe-md-5 lead\" data-aos=\"fade-up\" data-aos-delay=\"50\">\r\n                        <h4 class=\"wp-block-heading\">FORCIT Explosives \u00e4r den exklusiva \u00e5terf\u00f6rs\u00e4ljaren av <strong>O-Pitblast Digital Blast Design<\/strong>\u00a0i Norden och Baltikum. O-Pitblast \u00e4r en l\u00f6sning som \u00e4r designad av erfarna spr\u00e4ng\u00e4mnesexperter f\u00f6r att s\u00e4kerst\u00e4lla att anv\u00e4ndarens behov tillgodoses vid alla funktioner i programvaran.<\/h4>\n                    <\/div>\r\n                    <div class=\"col-12 col-md-4 ps-4 ps-md-5\" data-aos=\"fade-up\" data-aos-delay=\"150\">\r\n                                            <\/div>\r\n                <\/div>\r\n            <\/div>\r\n        <\/div>\r\n    <\/div>\r\n<\/div>\n\n\n<div style=\"height:40px\" aria-hidden=\"true\" class=\"wp-block-spacer\"><\/div>\n\n\n\n<div style=\"height:40px\" aria-hidden=\"true\" class=\"wp-block-spacer\"><\/div>\n\n\n\n<h2 class=\"wp-block-heading\" data-aos=\"fade-up\">O-Pitblast \u00e4r gjord f\u00f6r anv\u00e4ndaren<\/h2>\n\n\n\n<p data-aos=\"fade-up\">O-Pitblasts enkla och beh\u00e4ndiga l\u00f6sning med tyngdpunkten p\u00e5 anv\u00e4ndarv\u00e4nlighet och bekv\u00e4mlighet m\u00f6jligg\u00f6r skapande, delning och optimering av detaljrika 3D-spr\u00e4ngplaner. Det g\u00f6r att du vart som helst kan planera, kontrollera och optimera dina spr\u00e4ngprojekt, samt minimera utsl\u00e4pp och avvikelser p\u00e5 dina ovan- och underjordsspr\u00e4ngningar \u2013 oberoende av om du \u00e4r p\u00e5 kontoret eller p\u00e5 f\u00e4ltet. Kontakta oss om du vill ha en gratis provperiod p\u00e5 n\u00e5gon av O-Pitblasts l\u00f6sningar.<\/p>\n\n\n\n<div class=\"wp-block-media-text has-media-on-the-right is-stacked-on-mobile is-vertically-aligned-center is-style-default\" style=\"grid-template-columns:auto 52%\"><div class=\"wp-block-media-text__content\">\n<h2 class=\"wp-block-heading\"><strong>F\u00d6RDELAR<\/strong><\/h2>\n\n\n\n<ul class=\"wp-block-list\">\n<li>Anv\u00e4ndarv\u00e4nlig programvara f\u00f6r dator och smartphone<\/li>\n\n\n\n<li>Planering, analysering och uppf\u00f6ljning<\/li>\n\n\n\n<li>Realtidsdata ute fr\u00e5n f\u00e4ltet<\/li>\n\n\n\n<li>Dr\u00f6narkartl\u00e4ggning och fragmenteringstj\u00e4nster<\/li>\n\n\n\n<li>Kartl\u00e4gg och reducera avvikelser<\/li>\n\n\n\n<li>Molnbaserad tj\u00e4nst med \u00e5tkomst \u00f6verallt<\/li>\n\n\n\n<li>Dela informationen med kollegor<\/li>\n\n\n\n<li>Reducerat klimatavtryck<\/li>\n<\/ul>\n\n\n\n<p data-aos=\"fade-up\"><\/p>\n<\/div><figure class=\"wp-block-media-text__media\"><img decoding=\"async\" src=\"https:\/\/forcitexplosives.com\/wp-content\/uploads\/sites\/12\/2024\/07\/O-pit-eco-bild-1024x759.png\" alt=\"\" class=\"wp-image-1539 size-full\" \/><\/figure><\/div>\n\n\n\r\n<div class=\"hero-boxes-with-images break-out\">\r\n\r\n\r\n    \r\n    <div class=\"row mb-5 hero-boxes-with-images__highlightboxeswrapper position-relative justify-content-md-center text-white text-center\">\r\n        <div class=\"col-12 col-md-10 col-xl-11 px-xl-5\">\r\n            <div class=\"row px-xl-4\">\r\n                <div class=\"col text-start\">\r\n                    <h2 class=\"wp-block-heading mt-3 mb-5\">O-Pit Tj\u00e4nster<\/h2>                <\/div>\r\n            <\/div>\r\n            <div class=\"row px-xl-4\" id=\"tabs-nav\">\r\n                \r\n                        <div class=\"col-12 col-md-6 col-xl mb-4 mb-xl-0 text-white\" data-aos=\"fade-up\" data-aos-delay=\"0\">\r\n\r\n                                                            <a href=\"https:\/\/www.o-pitblast.com\/products\/surface\" target=\"_blank\" title=\"\" alt=\"\" class=\"text-white hero-boxes-with-images__redbox-href\">                            \r\n                                <div class=\"hero-boxes-with-images__redbox\">\r\n                                    <div class=\"pt-5 px-5 pb-4 heroMinHeight mediumImageWrapper \">\r\n                                                                                    <h2 class=\"text-uppercase mb-3\">O-PITSURFACE<\/h2>                                                                                                                        <p>O-Pitsurface \u00e4r en mjukvarul\u00f6sning f\u00f6r borr- och spr\u00e4ngdesign d\u00e4r du enkelt kan planera och designa ovanjordsspr\u00e4ngningar.<br \/>\nMed O-pitsurface kan du f\u00f6rutse vibrationer och hantera fragmenteringar, importera topografisk data och planera alla faser av ett spr\u00e4ngningsprojekt. Med l\u00f6sningen kan du ta kontroll \u00f6ver anv\u00e4ndningen av spr\u00e4ng\u00e4mnen &#8211; allt samlat p\u00e5 en kraftfull plattform.<\/p>\n                                    <\/div>\r\n                                                                            <div class=\"px-3 py-4 hero-boxes-with-images__redbox-link\"><p class=\"text-uppercase fw-bold\"><img decoding=\"async\" src=\"https:\/\/forcitexplosives.fi\/wp-content\/themes\/understrap-child\/img\/highlight-box-link-arrow.png\" alt=\"Read more arrow\">L\u00e4s mer om O-Pitsurface (english)<\/p><\/div>\r\n                                                                                                        <\/div>\r\n                            \r\n                                                            <\/a>\r\n                                                                                <\/div>\r\n\r\n                    \r\n                        <div class=\"col-12 col-md-6 col-xl mb-4 mb-xl-0 text-white\" data-aos=\"fade-up\" data-aos-delay=\"50\">\r\n\r\n                                                            <a href=\"https:\/\/www.o-pitblast.com\/products\/opitdev\" target=\"_blank\" title=\"\" alt=\"\" class=\"text-white hero-boxes-with-images__redbox-href\">                            \r\n                                <div class=\"hero-boxes-with-images__redbox\">\r\n                                    <div class=\"pt-5 px-5 pb-4 heroMinHeight mediumImageWrapper \">\r\n                                                                                    <h2 class=\"text-uppercase mb-3\">O-PITDEV<\/h2>                                                                                                                        <p>O-Pitdev \u00e4r en revolution\u00e4r l\u00f6sning f\u00f6r att m\u00e4ta borrh\u00e5lsavvikelser i stenbrott och gruvor. L\u00f6sningen \u00e4r utvecklad av spr\u00e4ng\u00e4mnesexperter som f\u00f6rst\u00e5r behovet av arbetet p\u00e5 f\u00e4ltet och inneh\u00e5ller teknologi som tillhandah\u00e5ller snabba och precisa m\u00e4tningar.\u00a0 Dess vattent\u00e4ta och skakresistenta design g\u00f6r den optimal f\u00f6r icke-metalliska operationer, och den \u00e4r mycket effektiv f\u00f6r 360\u00ba m\u00e4tningar.<\/p>\n                                    <\/div>\r\n                                                                            <div class=\"px-3 py-4 hero-boxes-with-images__redbox-link\"><p class=\"text-uppercase fw-bold\"><img decoding=\"async\" src=\"https:\/\/forcitexplosives.fi\/wp-content\/themes\/understrap-child\/img\/highlight-box-link-arrow.png\" alt=\"Read more arrow\">L\u00e4s mer om O-Pitdev (english)<\/p><\/div>\r\n                                                                                                        <\/div>\r\n                            \r\n                                                            <\/a>\r\n                                                                                <\/div>\r\n\r\n                    \r\n                        <div class=\"col-12 col-md-6 col-xl mb-4 mb-xl-0 text-white\" data-aos=\"fade-up\" data-aos-delay=\"100\">\r\n\r\n                                                            <a href=\"https:\/\/www.o-pitblast.com\/products\/eco\" target=\"_blank\" title=\"\" alt=\"\" class=\"text-white hero-boxes-with-images__redbox-href\">                            \r\n                                <div class=\"hero-boxes-with-images__redbox\">\r\n                                    <div class=\"pt-5 px-5 pb-4 heroMinHeight mediumImageWrapper \">\r\n                                                                                    <h2 class=\"text-uppercase mb-3\">O-PITECO<\/h2>                                                                                                                        <p>O-Piteco \u00e4r en \u00f6versiktlig mjukvara utformad f\u00f6r att kunna g\u00f6ra en uppskattning samt kontrollera v\u00e4xthusgasutsl\u00e4pp i gruvdrifter. Du f\u00e5r \u00e4ven tillg\u00e5ng till information om vilken milj\u00f6p\u00e5verkan dina borr- och spr\u00e4ngningsaktiviteter har, samt ger dig verktyg att minska p\u00e5verkan. En l\u00f6sning f\u00f6r dig som vill optimera dina borr- och spr\u00e4ngprojekt och samtidigt reducera ditt koldioxidavtryck.<\/p>\n                                    <\/div>\r\n                                                                            <div class=\"px-3 py-4 hero-boxes-with-images__redbox-link\"><p class=\"text-uppercase fw-bold\"><img decoding=\"async\" src=\"https:\/\/forcitexplosives.fi\/wp-content\/themes\/understrap-child\/img\/highlight-box-link-arrow.png\" alt=\"Read more arrow\">L\u00e4s mer om O-Piteco (english)<\/p><\/div>\r\n                                                                                                        <\/div>\r\n                            \r\n                                                            <\/a>\r\n                                                                                <\/div>\r\n\r\n                    \r\n                        <div class=\"col-12 col-md-6 col-xl mb-4 mb-xl-0 text-white\" data-aos=\"fade-up\" data-aos-delay=\"150\">\r\n\r\n                                                            <a href=\"https:\/\/www.o-pitblast.com\/products\/opitapp\" target=\"_blank\" title=\"\" alt=\"\" class=\"text-white hero-boxes-with-images__redbox-href\">                            \r\n                                <div class=\"hero-boxes-with-images__redbox\">\r\n                                    <div class=\"pt-5 px-5 pb-4 heroMinHeight mediumImageWrapper \">\r\n                                                                                    <h2 class=\"text-uppercase mb-3\">O-PITAPP<\/h2>                                                                                                                        <p>O-Pitapp \u00e4r en app som h\u00e4mtar in data fr\u00e5n f\u00e4ltet under borr- och spr\u00e4ngprojekt. F\u00f6lj spr\u00e4ngningens fortskridande i realtid och samla in data fr\u00e5n borrh\u00e5l s\u00e5som stamning, h\u00e5ldjup, lutning, vatten, samt eventuella driftavvikelser tillsammans med andra v\u00e4rdefulla KPI-v\u00e4rden. Appen \u00e4r ett molnbaserat verktyg som kan anv\u00e4ndas vart du \u00e4n befinner dig och delas mellan fler anv\u00e4ndare.<\/p>\n                                    <\/div>\r\n                                                                            <div class=\"px-3 py-4 hero-boxes-with-images__redbox-link\"><p class=\"text-uppercase fw-bold\"><img decoding=\"async\" src=\"https:\/\/forcitexplosives.fi\/wp-content\/themes\/understrap-child\/img\/highlight-box-link-arrow.png\" alt=\"Read more arrow\">L\u00e4s mer om O-Pitapp (english)<\/p><\/div>\r\n                                                                                                        <\/div>\r\n                            \r\n                                                            <\/a>\r\n                                                                                <\/div>\r\n\r\n                                <\/div>\r\n\r\n\r\n\r\n            \r\n\r\n\r\n        <\/div>\r\n    <\/div>\r\n\r\n    \r\n<\/div>\n\n\n<h2 class=\"wp-block-heading\" data-aos=\"fade-up\">O-Pitsurface<\/h2>\n\n\n\n<p data-aos=\"fade-up\">Ladda upp en tredimensionell utsikt av ditt arbetsf\u00e4lt och skapa din detaljrika spr\u00e4ngplan, som du kan optimera med hj\u00e4lp av O-Pitsurfaces m\u00e5ngsidiga analysverktyg. Du kan definiera m\u00e5tten och placeringen av borrh\u00e5len samt vilka spr\u00e4ng\u00e4mnen du anv\u00e4nder och spr\u00e4ngningens tidsinst\u00e4llning.<\/p>\n\n\n\n<p data-aos=\"fade-up\">En av de st\u00f6rsta f\u00f6rdelarna med O-Pitsurfaces l\u00f6sningar \u00e4r analysverktygen, som m\u00f6jligg\u00f6r en noggrann uppskattning av spr\u00e4ngningens fragmentering och bl.a. vibrationseffekter. Genom att nyttja informationen fr\u00e5n analyserna \u00e4r det l\u00e4tt att optimera din spr\u00e4ngplan, vilket leder till b\u00e4ttre och mer kostnadseffektiva spr\u00e4ngningar.<\/p>\n\n\n\n<p data-aos=\"fade-up\">Dina spr\u00e4ngplaner sparas i O-Pitblasts molntj\u00e4st. D\u00e4rifr\u00e5n kommer du beh\u00e4ndigt \u00e5t dina filer och du kan ladda ner specifika spr\u00e4ngplaner till din dator eller dela dem med andra anv\u00e4ndare. F\u00f6rutom datormjukvaran kan du ocks\u00e5 ladda ner O-Pitblasts iOS-mobilapp, som du kan anv\u00e4nda till att kontrollera och redigera dina spr\u00e4ngplaner p\u00e5 din telefon.<\/p>\n\n\n\n<div style=\"height:40px\" aria-hidden=\"true\" class=\"wp-block-spacer\"><\/div>\n\n\n\n<h2 class=\"wp-block-heading\" data-aos=\"fade-up\">Vill du veta mer om O-Pitblast?<\/h2>\n\n\n\n<p data-aos=\"fade-up\">Vill du ha mer information om O-pitblast eller testa en gratis provversion av appen (O-Pitsurface och O-PitEco)?<\/p>\n\n\n\n<p data-aos=\"fade-up\"><br>Kontakta oss eller bes\u00f6k \u00a0<a href=\"http:\/\/www.o-pitblast.com\/\" target=\"_blank\" rel=\"noreferrer noopener\">www.o-pitblast.com<\/a><\/p>\n\n\n\n<div style=\"height:40px\" aria-hidden=\"true\" class=\"wp-block-spacer\"><\/div>\n\n\n\n<h2 class=\"wp-block-heading\" data-aos=\"fade-up\">Mer information<\/h2>\n\n\n\r\n<div class=\"col\" data-aos=\"fade-up\">\r\n\r\n<\/div>\r\n\r\n<div class=\"contacts pb-3\">\r\n\r\n    \r\n<div class=\"container\">\r\n\r\n    <div class=\"row listContact__highlightboxeswrapper position-relative justify-content-md-center filterable\">\r\n        <div class=\"col\">\r\n            <div class=\"row\">\r\n                \r\n                    <div class=\"col-12 col-md-6 col-lg-4 col-xl-4 py-3 pe-4 filterableItem\" data-aos=\"\" data-aos-delay=\"50\">\r\n\r\n                                                                                    \r\n\r\n                                <div class=\"row\">\r\n                                                                            <div class=\"col-4 col-xl-4\">\r\n                                            <div class=\"contactPersonPhotoWrapper\">\r\n                                                <img decoding=\"async\" src=\"https:\/\/forcitexplosives.fi\/wp-content\/uploads\/sites\/9\/2020\/08\/SAH9369-Edit-2_1_xlarge-200x300.jpg\" class=\"contactPersonPhoto\" alt=\"Photo of Jarkko Manninen\">                                            <\/div>\r\n                                        <\/div>\r\n                                        <div class=\"col-8 col-xl-8\">\r\n                                            \r\n                                        \r\n                                                                                        <span class=\"fw-bold\" style=\"white-space:nowrap;\">Jarkko Manninen<\/span>\r\n                                            \r\n                                                                                        <br>Technical Manager                                            \r\n                                                                                                                            \r\n                                        \r\n                                                                                                                                    <a href=\"tel:+358 50 3066 995\" class=\"fw-bold mt-2 d-block\" style=\"color: #000;\">+358 50 3066 995<\/a>\r\n                                                                                    \r\n                                                                                                                                    <a href=\"mailto:jarkko.manninen@forcit.fi\" class=\"d-block\"><strong>Skicka e-post \u00bb<\/strong><\/a>\r\n                                                                                    \r\n                                                                                                                            \r\n                                    <\/div>\r\n                                <\/div>\r\n\r\n\r\n                        \r\n                    \r\n                    <\/div>\r\n\r\n                                <\/div>\r\n        <\/div>\r\n    <\/div>\r\n\r\n<\/div>\r\n\r\n    \r\n<\/div>\n\n\n<div class=\"wp-block-columns is-layout-flex wp-container-core-columns-is-layout-1 wp-block-columns-is-layout-flex\">\n<div class=\"wp-block-column is-vertically-aligned-center is-layout-flow wp-block-column-is-layout-flow\">\r\n<div class=\"hero-boxes-with-images break-out\">\r\n\r\n\r\n    \r\n<\/div>\n\n\n<div class=\"wp-block-buttons is-content-justification-left is-layout-flex wp-container-core-buttons-is-layout-1 wp-block-buttons-is-layout-flex\">\n<div class=\"wp-block-button\"><a class=\"wp-block-button__link wp-element-button\" href=\"https:\/\/www.o-pitblast.com\/\" target=\"_blank\" rel=\"noreferrer noopener\">O-PITBLAST HEMSIDA<\/a><\/div>\n<\/div>\n<\/div>\n\n\n\n<div class=\"wp-block-column is-layout-flow wp-block-column-is-layout-flow\"><div class=\"wp-block-image\">\n<figure class=\"alignleft size-large is-resized\"><a href=\"https:\/\/www.o-pitblast.com\/\" target=\"_blank\" rel=\"noreferrer noopener\"><img decoding=\"async\" src=\"https:\/\/forcitexplosives.com\/wp-content\/uploads\/sites\/12\/2024\/07\/BRAND_O-PITBLAST-1024x181.png\" alt=\"\" class=\"wp-image-1535\" style=\"width:344px;height:auto\" \/><\/a><\/figure><\/div><\/div>\n<\/div>\n","protected":false},"excerpt":{"rendered":"<p>O-Pitblast \u00e4r gjord f\u00f6r anv\u00e4ndaren O-Pitblasts enkla och beh\u00e4ndiga l\u00f6sning med tyngdpunkten p\u00e5 anv\u00e4ndarv\u00e4nlighet och bekv\u00e4mlighet m\u00f6jligg\u00f6r skapande, delning och optimering av detaljrika 3D-spr\u00e4ngplaner. Det g\u00f6r att du vart som helst kan planera, kontrollera och optimera dina spr\u00e4ngprojekt, samt minimera utsl\u00e4pp och avvikelser p\u00e5 dina ovan- och underjordsspr\u00e4ngningar \u2013 oberoende av om du \u00e4r p\u00e5 [&#8230;]<\/p>\n<p><a class=\"btn btn-secondary understrap-read-more-link\" href=\"https:\/\/forcitexplosives.fi\/sv\/o-pitblast-2\/\">L\u00e4s mer \u2026<span class=\"screen-reader-text\"> from O-Pitblast<\/span><\/a><\/p>\n","protected":false},"author":1,"featured_media":0,"parent":0,"menu_order":0,"comment_status":"closed","ping_status":"closed","template":"","meta":{"_acf_changed":false,"_monsterinsights_skip_tracking":false,"_monsterinsights_sitenote_active":false,"_monsterinsights_sitenote_note":"","_monsterinsights_sitenote_category":0,"footnotes":""},"class_list":["post-1702","page","type-page","status-publish","hentry"],"acf":[],"_links":{"self":[{"href":"https:\/\/forcitexplosives.fi\/sv\/wp-json\/wp\/v2\/pages\/1702"}],"collection":[{"href":"https:\/\/forcitexplosives.fi\/sv\/wp-json\/wp\/v2\/pages"}],"about":[{"href":"https:\/\/forcitexplosives.fi\/sv\/wp-json\/wp\/v2\/types\/page"}],"author":[{"embeddable":true,"href":"https:\/\/forcitexplosives.fi\/sv\/wp-json\/wp\/v2\/users\/1"}],"replies":[{"embeddable":true,"href":"https:\/\/forcitexplosives.fi\/sv\/wp-json\/wp\/v2\/comments?post=1702"}],"version-history":[{"count":0,"href":"https:\/\/forcitexplosives.fi\/sv\/wp-json\/wp\/v2\/pages\/1702\/revisions"}],"wp:attachment":[{"href":"https:\/\/forcitexplosives.fi\/sv\/wp-json\/wp\/v2\/media?parent=1702"}],"curies":[{"name":"wp","href":"https:\/\/api.w.org\/{rel}","templated":true}]}}