{"id":1753,"date":"2020-10-06T13:39:00","date_gmt":"2020-10-06T10:39:00","guid":{"rendered":"https:\/\/forcitexplosives.fi\/?page_id=1753"},"modified":"2026-02-11T13:09:11","modified_gmt":"2026-02-11T11:09:11","slug":"transport-service","status":"publish","type":"page","link":"https:\/\/forcitexplosives.fi\/sv\/transport-service\/","title":{"rendered":"Transportservice"},"content":{"rendered":"\r\n<div  class=\"hero alignfull break-out\" style=\"background-color: ; color: \">\r\n\r\n    \r\n                            <div class=\"hero__backgroundimage text-center mb-2 mb-sm-0\" style=\"background-image:url(https:\/\/forcitexplosives.fi\/wp-content\/uploads\/sites\/9\/2024\/02\/Forcit-Logistic-service.jpg);\">\r\n                    <div class=\"d-flex justify-content-center align-items-center h-100\">\r\n                    <div class=\"col-12 col-md-10 col-lg-8 col-xl-7\">\r\n                        <h1 class=\"text-white text-uppercase hero__headersize\">Transportservice<\/h1>\r\n                    <\/div>\r\n                    <\/div>\r\n                <\/div>\r\n            \r\n            \r\n    \r\n<\/div>\n\n\r\n<div  id=\"highlightblock\" class=\"highlightblock pb-5 py-5 break-out\" style=\"background-color: ; color: \">\r\n    <div class=\"container\">\r\n        <div class=\"row position-relative justify-content-md-center\">\r\n            <div class=\"col\" data-aos=\"fade-up\">\r\n                <div class=\"row\">\r\n                    <div class=\"col-12 col-md-8 ps-4 ps-md-3 pe-4 pe-md-5 lead\" data-aos=\"fade-up\" data-aos-delay=\"50\">\r\n                        <h4>I ett samh\u00e4lle d\u00e4r kraven st\u00e4ndigt sk\u00e4rps kan du vara s\u00e4ker p\u00e5 att vi levererar spr\u00e4ng\u00e4mnen till din arbetsplats i tid, s\u00e4kert och i enlighet med lagar och f\u00f6rordningar. V\u00e5r transportutrustning \u00e4r alltid uppdaterad och vi k\u00e4nner ocks\u00e5 i detalj till tillst\u00e5ndsfr\u00e5gorna.<\/h4>\n                    <\/div>\r\n                    <div class=\"col-12 col-md-4 ps-4 ps-md-5\" data-aos=\"fade-up\" data-aos-delay=\"150\">\r\n                                            <\/div>\r\n                <\/div>\r\n            <\/div>\r\n        <\/div>\r\n    <\/div>\r\n<\/div>\n\n\n<div class=\"wp-block-group alignfull is-style-brand-background-pattern-right\"><div class=\"wp-block-group__inner-container is-layout-flow wp-block-group-is-layout-flow\">\n<div style=\"height:40px\" aria-hidden=\"true\" class=\"wp-block-spacer\"><\/div>\n<\/div><\/div>\n\n\n\n<p data-aos=\"fade-up\">Transporttj\u00e4nster tillhandah\u00e5lls av alla v\u00e5ra servicestationer. V\u00e5rt omfattande stationsn\u00e4tet t\u00e4cker hela landet och garanterar snabb och p\u00e5litlig leverans \u00f6ver hela Finland d\u00e5 vi alltid \u00e4r n\u00e4ra v\u00e5ra kunder. V\u00e5r transporttj\u00e4nst h\u00e4mtar ocks\u00e5 spr\u00e4ng\u00e4mnen fr\u00e5n byggarbetsplatser till v\u00e5ra lagringsutrymmen f\u00f6r lagring vid behov.<\/p>\n\n\n\n<p data-aos=\"fade-up\">Vi har en bred och m\u00e5ngsidig utrustning till v\u00e5rt f\u00f6rfogande, som \u00e4r s\u00e4rskilt utformad f\u00f6r transport av spr\u00e4ng\u00e4mnen, med h\u00e4nsyn till alla s\u00e4kerhetsrelaterade f\u00f6reskrifter och lagar.<\/p>\n\n\n\n<p data-aos=\"fade-up\">St\u00f6rre leveranser ordnas ocks\u00e5 flexibelt med v\u00e5ra goda samarbetspartners.<\/p>\n\n\n\n<div class=\"wp-block-buttons is-layout-flex wp-block-buttons-is-layout-flex\">\n<div class=\"wp-block-button\" data-aos=\"fade-up\"><a class=\"wp-block-button__link wp-element-button\" href=\"https:\/\/forcitexplosives.fi\/sv\/yhteystiedot-3\/\" style=\"border-radius:0px\" target=\"_blank\" rel=\"noreferrer noopener\">Kontakta oss<\/a><\/div>\n<\/div>\n\n\n\n<div style=\"height:40px\" aria-hidden=\"true\" class=\"wp-block-spacer\"><\/div>\n\n\n\n<div class=\"wp-block-media-text alignwide is-stacked-on-mobile is-image-fill alignfull\" data-aos=\"fade-up\"><figure class=\"wp-block-media-text__media\" style=\"background-image:url(https:\/\/forcitexplosives.fi\/wp-content\/uploads\/sites\/9\/2023\/09\/200120-digitaaliset-web-medial-1-1024x461-1.jpg);background-position:50% 50%\"><img loading=\"lazy\" decoding=\"async\" width=\"1024\" height=\"461\" src=\"https:\/\/forcitexplosives.fi\/wp-content\/uploads\/sites\/9\/2023\/09\/200120-digitaaliset-web-medial-1-1024x461-1.jpg\" alt=\"\" class=\"wp-image-4296 size-full\" srcset=\"https:\/\/forcitexplosives.fi\/wp-content\/uploads\/sites\/9\/2023\/09\/200120-digitaaliset-web-medial-1-1024x461-1.jpg 1024w, https:\/\/forcitexplosives.fi\/wp-content\/uploads\/sites\/9\/2023\/09\/200120-digitaaliset-web-medial-1-1024x461-1-300x135.jpg 300w, https:\/\/forcitexplosives.fi\/wp-content\/uploads\/sites\/9\/2023\/09\/200120-digitaaliset-web-medial-1-1024x461-1-768x346.jpg 768w\" sizes=\"(max-width: 1024px) 100vw, 1024px\" \/><\/figure><div class=\"wp-block-media-text__content\">\n<h2 class=\"wp-block-heading\" data-aos=\"fade-up\" data-aos-delay=\"50\">Teknisk service<\/h2>\n\n\n\n<p data-aos=\"fade-up\" data-aos-delay=\"100\">Vi guidar v\u00e5ra kunder i anv\u00e4ndningen av produkterna, vid behov, b\u00e5de via telefon och p\u00e5 plats. Du f\u00e5r enkelt svar p\u00e5 alla dina fr\u00e5gor med ett telefonsamtal.<\/p>\n\n\n\n<div class=\"wp-block-buttons is-layout-flex wp-block-buttons-is-layout-flex\" data-aos=\"fade\">\n<div class=\"wp-block-button\" data-aos=\"fade-up\" data-aos-delay=\"150\"><a class=\"wp-block-button__link wp-element-button\" href=\"https:\/\/forcitexplosives.fi\/sv\/teknisk-service\/\" style=\"border-radius:0px\">L\u00e4s mer h\u00e4r<\/a><\/div>\n<\/div>\n<\/div><\/div>\n\n\n\n<div style=\"height:40px\" aria-hidden=\"true\" class=\"wp-block-spacer\" data-aos=\"fade\"><\/div>\n\n\n\n<div class=\"wp-block-media-text alignwide has-media-on-the-right is-stacked-on-mobile is-image-fill alignfull\" data-aos=\"fade-up\"><div class=\"wp-block-media-text__content\">\n<h2 class=\"wp-block-heading\" data-aos=\"fade-up\" data-aos-delay=\"50\">Laddservice<\/h2>\n\n\n\n<p data-aos=\"fade-up\" data-aos-delay=\"100\">Laddservice \u00e4r den bastj\u00e4nst vi erbjuder v\u00e5ra kunder, som kan bokas fr\u00e5n v\u00e5ra stationer \u00f6ver hela Finland. Laddservice kan best\u00e4llas p\u00e5 olika niv\u00e5er, alltid med h\u00e4nsyn till dina behov.<\/p>\n\n\n\n<div class=\"wp-block-buttons is-layout-flex wp-block-buttons-is-layout-flex\">\n<div class=\"wp-block-button\" data-aos=\"fade-up\" data-aos-delay=\"150\"><a class=\"wp-block-button__link wp-element-button\" href=\"https:\/\/forcitexplosives.fi\/sv\/laddservice\/\" style=\"border-radius:0px\">L\u00e4s mer h\u00e4r<\/a><\/div>\n<\/div>\n\n\n\n<p><\/p>\n<\/div><figure class=\"wp-block-media-text__media\" style=\"background-image:url(https:\/\/forcitexplosives.fi\/wp-content\/uploads\/sites\/9\/2020\/10\/191015-Forcit-Kaato-kentalla-web-media.jpg);background-position:50% 50%\"><img loading=\"lazy\" decoding=\"async\" width=\"702\" height=\"316\" src=\"https:\/\/forcitexplosives.fi\/wp-content\/uploads\/sites\/9\/2020\/10\/191015-Forcit-Kaato-kentalla-web-media.jpg\" alt=\"\" class=\"wp-image-1331 size-full\" srcset=\"https:\/\/forcitexplosives.fi\/wp-content\/uploads\/sites\/9\/2020\/10\/191015-Forcit-Kaato-kentalla-web-media.jpg 702w, https:\/\/forcitexplosives.fi\/wp-content\/uploads\/sites\/9\/2020\/10\/191015-Forcit-Kaato-kentalla-web-media-300x135.jpg 300w\" sizes=\"(max-width: 702px) 100vw, 702px\" \/><\/figure><\/div>\n","protected":false},"excerpt":{"rendered":"<p>Transporttj\u00e4nster tillhandah\u00e5lls av alla v\u00e5ra servicestationer. V\u00e5rt omfattande stationsn\u00e4tet t\u00e4cker hela landet och garanterar snabb och p\u00e5litlig leverans \u00f6ver hela Finland d\u00e5 vi alltid \u00e4r n\u00e4ra v\u00e5ra kunder. V\u00e5r transporttj\u00e4nst h\u00e4mtar ocks\u00e5 spr\u00e4ng\u00e4mnen fr\u00e5n byggarbetsplatser till v\u00e5ra lagringsutrymmen f\u00f6r lagring vid behov. Vi har en bred och m\u00e5ngsidig utrustning till v\u00e5rt f\u00f6rfogande, som \u00e4r s\u00e4rskilt [&#8230;]<\/p>\n<p><a class=\"btn btn-secondary understrap-read-more-link\" href=\"https:\/\/forcitexplosives.fi\/sv\/transport-service\/\">L\u00e4s mer \u2026<span class=\"screen-reader-text\"> from Transportservice<\/span><\/a><\/p>\n","protected":false},"author":1,"featured_media":0,"parent":0,"menu_order":0,"comment_status":"closed","ping_status":"closed","template":"","meta":{"_acf_changed":false,"_monsterinsights_skip_tracking":false,"_monsterinsights_sitenote_active":false,"_monsterinsights_sitenote_note":"","_monsterinsights_sitenote_category":0,"footnotes":""},"class_list":["post-1753","page","type-page","status-publish","hentry"],"acf":[],"_links":{"self":[{"href":"https:\/\/forcitexplosives.fi\/sv\/wp-json\/wp\/v2\/pages\/1753"}],"collection":[{"href":"https:\/\/forcitexplosives.fi\/sv\/wp-json\/wp\/v2\/pages"}],"about":[{"href":"https:\/\/forcitexplosives.fi\/sv\/wp-json\/wp\/v2\/types\/page"}],"author":[{"embeddable":true,"href":"https:\/\/forcitexplosives.fi\/sv\/wp-json\/wp\/v2\/users\/1"}],"replies":[{"embeddable":true,"href":"https:\/\/forcitexplosives.fi\/sv\/wp-json\/wp\/v2\/comments?post=1753"}],"version-history":[{"count":0,"href":"https:\/\/forcitexplosives.fi\/sv\/wp-json\/wp\/v2\/pages\/1753\/revisions"}],"wp:attachment":[{"href":"https:\/\/forcitexplosives.fi\/sv\/wp-json\/wp\/v2\/media?parent=1753"}],"curies":[{"name":"wp","href":"https:\/\/api.w.org\/{rel}","templated":true}]}}