{"id":1758,"date":"2020-08-26T09:55:03","date_gmt":"2020-08-26T06:55:03","guid":{"rendered":"https:\/\/forcitexplosives.fi\/?page_id=1758"},"modified":"2026-02-10T14:40:21","modified_gmt":"2026-02-10T12:40:21","slug":"service","status":"publish","type":"page","link":"https:\/\/forcitexplosives.fi\/sv\/service\/","title":{"rendered":"Service"},"content":{"rendered":"\r\n<div  class=\"hero alignfull break-out\" style=\"background-color: ; color: \">\r\n\r\n    \r\n                            <div class=\"hero__backgroundimage text-center mb-2 mb-sm-0\" style=\"background-image:url(https:\/\/forcitexplosives.fi\/wp-content\/uploads\/sites\/9\/2020\/09\/191015-Forcit-Kulloo-SuviSuovaara-0382_xlarge.jpg);\">\r\n                    <div class=\"d-flex justify-content-center align-items-center h-100\">\r\n                    <div class=\"col-12 col-md-10 col-lg-8 col-xl-7\">\r\n                        <h1 class=\"text-white text-uppercase hero__headersizelarge\">Service<\/h1>\r\n                    <\/div>\r\n                    <\/div>\r\n                <\/div>\r\n            \r\n            \r\n    \r\n<\/div>\n\n\r\n<div  id=\"highlightblock\" class=\"highlightblock pb-5 py-5 break-out\" style=\"background-color: ; color: \">\r\n    <div class=\"container\">\r\n        <div class=\"row position-relative justify-content-md-center\">\r\n            <div class=\"col\" data-aos=\"fade-up\">\r\n                <div class=\"row\">\r\n                    <div class=\"col-12 col-md-8 ps-4 ps-md-3 pe-4 pe-md-5 lead\" data-aos=\"fade-up\" data-aos-delay=\"50\">\r\n                        <h4>Vi tillhandah\u00e5ller ett brett utbud av tj\u00e4nster inom brytningsarbeten genom hela projektets livscykel, fr\u00e5n planeringsfasen av arbetet till bortskaffande av oanv\u00e4nda spr\u00e4ng\u00e4mnen.<\/h4>\n<h4>L\u00e4ngs v\u00e4gen kommer det att finnas lastningstj\u00e4nst, gr\u00e4vning och spr\u00e4ngningsteknologi, lagring, transport och licensieringstj\u00e4nster och ett brett utbud av utbildningstj\u00e4nster.<\/h4>\n                    <\/div>\r\n                    <div class=\"col-12 col-md-4 ps-4 ps-md-5\" data-aos=\"fade-up\" data-aos-delay=\"150\">\r\n                                            <\/div>\r\n                <\/div>\r\n            <\/div>\r\n        <\/div>\r\n    <\/div>\r\n<\/div>\n\n\n<div style=\"height:40px\" aria-hidden=\"true\" class=\"wp-block-spacer\"><\/div>\n\n\n\n<div class=\"wp-block-media-text alignwide is-stacked-on-mobile is-image-fill alignfull\" data-aos=\"fade-up\"><figure class=\"wp-block-media-text__media\" style=\"background-image:url(https:\/\/forcitexplosives.fi\/wp-content\/uploads\/sites\/9\/2020\/10\/191015-Forcit-Kaato-kentalla-web-media.jpg);background-position:50% 50%\"><img loading=\"lazy\" decoding=\"async\" width=\"702\" height=\"316\" src=\"https:\/\/forcitexplosives.fi\/wp-content\/uploads\/sites\/9\/2020\/10\/191015-Forcit-Kaato-kentalla-web-media.jpg\" alt=\"\" class=\"wp-image-1331 size-full\" srcset=\"https:\/\/forcitexplosives.fi\/wp-content\/uploads\/sites\/9\/2020\/10\/191015-Forcit-Kaato-kentalla-web-media.jpg 702w, https:\/\/forcitexplosives.fi\/wp-content\/uploads\/sites\/9\/2020\/10\/191015-Forcit-Kaato-kentalla-web-media-300x135.jpg 300w\" sizes=\"(max-width: 702px) 100vw, 702px\" \/><\/figure><div class=\"wp-block-media-text__content\">\n<h2 class=\"wp-block-heading\" data-aos=\"fade-up\" data-aos-delay=\"50\">Laddservice<\/h2>\n\n\n\n<p data-aos=\"fade-up\" data-aos-delay=\"100\">Vi erbjuder laddservice som en tj\u00e4nst \u00e5t v\u00e5ra kunder, vilka kan bokas fr\u00e5n v\u00e5ra servicestationer \u00f6ver hela landet. Laddservice kan best\u00e4llas p\u00e5 olika niv\u00e5er, alltid med h\u00e4nsyn till dina behov.<\/p>\n\n\n\n<div class=\"wp-block-buttons is-layout-flex wp-block-buttons-is-layout-flex\">\n<div class=\"wp-block-button\" data-aos=\"fade-up\" data-aos-delay=\"150\"><a class=\"wp-block-button__link wp-element-button\" href=\"https:\/\/forcitexplosives.fi\/sv\/laddservice\/\" style=\"border-radius:0px\">L\u00e4s mer h\u00e4r<\/a><\/div>\n<\/div>\n<\/div><\/div>\n\n\n\n<div style=\"height:40px\" aria-hidden=\"true\" class=\"wp-block-spacer\"><\/div>\n\n\n\n<div class=\"wp-block-media-text alignwide has-media-on-the-right is-stacked-on-mobile is-image-fill alignfull\" data-aos=\"fade-up\"><div class=\"wp-block-media-text__content\">\n<h2 class=\"wp-block-heading\" data-aos=\"fade-up\" data-aos-delay=\"50\">Transportservice<\/h2>\n\n\n\n<p data-aos=\"fade-up\" data-aos-delay=\"100\">I ett samh\u00e4lle d\u00e4r kraven st\u00e4ndigt sk\u00e4rps kan du vara s\u00e4ker p\u00e5 att vi levererar spr\u00e4ng\u00e4mnen till din arbetsplats i tid, s\u00e4kert och i enlighet med lagar och f\u00f6rordningar. V\u00e5r transportutrustning \u00e4r alltid uppdaterad och vi k\u00e4nner ocks\u00e5 i detalj till tillst\u00e5ndsfr\u00e5gorna.<\/p>\n\n\n\n<div class=\"wp-block-buttons is-layout-flex wp-block-buttons-is-layout-flex\">\n<div class=\"wp-block-button\" data-aos=\"fade-up\" data-aos-delay=\"150\"><a class=\"wp-block-button__link wp-element-button\" href=\"https:\/\/forcitexplosives.fi\/sv\/transport-service\/\" style=\"border-radius:0px\">L\u00e4s mer h\u00e4r<\/a><\/div>\n<\/div>\n<\/div><figure class=\"wp-block-media-text__media\" style=\"background-image:url(https:\/\/forcitexplosives.fi\/wp-content\/uploads\/sites\/9\/2023\/09\/Kuvablokki10.jpg);background-position:50% 50%\"><img loading=\"lazy\" decoding=\"async\" width=\"960\" height=\"771\" src=\"https:\/\/forcitexplosives.fi\/wp-content\/uploads\/sites\/9\/2023\/09\/Kuvablokki10.jpg\" alt=\"\" class=\"wp-image-4294 size-full\" srcset=\"https:\/\/forcitexplosives.fi\/wp-content\/uploads\/sites\/9\/2023\/09\/Kuvablokki10.jpg 960w, https:\/\/forcitexplosives.fi\/wp-content\/uploads\/sites\/9\/2023\/09\/Kuvablokki10-300x241.jpg 300w, https:\/\/forcitexplosives.fi\/wp-content\/uploads\/sites\/9\/2023\/09\/Kuvablokki10-768x617.jpg 768w\" sizes=\"(max-width: 960px) 100vw, 960px\" \/><\/figure><\/div>\n\n\n\n<div style=\"height:40px\" aria-hidden=\"true\" class=\"wp-block-spacer\"><\/div>\n\n\n\n<div class=\"wp-block-media-text alignwide is-stacked-on-mobile is-image-fill alignfull\" data-aos=\"fade-up\"><figure class=\"wp-block-media-text__media\" style=\"background-image:url(https:\/\/forcitexplosives.fi\/wp-content\/uploads\/sites\/9\/2023\/09\/200120-digitaaliset-web-medial-1-1024x461-1.jpg);background-position:50% 50%\"><img loading=\"lazy\" decoding=\"async\" width=\"1024\" height=\"461\" src=\"https:\/\/forcitexplosives.fi\/wp-content\/uploads\/sites\/9\/2023\/09\/200120-digitaaliset-web-medial-1-1024x461-1.jpg\" alt=\"\" class=\"wp-image-4296 size-full\" srcset=\"https:\/\/forcitexplosives.fi\/wp-content\/uploads\/sites\/9\/2023\/09\/200120-digitaaliset-web-medial-1-1024x461-1.jpg 1024w, https:\/\/forcitexplosives.fi\/wp-content\/uploads\/sites\/9\/2023\/09\/200120-digitaaliset-web-medial-1-1024x461-1-300x135.jpg 300w, https:\/\/forcitexplosives.fi\/wp-content\/uploads\/sites\/9\/2023\/09\/200120-digitaaliset-web-medial-1-1024x461-1-768x346.jpg 768w\" sizes=\"(max-width: 1024px) 100vw, 1024px\" \/><\/figure><div class=\"wp-block-media-text__content\">\n<h2 class=\"wp-block-heading\" data-aos=\"fade-up\" data-aos-delay=\"50\">Teknisk service<\/h2>\n\n\n\n<p data-aos=\"fade-up\" data-aos-delay=\"100\">Vi guidar v\u00e5ra kunder i anv\u00e4ndningen av produkterna, vid behov, b\u00e5de via telefon och p\u00e5 plats. F\u00e5 svar p\u00e5 dina fr\u00e5gor med ett telefonsamtal!<\/p>\n\n\n\n<div class=\"wp-block-buttons is-layout-flex wp-block-buttons-is-layout-flex\">\n<div class=\"wp-block-button\" data-aos=\"fade-up\" data-aos-delay=\"150\"><a class=\"wp-block-button__link wp-element-button\" href=\"https:\/\/forcitexplosives.fi\/sv\/teknisk-service\/\" style=\"border-radius:0px\">L\u00e4s mer h\u00e4r<\/a><\/div>\n<\/div>\n<\/div><\/div>\n\n\n\n<div style=\"height:40px\" aria-hidden=\"true\" class=\"wp-block-spacer\"><\/div>\n\n\n\n<div class=\"wp-block-media-text alignwide has-media-on-the-right is-stacked-on-mobile is-image-fill alignfull\" data-aos=\"fade-up\"><div class=\"wp-block-media-text__content\">\n<h2 class=\"wp-block-heading\" data-aos=\"fade-up\" data-aos-delay=\"50\">Lagring och licensiering<\/h2>\n\n\n\n<p data-aos=\"fade-up\" data-aos-delay=\"100\">Vi f\u00f6rser v\u00e5ra kunder med lagringstj\u00e4nster p\u00e5 v\u00e5ra stationer f\u00f6r att f\u00f6rb\u00e4ttra s\u00e4kerheten. Dessutom kan du genom oss hyra lager som \u00e4r l\u00e4mpliga f\u00f6r lagring och f\u00f6rvaring p\u00e5 plats.<\/p>\n\n\n\n<p data-aos=\"fade-up\" data-aos-delay=\"100\">Vi st\u00f6der ocks\u00e5 v\u00e5ra kunder i egna lagerlicensieringsprocesser.<\/p>\n\n\n\n<div class=\"wp-block-buttons is-layout-flex wp-block-buttons-is-layout-flex\">\n<div class=\"wp-block-button\" data-aos=\"fade-up\" data-aos-delay=\"150\"><a class=\"wp-block-button__link wp-element-button\" href=\"https:\/\/forcitexplosives.fi\/sv\/lagring-och-lisensiering\/\" style=\"border-radius:0px\">L\u00e4s mer h\u00e4r<\/a><\/div>\n<\/div>\n<\/div><figure class=\"wp-block-media-text__media\" style=\"background-image:url(https:\/\/forcitexplosives.fi\/wp-content\/uploads\/sites\/9\/2020\/09\/Kuvablokki8.jpg);background-position:50% 50%\"><img loading=\"lazy\" decoding=\"async\" width=\"960\" height=\"640\" src=\"https:\/\/forcitexplosives.fi\/wp-content\/uploads\/sites\/9\/2020\/09\/Kuvablokki8.jpg\" alt=\"\" class=\"wp-image-454 size-full\" srcset=\"https:\/\/forcitexplosives.fi\/wp-content\/uploads\/sites\/9\/2020\/09\/Kuvablokki8.jpg 960w, https:\/\/forcitexplosives.fi\/wp-content\/uploads\/sites\/9\/2020\/09\/Kuvablokki8-300x200.jpg 300w, https:\/\/forcitexplosives.fi\/wp-content\/uploads\/sites\/9\/2020\/09\/Kuvablokki8-768x512.jpg 768w\" sizes=\"(max-width: 960px) 100vw, 960px\" \/><\/figure><\/div>\n\n\n\n<div style=\"height:40px\" aria-hidden=\"true\" class=\"wp-block-spacer\"><\/div>\n\n\n\n<div class=\"wp-block-media-text alignwide is-stacked-on-mobile is-image-fill alignfull\" data-aos=\"fade-up\"><figure class=\"wp-block-media-text__media\" style=\"background-image:url(https:\/\/forcitexplosives.fi\/wp-content\/uploads\/sites\/9\/2023\/09\/FORCIT_koulutus_web_960x360.jpg);background-position:50% 50%\"><img loading=\"lazy\" decoding=\"async\" width=\"960\" height=\"360\" src=\"https:\/\/forcitexplosives.fi\/wp-content\/uploads\/sites\/9\/2023\/09\/FORCIT_koulutus_web_960x360.jpg\" alt=\"\" class=\"wp-image-6410 size-full\" srcset=\"https:\/\/forcitexplosives.fi\/wp-content\/uploads\/sites\/9\/2023\/09\/FORCIT_koulutus_web_960x360.jpg 960w, https:\/\/forcitexplosives.fi\/wp-content\/uploads\/sites\/9\/2023\/09\/FORCIT_koulutus_web_960x360-300x113.jpg 300w, https:\/\/forcitexplosives.fi\/wp-content\/uploads\/sites\/9\/2023\/09\/FORCIT_koulutus_web_960x360-768x288.jpg 768w\" sizes=\"(max-width: 960px) 100vw, 960px\" \/><\/figure><div class=\"wp-block-media-text__content\">\n<h2 class=\"wp-block-heading\" data-aos=\"fade-up\" data-aos-delay=\"50\">Spr\u00e4ng\u00e4mnesutbildning och samarbete<\/h2>\n\n\n\n<p data-aos=\"fade-up\" data-aos-delay=\"100\">Vi deltar aktivt i att utbilda m\u00e4nniskor som kommer till branschen s\u00e5v\u00e4l som de som redan arbetar i branschen. Vi arbetar ocks\u00e5 i n\u00e4ra samarbete med olika utbildningsinstitutioner.<\/p>\n\n\n\n<p data-aos=\"fade-up\" data-aos-delay=\"100\">Du hittar all utbildning du beh\u00f6ver fr\u00e5n oss b\u00e5de f\u00f6r att beh\u00e5lla dina yrkeskunskaper och f\u00f6r att l\u00e4ra dig n\u00e5got nytt.<\/p>\n\n\n\n<div class=\"wp-block-buttons is-layout-flex wp-block-buttons-is-layout-flex\">\n<div class=\"wp-block-button is-style-fill\" data-aos=\"fade-up\" data-aos-delay=\"150\"><a class=\"wp-block-button__link wp-element-button\" href=\"https:\/\/forcitexplosives.fi\/sv\/utbildning-och-samarbete\/\">L\u00e4s mer h\u00e4r<\/a><\/div>\n<\/div>\n<\/div><\/div>\n","protected":false},"excerpt":{"rendered":"<p> [&#8230;]<\/p>\n<p><a class=\"btn btn-secondary understrap-read-more-link\" href=\"https:\/\/forcitexplosives.fi\/sv\/service\/\">L\u00e4s mer \u2026<span class=\"screen-reader-text\"> from Service<\/span><\/a><\/p>\n","protected":false},"author":1,"featured_media":0,"parent":0,"menu_order":0,"comment_status":"closed","ping_status":"closed","template":"","meta":{"_acf_changed":false,"_monsterinsights_skip_tracking":false,"_monsterinsights_sitenote_active":false,"_monsterinsights_sitenote_note":"","_monsterinsights_sitenote_category":0,"footnotes":""},"class_list":["post-1758","page","type-page","status-publish","hentry"],"acf":[],"_links":{"self":[{"href":"https:\/\/forcitexplosives.fi\/sv\/wp-json\/wp\/v2\/pages\/1758"}],"collection":[{"href":"https:\/\/forcitexplosives.fi\/sv\/wp-json\/wp\/v2\/pages"}],"about":[{"href":"https:\/\/forcitexplosives.fi\/sv\/wp-json\/wp\/v2\/types\/page"}],"author":[{"embeddable":true,"href":"https:\/\/forcitexplosives.fi\/sv\/wp-json\/wp\/v2\/users\/1"}],"replies":[{"embeddable":true,"href":"https:\/\/forcitexplosives.fi\/sv\/wp-json\/wp\/v2\/comments?post=1758"}],"version-history":[{"count":0,"href":"https:\/\/forcitexplosives.fi\/sv\/wp-json\/wp\/v2\/pages\/1758\/revisions"}],"wp:attachment":[{"href":"https:\/\/forcitexplosives.fi\/sv\/wp-json\/wp\/v2\/media?parent=1758"}],"curies":[{"name":"wp","href":"https:\/\/api.w.org\/{rel}","templated":true}]}}