{"id":1764,"date":"2020-10-06T13:40:22","date_gmt":"2020-10-06T10:40:22","guid":{"rendered":"https:\/\/forcitexplosives.fi\/?page_id=1764"},"modified":"2026-02-10T14:50:18","modified_gmt":"2026-02-10T12:50:18","slug":"laddservice","status":"publish","type":"page","link":"https:\/\/forcitexplosives.fi\/sv\/laddservice\/","title":{"rendered":"Laddservice"},"content":{"rendered":"\r\n<div  class=\"hero alignfull break-out\" style=\"background-color: ; color: \">\r\n\r\n    \r\n                            <div class=\"hero__backgroundimage text-center mb-2 mb-sm-0\" style=\"background-image:url(https:\/\/forcitexplosives.fi\/wp-content\/uploads\/sites\/9\/2024\/02\/Forcit-Charging-service-web-banner.jpg);\">\r\n                    <div class=\"d-flex justify-content-center align-items-center h-100\">\r\n                    <div class=\"col-12 col-md-10 col-lg-8 col-xl-7\">\r\n                        <h1 class=\"text-white text-uppercase hero__headersizelarge\">Laddservice<\/h1>\r\n                    <\/div>\r\n                    <\/div>\r\n                <\/div>\r\n            \r\n            \r\n    \r\n<\/div>\n\n\r\n<div  id=\"highlightblock\" class=\"highlightblock pb-5 py-5 break-out\" style=\"background-color: ; color: \">\r\n    <div class=\"container\">\r\n        <div class=\"row position-relative justify-content-md-center\">\r\n            <div class=\"col\" data-aos=\"fade-up\">\r\n                <div class=\"row\">\r\n                    <div class=\"col-12 col-md-8 ps-4 ps-md-3 pe-4 pe-md-5 lead\" data-aos=\"fade-up\" data-aos-delay=\"50\">\r\n                        <h4>Vi erbjuder laddservice som kan bokas fr\u00e5n v\u00e5ra servicestationer \u00f6ver hela Sverige. Servicen kan best\u00e4llas stationsvis beroende p\u00e5 v\u00e5ra tillg\u00e4ngliga resurser, b\u00e5de f\u00f6r enstaka behov eller med ett separat avtal f\u00f6r l\u00e5ngsiktiga projekt.<\/h4>\n                    <\/div>\r\n                    <div class=\"col-12 col-md-4 ps-4 ps-md-5\" data-aos=\"fade-up\" data-aos-delay=\"150\">\r\n                                            <\/div>\r\n                <\/div>\r\n            <\/div>\r\n        <\/div>\r\n    <\/div>\r\n<\/div>\n\n\n<div style=\"height:40px\" aria-hidden=\"true\" class=\"wp-block-spacer\"><\/div>\n\n\n\n<p data-aos=\"fade-up\">Laddservice kan inneh\u00e5lla t.ex. f\u00f6ljande uppgifter:<\/p>\n\n\n\n<ul class=\"wp-block-list\" data-aos=\"fade-up\">\n<li data-aos=\"fade-up\">Transport av spr\u00e4ng\u00e4mnen till laddningsplatsen<\/li>\n\n\n\n<li data-aos=\"fade-up\">Applicera f\u00f6rfyllningen<\/li>\n\n\n\n<li data-aos=\"fade-up\">Applicera bottenladdning<\/li>\n\n\n\n<li data-aos=\"fade-up\">Koppling av salvan under Laddares kontroll och \u00f6vervakning<\/li>\n\n\n\n<li data-aos=\"fade-up\">Fungerar som skjutvakt i enlighet med instruktionerna fr\u00e5n spr\u00e4ngningsledaren eller Laddaren<\/li>\n\n\n\n<li data-aos=\"fade-up\">Fungerar som trafikledare under spr\u00e4ngningen (Tieturva I + riktning tillhandah\u00e5llen av kunden)<\/li>\n\n\n\n<li data-aos=\"fade-up\">Sortering och paketering av returnerade produkter p\u00e5 kundens v\u00e4gnar<\/li>\n\n\n\n<li data-aos=\"fade-up\">Hantering och bortskaffande av spr\u00e4ng\u00e4mnen som har returnerats av kunden<\/li>\n<\/ul>\n\n\n\r\n<div class=\"col\" data-aos=\"fade-up\">\r\n\r\n<\/div>\r\n\r\n<div class=\"contacts pb-3\">\r\n\r\n    \r\n<div class=\"container\">\r\n\r\n    <div class=\"row listContact__highlightboxeswrapper position-relative justify-content-md-center filterable\">\r\n        <div class=\"col\">\r\n            <div class=\"row\">\r\n                \r\n                    <div class=\"col-12 col-md-6 col-lg-4 col-xl-4 py-3 pe-4 filterableItem\" data-aos=\"\" data-aos-delay=\"50\">\r\n\r\n                                                                                    \r\n\r\n                                <div class=\"row\">\r\n                                                                            <div class=\"col-4 col-xl-4\">\r\n                                            <div class=\"contactPersonPhotoWrapper\">\r\n                                                <img decoding=\"async\" src=\"https:\/\/forcitexplosives.fi\/wp-content\/uploads\/sites\/9\/2020\/08\/SAH9369-Edit-2_1_xlarge-200x300.jpg\" class=\"contactPersonPhoto\" alt=\"Photo of Jarkko Manninen\">                                            <\/div>\r\n                                        <\/div>\r\n                                        <div class=\"col-8 col-xl-8\">\r\n                                            \r\n                                        \r\n                                                                                        <span class=\"fw-bold\" style=\"white-space:nowrap;\">Jarkko Manninen<\/span>\r\n                                            \r\n                                                                                        <br>Technical Manager                                            \r\n                                        \r\n                                        \r\n                                                                                                                                    <a href=\"tel:+358 50 3066 995\" class=\"fw-bold mt-2 d-block\" style=\"color: #000;\">+358 50 3066 995<\/a>\r\n                                                                                    \r\n                                                                                                                                    <a href=\"mailto:jarkko.manninen@forcit.fi\" class=\"d-block\"><strong>Skicka e-post \u00bb<\/strong><\/a>\r\n                                                                                    \r\n                                        \r\n                                    <\/div>\r\n                                <\/div>\r\n\r\n\r\n                        \r\n                    \r\n                    <\/div>\r\n\r\n                                <\/div>\r\n        <\/div>\r\n    <\/div>\r\n\r\n<\/div>\r\n\r\n    \r\n<\/div>\n\n\n<div style=\"height:40px\" aria-hidden=\"true\" class=\"wp-block-spacer\"><\/div>\n\n\n\n<p data-aos=\"fade-up\">Om det finns behov av en mer omfattande tj\u00e4nst relaterad till laddningsarbeten, g\u00e4ller det \u00f6vrigt kr\u00e4vande laddningsarbete. I s\u00e5dana fall uppr\u00e4ttas ett separat skriftligt Avtal om laddningstj\u00e4nster.<strong> <\/strong>Tj\u00e4nsten kan d\u00e5 omfatta arbetsuppgifter som motsvarar en spr\u00e4ngares ansvar, s\u00e5som uppr\u00e4ttande av laddningsplan f\u00f6r f\u00e4ltet, laddning och spr\u00e4ngning.<\/p>\n\n\n\n<p>Laddningstj\u00e4nsten kan best\u00e4llas n\u00e4r de anv\u00e4nda spr\u00e4ng\u00e4mnena \u00e4r tillverkade av oss eller importerade av oss.<\/p>\n\n\n\n<p data-aos=\"fade-up\">\u00c4ven assisterande tj\u00e4nster finns tillg\u00e4ngliga. Dessa inkluderar bland annat:<\/p>\n\n\n\n<ul class=\"wp-block-list\">\n<li>Mottagning och hantering av material som returneras fr\u00e5n tj\u00e4nsten<\/li>\n\n\n\n<li>Utskick av produkter p\u00e5 kundens v\u00e4gnar<\/li>\n\n\n\n<li>Andra arbetsuppgifter som r\u00f6r hanteringen av kundlager<\/li>\n\n\n\n<li>Supporttj\u00e4nster f\u00f6r T&amp;T\u2011systemen<\/li>\n<\/ul>\n\n\n\n<div class=\"wp-block-buttons is-layout-flex wp-block-buttons-is-layout-flex\">\n<div class=\"wp-block-button\" data-aos=\"fade-up\"><a class=\"wp-block-button__link wp-element-button\" href=\"https:\/\/forcitexplosives.fi\/sv\/yhteystiedot-3\/\" style=\"border-radius:0px\" target=\"_blank\" rel=\"noreferrer noopener\">Kontakta oss<\/a><\/div>\n<\/div>\n\n\n\n<div style=\"height:40px\" aria-hidden=\"true\" class=\"wp-block-spacer\"><\/div>\n\n\n\n<div class=\"wp-block-media-text alignwide has-media-on-the-right is-stacked-on-mobile is-image-fill alignfull\" data-aos=\"fade-up\"><div class=\"wp-block-media-text__content\">\n<h2 class=\"wp-block-heading\" data-aos=\"fade-up\" data-aos-delay=\"50\">Transportservice<\/h2>\n\n\n\n<p data-aos=\"fade-up\" data-aos-delay=\"100\">I&nbsp;ett samh\u00e4lle d\u00e4r kraven st\u00e4ndigt sk\u00e4rps kan du vara s\u00e4ker p\u00e5 att vi levererar spr\u00e4ng\u00e4mnen till din arbetsplats i tid, s\u00e4kert och i enlighet med lagar och f\u00f6rordningar. V\u00e5r transportutrustning \u00e4r alltid uppdaterad och vi ocks\u00e5 en god kunskap ang\u00e5ende tillst\u00e5ndsfr\u00e5gor.<\/p>\n\n\n\n<div class=\"wp-block-buttons is-layout-flex wp-block-buttons-is-layout-flex\">\n<div class=\"wp-block-button\" data-aos=\"fade-up\" data-aos-delay=\"150\"><a class=\"wp-block-button__link wp-element-button\" href=\"https:\/\/forcitexplosives.fi\/sv\/transport-service\/\" style=\"border-radius:0px\">L\u00e4s mer h\u00e4r<\/a><\/div>\n<\/div>\n<\/div><figure class=\"wp-block-media-text__media\" style=\"background-image:url(https:\/\/forcitexplosives.fi\/wp-content\/uploads\/sites\/9\/2023\/09\/Kuvablokki10.jpg);background-position:50% 50%\"><img loading=\"lazy\" decoding=\"async\" width=\"960\" height=\"771\" src=\"https:\/\/forcitexplosives.fi\/wp-content\/uploads\/sites\/9\/2023\/09\/Kuvablokki10.jpg\" alt=\"\" class=\"wp-image-4294 size-full\" srcset=\"https:\/\/forcitexplosives.fi\/wp-content\/uploads\/sites\/9\/2023\/09\/Kuvablokki10.jpg 960w, https:\/\/forcitexplosives.fi\/wp-content\/uploads\/sites\/9\/2023\/09\/Kuvablokki10-300x241.jpg 300w, https:\/\/forcitexplosives.fi\/wp-content\/uploads\/sites\/9\/2023\/09\/Kuvablokki10-768x617.jpg 768w\" sizes=\"(max-width: 960px) 100vw, 960px\" \/><\/figure><\/div>\n\n\n\n<div style=\"height:40px\" aria-hidden=\"true\" class=\"wp-block-spacer\"><\/div>\n\n\n\n<div class=\"wp-block-media-text alignwide is-stacked-on-mobile is-image-fill alignfull\" data-aos=\"fade-up\"><figure class=\"wp-block-media-text__media\" style=\"background-image:url(https:\/\/forcitexplosives.fi\/wp-content\/uploads\/sites\/9\/2023\/09\/200120-digitaaliset-web-medial-1-1024x461-1.jpg);background-position:50% 50%\"><img loading=\"lazy\" decoding=\"async\" width=\"1024\" height=\"461\" src=\"https:\/\/forcitexplosives.fi\/wp-content\/uploads\/sites\/9\/2023\/09\/200120-digitaaliset-web-medial-1-1024x461-1.jpg\" alt=\"\" class=\"wp-image-4296 size-full\" srcset=\"https:\/\/forcitexplosives.fi\/wp-content\/uploads\/sites\/9\/2023\/09\/200120-digitaaliset-web-medial-1-1024x461-1.jpg 1024w, https:\/\/forcitexplosives.fi\/wp-content\/uploads\/sites\/9\/2023\/09\/200120-digitaaliset-web-medial-1-1024x461-1-300x135.jpg 300w, https:\/\/forcitexplosives.fi\/wp-content\/uploads\/sites\/9\/2023\/09\/200120-digitaaliset-web-medial-1-1024x461-1-768x346.jpg 768w\" sizes=\"(max-width: 1024px) 100vw, 1024px\" \/><\/figure><div class=\"wp-block-media-text__content\">\n<h2 class=\"wp-block-heading\" data-aos=\"fade-up\" data-aos-delay=\"50\">Teknisk service<\/h2>\n\n\n\n<p data-aos=\"fade-up\" data-aos-delay=\"100\">Vi guidar v\u00e5ra kunder i anv\u00e4ndningen av produkterna, vid behov, b\u00e5de via telefon och p\u00e5 plats. Du f\u00e5r enkelt svar p\u00e5 alla dina fr\u00e5gor med ett telefonsamtal.<\/p>\n\n\n\n<div class=\"wp-block-buttons is-layout-flex wp-block-buttons-is-layout-flex\">\n<div class=\"wp-block-button\" data-aos=\"fade-up\" data-aos-delay=\"150\"><a class=\"wp-block-button__link wp-element-button\" href=\"https:\/\/forcitexplosives.fi\/sv\/teknisk-service\/\" style=\"border-radius:0px\">L\u00e4s mer h\u00e4r<\/a><\/div>\n<\/div>\n<\/div><\/div>\n","protected":false},"excerpt":{"rendered":"<p>Laddservice kan inneh\u00e5lla t.ex. f\u00f6ljande uppgifter: Om det finns behov av en mer omfattande tj\u00e4nst relaterad till laddningsarbeten, g\u00e4ller det \u00f6vrigt kr\u00e4vande laddningsarbete. I s\u00e5dana fall uppr\u00e4ttas ett separat skriftligt Avtal om laddningstj\u00e4nster. Tj\u00e4nsten kan d\u00e5 omfatta arbetsuppgifter som motsvarar en spr\u00e4ngares ansvar, s\u00e5som uppr\u00e4ttande av laddningsplan f\u00f6r f\u00e4ltet, laddning och spr\u00e4ngning. Laddningstj\u00e4nsten kan best\u00e4llas [&#8230;]<\/p>\n<p><a class=\"btn btn-secondary understrap-read-more-link\" href=\"https:\/\/forcitexplosives.fi\/sv\/laddservice\/\">L\u00e4s mer \u2026<span class=\"screen-reader-text\"> from Laddservice<\/span><\/a><\/p>\n","protected":false},"author":1,"featured_media":0,"parent":0,"menu_order":0,"comment_status":"closed","ping_status":"closed","template":"","meta":{"_acf_changed":false,"_monsterinsights_skip_tracking":false,"_monsterinsights_sitenote_active":false,"_monsterinsights_sitenote_note":"","_monsterinsights_sitenote_category":0,"footnotes":""},"class_list":["post-1764","page","type-page","status-publish","hentry"],"acf":[],"_links":{"self":[{"href":"https:\/\/forcitexplosives.fi\/sv\/wp-json\/wp\/v2\/pages\/1764"}],"collection":[{"href":"https:\/\/forcitexplosives.fi\/sv\/wp-json\/wp\/v2\/pages"}],"about":[{"href":"https:\/\/forcitexplosives.fi\/sv\/wp-json\/wp\/v2\/types\/page"}],"author":[{"embeddable":true,"href":"https:\/\/forcitexplosives.fi\/sv\/wp-json\/wp\/v2\/users\/1"}],"replies":[{"embeddable":true,"href":"https:\/\/forcitexplosives.fi\/sv\/wp-json\/wp\/v2\/comments?post=1764"}],"version-history":[{"count":0,"href":"https:\/\/forcitexplosives.fi\/sv\/wp-json\/wp\/v2\/pages\/1764\/revisions"}],"wp:attachment":[{"href":"https:\/\/forcitexplosives.fi\/sv\/wp-json\/wp\/v2\/media?parent=1764"}],"curies":[{"name":"wp","href":"https:\/\/api.w.org\/{rel}","templated":true}]}}