{"id":1791,"date":"2020-10-06T13:41:15","date_gmt":"2020-10-06T10:41:15","guid":{"rendered":"https:\/\/forcitexplosives.fi\/?page_id=1791"},"modified":"2026-02-11T13:11:45","modified_gmt":"2026-02-11T11:11:45","slug":"teknisk-service","status":"publish","type":"page","link":"https:\/\/forcitexplosives.fi\/sv\/teknisk-service\/","title":{"rendered":"Teknisk service"},"content":{"rendered":"\r\n<div  class=\"hero alignfull break-out\" style=\"background-color: ; color: \">\r\n\r\n    \r\n                            <div class=\"hero__backgroundimage text-center mb-2 mb-sm-0\" style=\"background-image:url(https:\/\/forcitexplosives.fi\/wp-content\/uploads\/sites\/9\/2024\/02\/Forcit-Technical-service-web-banner.jpg);\">\r\n                    <div class=\"d-flex justify-content-center align-items-center h-100\">\r\n                    <div class=\"col-12 col-md-10 col-lg-8 col-xl-7\">\r\n                        <h1 class=\"text-white text-uppercase hero__headersize\">Teknisk service<\/h1>\r\n                    <\/div>\r\n                    <\/div>\r\n                <\/div>\r\n            \r\n            \r\n    \r\n<\/div>\n\n\r\n<div  id=\"highlightblock\" class=\"highlightblock pb-5 py-5 break-out\" style=\"background-color: ; color: \">\r\n    <div class=\"container\">\r\n        <div class=\"row position-relative justify-content-md-center\">\r\n            <div class=\"col\" data-aos=\"fade-up\">\r\n                <div class=\"row\">\r\n                    <div class=\"col-12 col-md-8 ps-4 ps-md-3 pe-4 pe-md-5 lead\" data-aos=\"fade-up\" data-aos-delay=\"50\">\r\n                        <h4>Vi guidar v\u00e5ra kunder i anv\u00e4ndningen av produkterna, vid behov, b\u00e5de via telefon och p\u00e5 plats. Du f\u00e5r enkelt svar p\u00e5 alla dina fr\u00e5gor med ett telefonsamtal.<\/h4>\n<h4>P\u00e5 detta s\u00e4tt f\u00f6rser vi v\u00e5ra kunder med n\u00f6dv\u00e4ndig information f\u00f6r korrekt, passande, s\u00e4ker och ekonomisk anv\u00e4ndning av produkterna.<\/h4>\n                    <\/div>\r\n                    <div class=\"col-12 col-md-4 ps-4 ps-md-5\" data-aos=\"fade-up\" data-aos-delay=\"150\">\r\n                                            <\/div>\r\n                <\/div>\r\n            <\/div>\r\n        <\/div>\r\n    <\/div>\r\n<\/div>\n\n\n<div style=\"height:40px\" aria-hidden=\"true\" class=\"wp-block-spacer\"><\/div>\n\n\n\n<h2 class=\"wp-block-heading\" data-aos=\"fade-up\">Elektroniska detonatorer och anv\u00e4ndarutbildning och support<\/h2>\n\n\n\n<p data-aos=\"fade-up\">I samband med introduktion och anv\u00e4ndning av elektroniska detonatorer arbetar vi i n\u00e4ra samarbete med kunden och utbildar nyckelpersoner i anv\u00e4ndningen av produkterna. Vid behov \u00e4r vi involverade i planering, programmering och implementering av projekt. Du kan ocks\u00e5 fr\u00e5ga oss om anv\u00e4ndbara tips f\u00f6r hur du anv\u00e4nder v\u00e5ra produkter.<\/p>\n\n\n\n<div style=\"height:40px\" aria-hidden=\"true\" class=\"wp-block-spacer\"><\/div>\n\n\n\n<h2 class=\"wp-block-heading\" data-aos=\"fade-up\">Vi \u00e4r starkt engagerade i att utveckla s\u00e4kerheten i v\u00e5r bransch<\/h2>\n\n\n\n<p data-aos=\"fade-up\">Via v\u00e5r tekniska service kan du best\u00e4lla expertis f\u00f6r att optimera spr\u00e4ngningsarbetet. Den information vi tillhandah\u00e5ller f\u00f6rb\u00e4ttrar n\u00e4stan alltid s\u00e4kerheten p\u00e5 brytningsplatsen. Till exempel erbjuder vi spr\u00e4ngdesign och optimering av brytning med O-Pitblast-programvaran.<\/p>\n\n\n\n<div style=\"height:40px\" aria-hidden=\"true\" class=\"wp-block-spacer\"><\/div>\n\n\n\n<div class=\"wp-block-group\"><div class=\"wp-block-group__inner-container is-layout-flow wp-block-group-is-layout-flow\">\n<div class=\"wp-block-columns alignwide is-layout-flex wp-container-core-columns-is-layout-1 wp-block-columns-is-layout-flex\">\n<div class=\"wp-block-column is-layout-flow wp-block-column-is-layout-flow\">\n<h2 class=\"wp-block-heading\" data-aos=\"fade-up\">H\u00e5lm\u00e4tningstj\u00e4nster<\/h2>\n\n\n\n<p data-aos=\"fade-up\">M\u00e4tningstj\u00e4nsten inkluderar en omfattande analys av brytningsplatsen som grundinformation f\u00f6r laddningssarbetet. Den kontrollerar b\u00e5de topografin p\u00e5 platsen och borrningsresultatet innan laddningsarbetet p\u00e5b\u00f6rjas. Med hj\u00e4lp av dessa kan 3D-modellering anv\u00e4ndas f\u00f6r att ge Laddaren en noggrann l\u00e4gesanalys av m\u00e5let f\u00f6r att st\u00f6dja planeringen av laddningsarbetet.<\/p>\n<\/div>\n\n\n\n<div class=\"wp-block-column is-layout-flow wp-block-column-is-layout-flow\">\n<figure class=\"wp-block-image size-full is-style-default\"><img loading=\"lazy\" decoding=\"async\" width=\"534\" height=\"534\" src=\"https:\/\/forcitexplosives.fi\/wp-content\/uploads\/sites\/9\/2023\/12\/191015-Forcit-Fordev-web-box.jpeg\" alt=\"\" class=\"wp-image-4579\" srcset=\"https:\/\/forcitexplosives.fi\/wp-content\/uploads\/sites\/9\/2023\/12\/191015-Forcit-Fordev-web-box.jpeg 534w, https:\/\/forcitexplosives.fi\/wp-content\/uploads\/sites\/9\/2023\/12\/191015-Forcit-Fordev-web-box-300x300.jpeg 300w, https:\/\/forcitexplosives.fi\/wp-content\/uploads\/sites\/9\/2023\/12\/191015-Forcit-Fordev-web-box-150x150.jpeg 150w\" sizes=\"(max-width: 534px) 100vw, 534px\" \/><\/figure>\n<\/div>\n<\/div>\n<\/div><\/div>\n\n\n\n<div style=\"height:40px\" aria-hidden=\"true\" class=\"wp-block-spacer\"><\/div>\n\n\n\n<p data-aos=\"fade-up\">M\u00e4tningstj\u00e4nsten inneh\u00e5ller:<\/p>\n\n\n\n<ul class=\"wp-block-list\">\n<li data-aos=\"fade-up\">M\u00e4tning av h\u00e5lens rakhet med Fordev-m\u00e4tningssystemet f\u00f6r h\u00e5lriktning<\/li>\n\n\n\n<li data-aos=\"fade-up\">V\u00e4ggscanning<\/li>\n\n\n\n<li data-aos=\"fade-up\">H\u00e5lpositionering och<\/li>\n\n\n\n<li data-aos=\"fade-up\">Rapportering p\u00e5 kundens brytningsplats<\/li>\n<\/ul>\n\n\n\n<p data-aos=\"fade-up\">M\u00e4tningen sker endast efter en separat \u00f6verenskommelse och projektspecifikt.<\/p>\n\n\n\r\n<div class=\"col\" data-aos=\"fade-up\">\r\n\r\n<\/div>\r\n\r\n<div class=\"contacts pb-3\">\r\n\r\n    \r\n<div class=\"container\">\r\n\r\n    <div class=\"row listContact__highlightboxeswrapper position-relative justify-content-md-center filterable\">\r\n        <div class=\"col\">\r\n            <div class=\"row\">\r\n                \r\n                    <div class=\"col-12 col-md-6 col-lg-4 col-xl-4 py-3 pe-4 filterableItem\" data-aos=\"\" data-aos-delay=\"50\">\r\n\r\n                                                                                    \r\n\r\n                                <div class=\"row\">\r\n                                                                            <div class=\"col-4 col-xl-4\">\r\n                                            <div class=\"contactPersonPhotoWrapper\">\r\n                                                <img decoding=\"async\" src=\"https:\/\/forcitexplosives.fi\/wp-content\/uploads\/sites\/9\/2020\/08\/SAH9369-Edit-2_1_xlarge-200x300.jpg\" class=\"contactPersonPhoto\" alt=\"Photo of Jarkko Manninen\">                                            <\/div>\r\n                                        <\/div>\r\n                                        <div class=\"col-8 col-xl-8\">\r\n                                            \r\n                                        \r\n                                                                                        <span class=\"fw-bold\" style=\"white-space:nowrap;\">Jarkko Manninen<\/span>\r\n                                            \r\n                                                                                        <br>Technical Manager                                            \r\n                                        \r\n                                        \r\n                                                                                                                                    <a href=\"tel:+358 50 3066 995\" class=\"fw-bold mt-2 d-block\" style=\"color: #000;\">+358 50 3066 995<\/a>\r\n                                                                                    \r\n                                                                                                                                    <a href=\"mailto:jarkko.manninen@forcit.fi\" class=\"d-block\"><strong>Skicka e-post \u00bb<\/strong><\/a>\r\n                                                                                    \r\n                                        \r\n                                    <\/div>\r\n                                <\/div>\r\n\r\n\r\n                        \r\n                    \r\n                    <\/div>\r\n\r\n                                <\/div>\r\n        <\/div>\r\n    <\/div>\r\n\r\n<\/div>\r\n\r\n    \r\n<\/div>\n\n\n<div style=\"height:40px\" aria-hidden=\"true\" class=\"wp-block-spacer\"><\/div>\n\n\n\n<div class=\"wp-block-media-text alignwide has-media-on-the-right is-stacked-on-mobile is-image-fill alignfull\" data-aos=\"fade-up\"><div class=\"wp-block-media-text__content\">\n<h2 class=\"wp-block-heading\" data-aos=\"fade-up\" data-aos-delay=\"50\">Lagring och licensiering<\/h2>\n\n\n\n<p data-aos=\"fade-up\" data-aos-delay=\"100\">Vi f\u00f6rser v\u00e5ra kunder med lagringstj\u00e4nster p\u00e5 v\u00e5ra stationer f\u00f6r att f\u00f6rb\u00e4ttra s\u00e4kerheten. Hos oss kan du dessutom hyra beh\u00e5llare som \u00e4r l\u00e4mpliga f\u00f6r lagring och f\u00f6rvaring av explosiva varor p\u00e5 plats.<\/p>\n\n\n\n<p data-aos=\"fade-up\" data-aos-delay=\"100\">Vi st\u00f6der ocks\u00e5 v\u00e5ra kunder i deras processer f\u00f6r f\u00f6rvaringstillst\u00e5nd.<\/p>\n\n\n\n<div class=\"wp-block-buttons is-layout-flex wp-block-buttons-is-layout-flex\">\n<div class=\"wp-block-button\" data-aos=\"fade-up\" data-aos-delay=\"150\"><a class=\"wp-block-button__link wp-element-button\" href=\"https:\/\/forcitexplosives.fi\/sv\/lagring-och-lisensiering\/\" style=\"border-radius:0px\">L\u00e4s mer h\u00e4r<\/a><\/div>\n<\/div>\n<\/div><figure class=\"wp-block-media-text__media\" style=\"background-image:url(https:\/\/forcitexplosives.fi\/wp-content\/uploads\/sites\/9\/2020\/09\/Kuvablokki8.jpg);background-position:50% 50%\"><img loading=\"lazy\" decoding=\"async\" width=\"960\" height=\"640\" src=\"https:\/\/forcitexplosives.fi\/wp-content\/uploads\/sites\/9\/2020\/09\/Kuvablokki8.jpg\" alt=\"\" class=\"wp-image-454 size-full\" srcset=\"https:\/\/forcitexplosives.fi\/wp-content\/uploads\/sites\/9\/2020\/09\/Kuvablokki8.jpg 960w, https:\/\/forcitexplosives.fi\/wp-content\/uploads\/sites\/9\/2020\/09\/Kuvablokki8-300x200.jpg 300w, https:\/\/forcitexplosives.fi\/wp-content\/uploads\/sites\/9\/2020\/09\/Kuvablokki8-768x512.jpg 768w\" sizes=\"(max-width: 960px) 100vw, 960px\" \/><\/figure><\/div>\n\n\n\n<div style=\"height:40px\" aria-hidden=\"true\" class=\"wp-block-spacer\"><\/div>\n\n\n\n<div class=\"wp-block-media-text alignwide is-stacked-on-mobile is-image-fill alignfull\" data-aos=\"fade-up\"><figure class=\"wp-block-media-text__media\" style=\"background-image:url(https:\/\/forcitexplosives.fi\/wp-content\/uploads\/sites\/9\/2023\/09\/FORCIT_koulutus_web_960x360.jpg);background-position:50% 50%\"><img loading=\"lazy\" decoding=\"async\" width=\"960\" height=\"360\" src=\"https:\/\/forcitexplosives.fi\/wp-content\/uploads\/sites\/9\/2023\/09\/FORCIT_koulutus_web_960x360.jpg\" alt=\"\" class=\"wp-image-6410 size-full\" srcset=\"https:\/\/forcitexplosives.fi\/wp-content\/uploads\/sites\/9\/2023\/09\/FORCIT_koulutus_web_960x360.jpg 960w, https:\/\/forcitexplosives.fi\/wp-content\/uploads\/sites\/9\/2023\/09\/FORCIT_koulutus_web_960x360-300x113.jpg 300w, https:\/\/forcitexplosives.fi\/wp-content\/uploads\/sites\/9\/2023\/09\/FORCIT_koulutus_web_960x360-768x288.jpg 768w\" sizes=\"(max-width: 960px) 100vw, 960px\" \/><\/figure><div class=\"wp-block-media-text__content\">\n<h2 class=\"wp-block-heading\" data-aos=\"fade-up\" data-aos-delay=\"50\">Spr\u00e4ng\u00e4mnesutbildning och samarbete<\/h2>\n\n\n\n<p data-aos=\"fade-up\" data-aos-delay=\"100\">Vi deltar aktivt i att utbilda nya personer i branschen s\u00e5v\u00e4l som de som redan arbetar i branschen. Vi arbetar ocks\u00e5 n\u00e4ra med olika utbildningsinstitutioner.<\/p>\n\n\n\n<p data-aos=\"fade-up\" data-aos-delay=\"100\">All utbildning du beh\u00f6ver kan du f\u00e5 hos oss, b\u00e5de f\u00f6r att beh\u00e5lla dina yrkeskunskaper och f\u00f6r att l\u00e4ra dig n\u00e5got nytt.<\/p>\n\n\n\n<div class=\"wp-block-buttons is-layout-flex wp-block-buttons-is-layout-flex\">\n<div class=\"wp-block-button\" data-aos=\"fade-up\" data-aos-delay=\"150\"><a class=\"wp-block-button__link wp-element-button\" href=\"https:\/\/forcitexplosives.fi\/sv\/utbildning-och-samarbete\/\" style=\"border-radius:0px\">L\u00e4s mer h\u00e4r<\/a><\/div>\n<\/div>\n<\/div><\/div>\n","protected":false},"excerpt":{"rendered":"<p>Elektroniska detonatorer och anv\u00e4ndarutbildning och support I samband med introduktion och anv\u00e4ndning av elektroniska detonatorer arbetar vi i n\u00e4ra samarbete med kunden och utbildar nyckelpersoner i anv\u00e4ndningen av produkterna. Vid behov \u00e4r vi involverade i planering, programmering och implementering av projekt. Du kan ocks\u00e5 fr\u00e5ga oss om anv\u00e4ndbara tips f\u00f6r hur du anv\u00e4nder v\u00e5ra produkter. [&#8230;]<\/p>\n<p><a class=\"btn btn-secondary understrap-read-more-link\" href=\"https:\/\/forcitexplosives.fi\/sv\/teknisk-service\/\">L\u00e4s mer \u2026<span class=\"screen-reader-text\"> from Teknisk service<\/span><\/a><\/p>\n","protected":false},"author":1,"featured_media":0,"parent":0,"menu_order":0,"comment_status":"closed","ping_status":"closed","template":"","meta":{"_acf_changed":false,"_monsterinsights_skip_tracking":false,"_monsterinsights_sitenote_active":false,"_monsterinsights_sitenote_note":"","_monsterinsights_sitenote_category":0,"footnotes":""},"class_list":["post-1791","page","type-page","status-publish","hentry"],"acf":[],"_links":{"self":[{"href":"https:\/\/forcitexplosives.fi\/sv\/wp-json\/wp\/v2\/pages\/1791"}],"collection":[{"href":"https:\/\/forcitexplosives.fi\/sv\/wp-json\/wp\/v2\/pages"}],"about":[{"href":"https:\/\/forcitexplosives.fi\/sv\/wp-json\/wp\/v2\/types\/page"}],"author":[{"embeddable":true,"href":"https:\/\/forcitexplosives.fi\/sv\/wp-json\/wp\/v2\/users\/1"}],"replies":[{"embeddable":true,"href":"https:\/\/forcitexplosives.fi\/sv\/wp-json\/wp\/v2\/comments?post=1791"}],"version-history":[{"count":0,"href":"https:\/\/forcitexplosives.fi\/sv\/wp-json\/wp\/v2\/pages\/1791\/revisions"}],"wp:attachment":[{"href":"https:\/\/forcitexplosives.fi\/sv\/wp-json\/wp\/v2\/media?parent=1791"}],"curies":[{"name":"wp","href":"https:\/\/api.w.org\/{rel}","templated":true}]}}