{"id":1803,"date":"2020-10-05T15:20:06","date_gmt":"2020-10-05T12:20:06","guid":{"rendered":"https:\/\/forcitexplosives.fi\/?page_id=1803"},"modified":"2026-02-05T10:42:14","modified_gmt":"2026-02-05T08:42:14","slug":"integritets-cookie-policy","status":"publish","type":"page","link":"https:\/\/forcitexplosives.fi\/sv\/integritets-cookie-policy\/","title":{"rendered":"Integritets &amp; Cookie Policy"},"content":{"rendered":"\r\n<div  class=\"hero alignfull break-out\" style=\"background-color: ; color: \">\r\n\r\n    \r\n            \r\n            \r\n    \r\n<\/div>\n\n\n<div style=\"height:40px\" aria-hidden=\"true\" class=\"wp-block-spacer\"><\/div>\n\n\n\n<h2 class=\"wp-block-heading\">Integritetspolicy<\/h2>\n\n\n\n<p><strong>Oy Forcit Ab<\/strong> f\u00f6rbinder sig att skydda integriteten f\u00f6r personer som representerar v\u00e5ra externa intressenter. V\u00e5ra externa intressenter inkluderar kunder (inklusive deras representanter), leverant\u00f6rer, arbetss\u00f6kande och bes\u00f6kare p\u00e5 webbplatsen. Denna integritetspolicy \u00e4r avsedd att informera representanter f\u00f6r v\u00e5ra externa intressenter om behandlingen av deras personuppgifter av Forcit.<\/p>\n\n\n\n<p><br><strong>Personuppgiftsansvarig och kontaktuppgifter<\/strong><br>Oy Forcit Ab (FO-nummer: 0103189-6)<br>Forcitintie 37<br>FI-10900 Hang\u00f6<br>Finland<br>F\u00f6r information om dataskydd och behandling av personuppgifter, v\u00e4nligen kontakta <a href=\"mailto:dataprivacy@forcit.fi\">dataprivacy@forcit.fi<\/a><\/p>\n\n\n\n<p><br><strong>Vilka uppgifter samlar vi in<\/strong><br>Beroende p\u00e5 din relation med Forcit kan vi samla in f\u00f6ljande kategorier av personuppgifter:<\/p>\n\n\n\n<ul class=\"wp-block-list\">\n<li><strong>Identifierings- och kontaktinformation:<\/strong> s\u00e5som namn, befattning, e-postadress, telefonnummer, f\u00f6retagsnamn och adress.<\/li>\n\n\n\n<li><strong>Information relaterad till aff\u00e4rsverksamhet: <\/strong>s\u00e5som kommunikation med Forcit, k\u00f6phistorik, avtalsdetaljer och yrkesbakgrund (t.ex. vid rekrytering).<\/li>\n\n\n\n<li><strong>Rekryteringsdata (arbetss\u00f6kande):<\/strong> s\u00e5som CV och ans\u00f6kningsinformation, utbildnings- och arbetslivserfarenhet, f\u00e4rdigheter och kvalifikationer, intervjuanteckningar och eventuella referenser.<\/li>\n\n\n\n<li><strong>Uppgifter som frivilligt l\u00e4mnas av den registrerade<\/strong>, s\u00e5som inneh\u00e5llet i meddelanden som skickas till oss via formul\u00e4r, ans\u00f6kningar eller e-post.<\/li>\n\n\n\n<li><strong>Tekniska och anv\u00e4ndningsdata (vid bes\u00f6k p\u00e5 v\u00e5r webbplats):<\/strong><\/li>\n<\/ul>\n\n\n\n<p>&#8211; IP-adress<br>&#8211; Enhetstyp och webbl\u00e4sarinformation<br>&#8211; Datum, tid och varaktighet f\u00f6r bes\u00f6k<br>&#8211; Bes\u00f6kta sidor och interaktionsbeteende<br>&#8211; Cookie-identifierare och online-sp\u00e5rningsdata<br><\/p>\n\n\n\n<p>Vissa av dessa uppgifter anv\u00e4nds endast i aggregerad eller anonymiserad form och kan inte anv\u00e4ndas f\u00f6r att identifiera dig.<\/p>\n\n\n\n<p><br><strong>Syftet med anv\u00e4ndningen av data<\/strong><\/p>\n\n\n\n<ul class=\"wp-block-list\">\n<li>Samarbete med leverant\u00f6rer och andra aff\u00e4rspartners (hantering av ink\u00f6p och leverant\u00f6rsrelationer)<\/li>\n\n\n\n<li>Kundrelationshantering och kommunikation (hantering av best\u00e4llningar, avtal, kundservice och kontaktf\u00f6rfr\u00e5gningar)<\/li>\n\n\n\n<li>Webbplatsens drift och f\u00f6rb\u00e4ttring (s\u00e4kerst\u00e4llande av s\u00e4kerhet och funktion, analys av webbtrafik och anv\u00e4ndning)<\/li>\n\n\n\n<li>Uppfyllande av juridiska och lagstadgade skyldigheter (bokf\u00f6ring, skatt och regulatoriska krav)<\/li>\n\n\n\n<li>Rekrytering (behandling av jobbans\u00f6kningar, utv\u00e4rdering av kandidater och hantering av rekryteringsprocesser)<\/li>\n<\/ul>\n\n\n\n<p><br><strong>R\u00e4ttslig grund f\u00f6r behandling av personuppgifter<\/strong><br>Forcit behandlar personuppgifter baserat p\u00e5 f\u00f6ljande grunder:<br><\/p>\n\n\n\n<ul class=\"wp-block-list\">\n<li>Verkst\u00e4llande av avtal: F\u00f6r hantering av kundrelationer och uppfyllande av avtalsf\u00f6rpliktelser.<\/li>\n\n\n\n<li>R\u00e4ttslig skyldighet: F\u00f6r att uppfylla lagstadgade krav, s\u00e5som bokf\u00f6rings- och skattelagar.<\/li>\n\n\n\n<li>Ber\u00e4ttigade intressen: Till exempel f\u00f6r att uppr\u00e4tth\u00e5lla och utveckla v\u00e5r verksamhet, hantera och utveckla intressentrelationer, s\u00e4kerst\u00e4lla s\u00e4kerheten f\u00f6r v\u00e5ra tj\u00e4nster samt fastst\u00e4lla, g\u00f6ra g\u00e4llande eller f\u00f6rsvara r\u00e4ttsliga anspr\u00e5k.<\/li>\n\n\n\n<li>Samtycke: F\u00f6r aktiviteter som att skicka nyhetsbrev eller anv\u00e4nda icke-n\u00f6dv\u00e4ndiga cookies, d\u00e4r uttryckligt samtycke kr\u00e4vs.<\/li>\n<\/ul>\n\n\n\n<p><br><strong>Den registrerades r\u00e4ttigheter<\/strong><\/p>\n\n\n\n<ul class=\"wp-block-list\">\n<li>Registrerade har r\u00e4tt att veta vilken information som har samlats in om dem<\/li>\n\n\n\n<li>Registrerade har r\u00e4tt att beg\u00e4ra r\u00e4ttelse av uppgifter om dem<\/li>\n\n\n\n<li>Registrerade har r\u00e4tt att beg\u00e4ra radering (borttagning) av uppgifter om dem<\/li>\n\n\n\n<li>Registrerade har r\u00e4tt att f\u00e5 sina personuppgifter i ett strukturerat, allm\u00e4nt anv\u00e4nt och maskinl\u00e4sbart format och att \u00f6verf\u00f6ra dessa uppgifter till en annan personuppgiftsansvarig<\/li>\n\n\n\n<li>Registrerade har r\u00e4tt att inv\u00e4nda mot behandling av deras personuppgifter baserat p\u00e5 ber\u00e4ttigade intressen eller f\u00f6r direktmarknadsf\u00f6rings\u00e4ndam\u00e5l<\/li>\n\n\n\n<li>Registrerade har r\u00e4tt att beg\u00e4ra begr\u00e4nsning av behandlingen av deras personuppgifter i vissa situationer (till exempel medan uppgifternas riktighet verifieras)<\/li>\n\n\n\n<li>Om behandlingen baseras p\u00e5 samtycke har registrerade r\u00e4tt att n\u00e4r som helst \u00e5terkalla sitt samtycke. \u00c5terkallande p\u00e5verkar inte lagligheten av behandling som utf\u00f6rts f\u00f6re \u00e5terkallandet<\/li>\n\n\n\n<li>Registrerade har r\u00e4tt att l\u00e4mna in ett klagom\u00e5l till tillsynsmyndigheten (Dataskyddsombudsmannen i Finland, l\u00e4nk: <a href=\"http:\/\/www.tietosuoja.fi\">www.tietosuoja.fi<\/a> om de anser att deras dataskyddsr\u00e4ttigheter har kr\u00e4nkts<\/li>\n<\/ul>\n\n\n\n<p><br><strong>Lagring, skydd och behandling av data<\/strong><br>Personuppgifter lagras s\u00e4kert och behandlas endast av personer som m\u00e5ste g\u00f6ra det f\u00f6r att utf\u00f6ra sina arbetsuppgifter. V\u00e5r personal \u00e4r utbildad i att arbeta ansvarsfullt i enlighet med kraven i EU:s allm\u00e4nna dataskyddsf\u00f6rordning (GDPR).<br>Vi lagrar personuppgifter under den period som \u00e4r n\u00f6dv\u00e4ndig f\u00f6r de \u00e4ndam\u00e5l som beskrivs i denna integritetspolicy och f\u00f6r att uppfylla juridiska skyldigheter. Personuppgifter kan raderas eller anonymiseras n\u00e4r de inte l\u00e4ngre beh\u00f6vs f\u00f6r dessa \u00e4ndam\u00e5l eller n\u00e4r vi \u00e4r skyldiga att g\u00f6ra det enligt lag, eller p\u00e5 beg\u00e4ran av den registrerade d\u00e4r det \u00e4r till\u00e4mpligt. Den finska bokf\u00f6ringslagen kr\u00e4ver till exempel att vissa typer av uppgifter lagras under l\u00e4ngre perioder, oavsett om de inneh\u00e5ller personuppgifter. Vi samlar ocks\u00e5 in loggdata, som lagras under den period som kr\u00e4vs enligt lag. Till exempel lagras kund- och leverant\u00f6rsinformation relaterad till avtal vanligtvis under avtalets giltighetstid och under en viss period d\u00e4refter f\u00f6r att uppfylla juridiska skyldigheter eller f\u00f6r att fastst\u00e4lla, ut\u00f6va eller f\u00f6rsvara r\u00e4ttsliga anspr\u00e5k.<\/p>\n\n\n\n<p><br><strong>Beg\u00e4ran om \u00e5tkomst och radering av personuppgifter<\/strong><br>N\u00e4r vi svarar p\u00e5 beg\u00e4randen fr\u00e5n registrerade om att f\u00e5 \u00e5tkomst till, r\u00e4tta eller radera sina personuppgifter m\u00e5ste vi f\u00f6rst verifiera beg\u00e4rarens identitet. Den registrerade kan styrka sin identitet p\u00e5 v\u00e5rt kontor genom att visa en officiell identitetshandling eller genom alternativa elektroniska metoder som tillr\u00e4ckligt s\u00e4kerst\u00e4ller och verifierar den registrerades identitet. Tidsbokning f\u00f6r bes\u00f6k p\u00e5 v\u00e5rt kontor f\u00f6r dessa \u00e4ndam\u00e5l m\u00e5ste g\u00f6ras i f\u00f6rv\u00e4g via e-post till <a href=\"mailto:dataprivacy@forcit.fi\">dataprivacy@forcit.fi<\/a><\/p>\n\n\n\n<p><br><strong>Utl\u00e4mnande av uppgifter till tredje part<\/strong><br>Vi kan l\u00e4mna ut personuppgifter till myndigheter n\u00e4r vi \u00e4r skyldiga att g\u00f6ra det enligt lag. I vissa fall anv\u00e4nder vi ocks\u00e5 tredjepartsleverant\u00f6rer (personuppgiftsbitr\u00e4den) f\u00f6r att tillhandah\u00e5lla till exempel IT-, moln-, kommunikations-, rekryterings- eller andra st\u00f6dtj\u00e4nster. Dessa tj\u00e4nsteleverant\u00f6rer kan behandla personuppgifter f\u00f6r v\u00e5r r\u00e4kning och endast i enlighet med v\u00e5ra instruktioner. Vi s\u00e4kerst\u00e4ller genom avtal och andra \u00e5tg\u00e4rder att v\u00e5ra tj\u00e4nsteleverant\u00f6rer skyddar personuppgifter p\u00e5 ett l\u00e4mpligt s\u00e4tt och i enlighet med till\u00e4mpliga dataskyddslagar.<\/p>\n\n\n\n<p><br><strong>\u00d6verf\u00f6ring av data utanf\u00f6r EU\/EES<\/strong><br>Om personuppgifter \u00f6verf\u00f6rs utanf\u00f6r Europeiska unionen (EU) eller Europeiska ekonomiska samarbetsomr\u00e5det (EES) s\u00e4kerst\u00e4ller Forcit att l\u00e4mpliga skydds\u00e5tg\u00e4rder finns p\u00e5 plats, s\u00e5som standardavtalsklausuler som godk\u00e4nts av Europeiska kommissionen eller andra mekanismer som till\u00e5ts enligt kapitel V i GDPR.<\/p>\n\n\n\n<p><br><strong>Cookies<\/strong><br>V\u00e5r webbplats anv\u00e4nder cookies f\u00f6r att f\u00f6rb\u00e4ttra anv\u00e4ndarupplevelsen, analysera webbtrafik och st\u00f6dja v\u00e5ra marknadsf\u00f6ringsinsatser. Icke-n\u00f6dv\u00e4ndiga cookies (t.ex. f\u00f6r analys eller reklam) aktiveras endast med anv\u00e4ndarens uttryckliga samtycke.<br>Anv\u00e4ndare kan hantera sina cookieinst\u00e4llningar via v\u00e5r cookie-samtyckesbanner eller inst\u00e4llningssida (hyperl\u00e4nk kommer att l\u00e4ggas till). Detaljerad information om typerna av cookies vi anv\u00e4nder, deras syften och hur man kontrollerar dem finns i v\u00e5r Cookiepolicy (ner).<\/p>\n\n\n\n<p><br><strong>\u00c4ndringar i integritetspolicyn<\/strong><br>Vi f\u00f6rbeh\u00e5ller oss r\u00e4tten att \u00e4ndra denna integritetspolicy, till exempel i samband med \u00e4ndringar eller f\u00f6rtydliganden av lagstiftningen. Betydande \u00e4ndringar meddelas om separat.<br><br><\/p>\n\n\n\n<div style=\"height:100px\" aria-hidden=\"true\" class=\"wp-block-spacer\"><\/div>\n\n\n\n<h2 class=\"wp-block-heading\">Cookie Policy<\/h2>\n\n\n\n<p>Denna Cookie Policy f\u00f6rklarar hur Forcit Group anv\u00e4nder cookies och liknande teknologi p\u00e5 v\u00e5r webbplats. Den beskriver vad cookies \u00e4r, hur vi anv\u00e4nder dem och vilka valm\u00f6jligheter du har. Vi \u00e4r m\u00e5na om att skydda din integritet och s\u00e4kerst\u00e4lla transparens i enlighet med EU:s allm\u00e4nna dataskyddsf\u00f6rordning (GDPR).<\/p>\n\n\n\n<p><strong>Vad \u00e4r cookies?<br><\/strong><br>Cookies \u00e4r sm\u00e5 textfiler som lagras p\u00e5 din enhet n\u00e4r du bes\u00f6ker en webbplats. De hj\u00e4lper webbplatser att komma ih\u00e5g dina handlingar och preferenser under en viss tid, s\u00e5 att du inte beh\u00f6ver ange dem igen varje g\u00e5ng du \u00e5terv\u00e4nder till webbplatsen eller navigerar fr\u00e5n en sida till en annan. Cookies kan vara f\u00f6rstapartscookies (satta av oss) eller tredjepartscookies (satta av andra tj\u00e4nster vi anv\u00e4nder).<\/p>\n\n\n\n<p><strong>Hur vi anv\u00e4nder cookies<\/strong><br><br>Vi anv\u00e4nder cookies f\u00f6r att f\u00f6rb\u00e4ttra din surfupplevelse, f\u00f6rst\u00e5 hur v\u00e5r webbplats anv\u00e4nds och f\u00f6rb\u00e4ttra dess prestanda. Tabellen nedan visar vilka cookies vi anv\u00e4nder, deras syfte och hur l\u00e4nge de lagras p\u00e5 din enhet:<\/p>\n\n\n\n<figure class=\"wp-block-table\"><table class=\"has-fixed-layout\"><tbody><tr><td><strong>Cookiens namn<\/strong><\/td><td><strong>Typ<\/strong><\/td><td><strong>Syfte<\/strong><\/td><td><strong>Lagringstid<\/strong><\/td><td><strong>Leverant\u00f6r<\/strong><\/td><\/tr><tr><td>_ga<\/td><td>Analys<\/td><td>Google Analytics s\u00e4tter denna cookie f\u00f6r att lagra och r\u00e4kna sidvisningar.<\/td><td>13 m\u00e5nader<\/td><td>Google<\/td><\/tr><tr><td>_ga_R4WR34679W<\/td><td>Analys<\/td><td>Google Analytics s\u00e4tter denna cookie f\u00f6r att lagra och r\u00e4kna sidvisningar.<\/td><td>13 m\u00e5nader<\/td><td>Google<\/td><\/tr><tr><td>_pk_id.266.7c62<\/td><td>Analys<\/td><td>Matomo s\u00e4tter denna cookie f\u00f6r att lagra ett unikt anv\u00e4ndar-ID.<\/td><td>13 m\u00e5nader<\/td><td>Matomo<\/td><\/tr><tr><td>_pk_ses.266.7c62<\/td><td>Analys<\/td><td>Matomo s\u00e4tter denna cookie f\u00f6r att lagra ett unikt anv\u00e4ndar-ID.<\/td><td>&lt; 1 dag<\/td><td>Matomo<\/td><\/tr><tr><td>wp-wpml_current_language<\/td><td>Funktionell<\/td><td>WordPress flerspr\u00e5kigt plugin s\u00e4tter denna cookie f\u00f6r att lagra det aktuella spr\u00e5ket\/spr\u00e5kinst\u00e4llningarna.<\/td><td>Session<\/td><td>forcitexplosives.fi<\/td><\/tr><\/tbody><\/table><\/figure>\n\n\n\n<p><br><strong>R\u00e4ttslig grund f\u00f6r anv\u00e4ndning av cookies<\/strong><br><br>I enlighet med GDPR och finsk lag anv\u00e4nder vi strikt n\u00f6dv\u00e4ndiga och funktionella cookies baserat p\u00e5 v\u00e5rt ber\u00e4ttigade intresse (Artikel 6(1)(f) GDPR). Analyscookies anv\u00e4nds endast med ditt uttryckliga samtycke (Artikel 6(1)(a) GDPR). Vi anv\u00e4nder inte cookies f\u00f6r profilering eller riktad reklam.<\/p>\n\n\n\n<p><strong>Hantera dina cookieinst\u00e4llningar<\/strong><br><br>N\u00e4r du bes\u00f6ker v\u00e5r webbplats f\u00f6r f\u00f6rsta g\u00e5ngen ombeds du att ge samtycke till anv\u00e4ndningen av analyscookies. Du kan acceptera eller avvisa cookies via cookie-bannern och \u00e4ndra dina inst\u00e4llningar n\u00e4r som helst via den l\u00e4nk som tillhandah\u00e5lls i inst\u00e4llningarna.<br>Du kan ocks\u00e5 hantera och radera cookies direkt via din webbl\u00e4sares inst\u00e4llningar. Att inaktivera vissa cookies kan p\u00e5verka hur webbplatsen fungerar.<\/p>\n\n\n\n<p><strong>Data\u00f6verf\u00f6ringar och tredje parter<\/strong><br><br>Vissa cookies (som Google Analytics) kan leda till att data \u00f6verf\u00f6rs utanf\u00f6r EU\/EES. Vi s\u00e4kerst\u00e4ller att s\u00e5dana \u00f6verf\u00f6ringar f\u00f6ljer GDPR genom att anv\u00e4nda l\u00e4mpliga skydds\u00e5tg\u00e4rder, s\u00e5som standardavtalsklausuler som godk\u00e4nts av Europeiska kommissionen.<\/p>\n\n\n\n<p><strong>Dina r\u00e4ttigheter<\/strong><br><br>Du har r\u00e4tt att n\u00e4r som helst \u00e5terkalla ditt samtycke, beg\u00e4ra tillg\u00e5ng till eller radering av dina personuppgifter samt l\u00e4mna in ett klagom\u00e5l till den finska dataskyddsombudsmannen (Tietosuojavaltuutetun toimisto, l\u00e4nk: <a href=\"http:\/\/www.tietosuoja.fi\/\">http:\/\/www.tietosuoja.fi\/<\/a>).<\/p>\n\n\n\n<p><\/p>\n","protected":false},"excerpt":{"rendered":"<p>Integritetspolicy Oy Forcit Ab f\u00f6rbinder sig att skydda integriteten f\u00f6r personer som representerar v\u00e5ra externa intressenter. V\u00e5ra externa intressenter inkluderar kunder (inklusive deras representanter), leverant\u00f6rer, arbetss\u00f6kande och bes\u00f6kare p\u00e5 webbplatsen. Denna integritetspolicy \u00e4r avsedd att informera representanter f\u00f6r v\u00e5ra externa intressenter om behandlingen av deras personuppgifter av Forcit. Personuppgiftsansvarig och kontaktuppgifterOy Forcit Ab (FO-nummer: 0103189-6)Forcitintie [&#8230;]<\/p>\n<p><a class=\"btn btn-secondary understrap-read-more-link\" href=\"https:\/\/forcitexplosives.fi\/sv\/integritets-cookie-policy\/\">L\u00e4s mer \u2026<span class=\"screen-reader-text\"> from Integritets &amp; Cookie Policy<\/span><\/a><\/p>\n","protected":false},"author":1,"featured_media":0,"parent":0,"menu_order":0,"comment_status":"closed","ping_status":"closed","template":"","meta":{"_acf_changed":false,"_monsterinsights_skip_tracking":false,"_monsterinsights_sitenote_active":false,"_monsterinsights_sitenote_note":"","_monsterinsights_sitenote_category":0,"footnotes":""},"class_list":["post-1803","page","type-page","status-publish","hentry"],"acf":[],"_links":{"self":[{"href":"https:\/\/forcitexplosives.fi\/sv\/wp-json\/wp\/v2\/pages\/1803"}],"collection":[{"href":"https:\/\/forcitexplosives.fi\/sv\/wp-json\/wp\/v2\/pages"}],"about":[{"href":"https:\/\/forcitexplosives.fi\/sv\/wp-json\/wp\/v2\/types\/page"}],"author":[{"embeddable":true,"href":"https:\/\/forcitexplosives.fi\/sv\/wp-json\/wp\/v2\/users\/1"}],"replies":[{"embeddable":true,"href":"https:\/\/forcitexplosives.fi\/sv\/wp-json\/wp\/v2\/comments?post=1803"}],"version-history":[{"count":0,"href":"https:\/\/forcitexplosives.fi\/sv\/wp-json\/wp\/v2\/pages\/1803\/revisions"}],"wp:attachment":[{"href":"https:\/\/forcitexplosives.fi\/sv\/wp-json\/wp\/v2\/media?parent=1803"}],"curies":[{"name":"wp","href":"https:\/\/api.w.org\/{rel}","templated":true}]}}