{"id":1809,"date":"2020-10-06T13:43:50","date_gmt":"2020-10-06T10:43:50","guid":{"rendered":"https:\/\/forcitexplosives.fi\/?page_id=1809"},"modified":"2026-02-11T13:14:04","modified_gmt":"2026-02-11T11:14:04","slug":"lagring-och-lisensiering","status":"publish","type":"page","link":"https:\/\/forcitexplosives.fi\/sv\/lagring-och-lisensiering\/","title":{"rendered":"Lagring och licensiering"},"content":{"rendered":"\r\n<div  class=\"hero alignfull break-out\" style=\"background-color: ; color: \">\r\n\r\n    \r\n                            <div class=\"hero__backgroundimage text-center mb-2 mb-sm-0\" style=\"background-image:url(https:\/\/forcitexplosives.fi\/wp-content\/uploads\/sites\/9\/2024\/02\/Forcit-Storage-and-licence-web-banner.jpg);\">\r\n                    <div class=\"d-flex justify-content-center align-items-center h-100\">\r\n                    <div class=\"col-12 col-md-10 col-lg-8 col-xl-7\">\r\n                        <h1 class=\"text-white text-uppercase hero__headersize\">Lagring och licensiering<\/h1>\r\n                    <\/div>\r\n                    <\/div>\r\n                <\/div>\r\n            \r\n            \r\n    \r\n<\/div>\n\n\r\n<div  id=\"highlightblock\" class=\"highlightblock pb-5 py-5 break-out\" style=\"background-color: ; color: \">\r\n    <div class=\"container\">\r\n        <div class=\"row position-relative justify-content-md-center\">\r\n            <div class=\"col\" data-aos=\"fade-up\">\r\n                <div class=\"row\">\r\n                    <div class=\"col-12 col-md-8 ps-4 ps-md-3 pe-4 pe-md-5 lead\" data-aos=\"fade-up\" data-aos-delay=\"50\">\r\n                        <h4>Vi f\u00f6rser v\u00e5ra kunder med lagringstj\u00e4nster p\u00e5 v\u00e5ra stationer f\u00f6r att f\u00f6rb\u00e4ttra s\u00e4kerheten. Dessutom kan du genom oss hyra lager som \u00e4r l\u00e4mpliga f\u00f6r lagring och f\u00f6rvaring p\u00e5 plats.<\/h4>\n<h4><!-- \/wp:paragraph --> <!-- wp:paragraph --><\/h4>\n<h4>Vi st\u00f6der ocks\u00e5 v\u00e5ra kunder i egna lagerlicensieringsprocesser.<\/h4>\n                    <\/div>\r\n                    <div class=\"col-12 col-md-4 ps-4 ps-md-5\" data-aos=\"fade-up\" data-aos-delay=\"150\">\r\n                                            <\/div>\r\n                <\/div>\r\n            <\/div>\r\n        <\/div>\r\n    <\/div>\r\n<\/div>\n\n\n<div style=\"height:40px\" aria-hidden=\"true\" class=\"wp-block-spacer\"><\/div>\n\n\n\n<p data-aos=\"fade-up\">Vi hyr f\u00f6rvaringsbeh\u00e5llare i olika storlekar f\u00f6r s\u00e4ker f\u00f6rvaring av spr\u00e4ng\u00e4mnen samt utrymme i v\u00e5ra egna f\u00f6rvaringsutrymmen. Uthyrningstj\u00e4nsten inkluderar ocks\u00e5 p\u00e5fyllnad av lager och bortskaffande av f\u00f6r\u00e5ldrade spr\u00e4ng\u00e4mnen om ett separat avtal finns.<\/p>\n\n\n\n<p data-aos=\"fade-up\">Forcits omfattande stationsn\u00e4t t\u00e4cker hela Finland och garanterar d\u00e4rmed att v\u00e5ra tj\u00e4nster finns n\u00e4ra tillhands. V\u00e5r sakkunniga personal kan ocks\u00e5 hj\u00e4lpa v\u00e5ra kunder vid ans\u00f6kan f\u00f6r lagringstillst\u00e5nd. Kontakta en av v\u00e5ra servicestationer eller s\u00e4ljare f\u00f6r mer information ang\u00e5ende lagerh\u00e5llning.<\/p>\n\n\n\n<div class=\"wp-block-buttons is-layout-flex wp-block-buttons-is-layout-flex\">\n<div class=\"wp-block-button\" data-aos=\"fade-up\"><a class=\"wp-block-button__link wp-element-button\" href=\"https:\/\/forcitexplosives.fi\/sv\/yhteystiedot-3\/\" style=\"border-radius:0px\">Till kontaktinformationer <\/a><\/div>\n<\/div>\n\n\n\n<div style=\"height:40px\" aria-hidden=\"true\" class=\"wp-block-spacer\"><\/div>\n\n\n\n<div class=\"wp-block-media-text alignwide has-media-on-the-right is-stacked-on-mobile is-image-fill alignfull\" data-aos=\"fade-up\"><div class=\"wp-block-media-text__content\">\n<h2 class=\"wp-block-heading\" data-aos=\"fade-up\" data-aos-delay=\"50\">Transportservice<\/h2>\n\n\n\n<p data-aos=\"fade-up\" data-aos-delay=\"100\">I ett samh\u00e4lle d\u00e4r kraven st\u00e4ndigt sk\u00e4rps kan du vara s\u00e4ker p\u00e5 att vi levererar spr\u00e4ng\u00e4mnen till din arbetsplats i tid, s\u00e4kert och i enlighet med lagar och f\u00f6rordningar. V\u00e5r transportutrustning \u00e4r alltid uppdaterad och vi ocks\u00e5 en god kunskap ang\u00e5ende tillst\u00e5ndsfr\u00e5gor.<\/p>\n\n\n\n<div class=\"wp-block-buttons is-layout-flex wp-block-buttons-is-layout-flex\">\n<div class=\"wp-block-button\" data-aos=\"fade-up\" data-aos-delay=\"150\"><a class=\"wp-block-button__link wp-element-button\" href=\"https:\/\/forcitexplosives.fi\/sv\/transport-service\/\" style=\"border-radius:0px\">L\u00e4s mer h\u00e4r<\/a><\/div>\n<\/div>\n<\/div><figure class=\"wp-block-media-text__media\" style=\"background-image:url(https:\/\/forcitexplosives.fi\/wp-content\/uploads\/sites\/9\/2023\/09\/Kuvablokki10.jpg);background-position:50% 50%\"><img loading=\"lazy\" decoding=\"async\" width=\"960\" height=\"771\" src=\"https:\/\/forcitexplosives.fi\/wp-content\/uploads\/sites\/9\/2023\/09\/Kuvablokki10.jpg\" alt=\"\" class=\"wp-image-4294 size-full\" srcset=\"https:\/\/forcitexplosives.fi\/wp-content\/uploads\/sites\/9\/2023\/09\/Kuvablokki10.jpg 960w, https:\/\/forcitexplosives.fi\/wp-content\/uploads\/sites\/9\/2023\/09\/Kuvablokki10-300x241.jpg 300w, https:\/\/forcitexplosives.fi\/wp-content\/uploads\/sites\/9\/2023\/09\/Kuvablokki10-768x617.jpg 768w\" sizes=\"(max-width: 960px) 100vw, 960px\" \/><\/figure><\/div>\n\n\n\n<div style=\"height:40px\" aria-hidden=\"true\" class=\"wp-block-spacer\"><\/div>\n\n\n\n<div class=\"wp-block-media-text alignwide is-stacked-on-mobile is-image-fill alignfull\" data-aos=\"fade-up\"><figure class=\"wp-block-media-text__media\" style=\"background-image:url(https:\/\/forcitexplosives.fi\/wp-content\/uploads\/sites\/9\/2023\/09\/FORCIT_koulutus_web_960x360.jpg);background-position:50% 50%\"><img loading=\"lazy\" decoding=\"async\" width=\"960\" height=\"360\" src=\"https:\/\/forcitexplosives.fi\/wp-content\/uploads\/sites\/9\/2023\/09\/FORCIT_koulutus_web_960x360.jpg\" alt=\"\" class=\"wp-image-6410 size-full\" srcset=\"https:\/\/forcitexplosives.fi\/wp-content\/uploads\/sites\/9\/2023\/09\/FORCIT_koulutus_web_960x360.jpg 960w, https:\/\/forcitexplosives.fi\/wp-content\/uploads\/sites\/9\/2023\/09\/FORCIT_koulutus_web_960x360-300x113.jpg 300w, https:\/\/forcitexplosives.fi\/wp-content\/uploads\/sites\/9\/2023\/09\/FORCIT_koulutus_web_960x360-768x288.jpg 768w\" sizes=\"(max-width: 960px) 100vw, 960px\" \/><\/figure><div class=\"wp-block-media-text__content\">\n<h2 class=\"wp-block-heading\" data-aos=\"fade-up\" data-aos-delay=\"50\">Spr\u00e4ng\u00e4mnesutbildning och samarbete<\/h2>\n\n\n\n<p data-aos=\"fade-up\" data-aos-delay=\"100\">Vi deltar aktivt i att utbilda nya personer i branschen s\u00e5v\u00e4l som de som redan arbetar i branschen. Vi arbetar ocks\u00e5 n\u00e4ra med olika utbildningsinstitutioner.<\/p>\n\n\n\n<p data-aos=\"fade-up\" data-aos-delay=\"100\">All utbildning du beh\u00f6ver kan du f\u00e5 hos oss, b\u00e5de f\u00f6r att beh\u00e5lla dina yrkeskunskaper och f\u00f6r att l\u00e4ra dig n\u00e5got nytt.<\/p>\n\n\n\n<div class=\"wp-block-buttons is-layout-flex wp-block-buttons-is-layout-flex\">\n<div class=\"wp-block-button\" data-aos=\"fade-up\" data-aos-delay=\"150\"><a class=\"wp-block-button__link wp-element-button\" href=\"https:\/\/forcitexplosives.fi\/sv\/utbildning-och-samarbete\/\" style=\"border-radius:0px\">L\u00e4s mer h\u00e4r<\/a><\/div>\n<\/div>\n\n\n<\/div><\/div>\n","protected":false},"excerpt":{"rendered":"<p>Vi hyr f\u00f6rvaringsbeh\u00e5llare i olika storlekar f\u00f6r s\u00e4ker f\u00f6rvaring av spr\u00e4ng\u00e4mnen samt utrymme i v\u00e5ra egna f\u00f6rvaringsutrymmen. Uthyrningstj\u00e4nsten inkluderar ocks\u00e5 p\u00e5fyllnad av lager och bortskaffande av f\u00f6r\u00e5ldrade spr\u00e4ng\u00e4mnen om ett separat avtal finns. Forcits omfattande stationsn\u00e4t t\u00e4cker hela Finland och garanterar d\u00e4rmed att v\u00e5ra tj\u00e4nster finns n\u00e4ra tillhands. V\u00e5r sakkunniga personal kan ocks\u00e5 hj\u00e4lpa v\u00e5ra [&#8230;]<\/p>\n<p><a class=\"btn btn-secondary understrap-read-more-link\" href=\"https:\/\/forcitexplosives.fi\/sv\/lagring-och-lisensiering\/\">L\u00e4s mer \u2026<span class=\"screen-reader-text\"> from Lagring och licensiering<\/span><\/a><\/p>\n","protected":false},"author":1,"featured_media":0,"parent":0,"menu_order":0,"comment_status":"closed","ping_status":"closed","template":"","meta":{"_acf_changed":false,"_monsterinsights_skip_tracking":false,"_monsterinsights_sitenote_active":false,"_monsterinsights_sitenote_note":"","_monsterinsights_sitenote_category":0,"footnotes":""},"class_list":["post-1809","page","type-page","status-publish","hentry"],"acf":[],"_links":{"self":[{"href":"https:\/\/forcitexplosives.fi\/sv\/wp-json\/wp\/v2\/pages\/1809"}],"collection":[{"href":"https:\/\/forcitexplosives.fi\/sv\/wp-json\/wp\/v2\/pages"}],"about":[{"href":"https:\/\/forcitexplosives.fi\/sv\/wp-json\/wp\/v2\/types\/page"}],"author":[{"embeddable":true,"href":"https:\/\/forcitexplosives.fi\/sv\/wp-json\/wp\/v2\/users\/1"}],"replies":[{"embeddable":true,"href":"https:\/\/forcitexplosives.fi\/sv\/wp-json\/wp\/v2\/comments?post=1809"}],"version-history":[{"count":0,"href":"https:\/\/forcitexplosives.fi\/sv\/wp-json\/wp\/v2\/pages\/1809\/revisions"}],"wp:attachment":[{"href":"https:\/\/forcitexplosives.fi\/sv\/wp-json\/wp\/v2\/media?parent=1809"}],"curies":[{"name":"wp","href":"https:\/\/api.w.org\/{rel}","templated":true}]}}