{"id":2768,"date":"2021-07-30T10:43:19","date_gmt":"2021-07-30T07:43:19","guid":{"rendered":"https:\/\/forcitexplosives.fi\/?page_id=2768"},"modified":"2026-02-11T13:41:09","modified_gmt":"2026-02-11T11:41:09","slug":"hallbarhet","status":"publish","type":"page","link":"https:\/\/forcitexplosives.fi\/sv\/hallbarhet\/","title":{"rendered":"H\u00e5llbarhet"},"content":{"rendered":"\r\n<div  class=\"hero alignfull break-out\" style=\"background-color: ; color: \">\r\n\r\n    \r\n                            <div class=\"hero__backgroundimage text-center mb-2 mb-sm-0\" style=\"background-image:url(https:\/\/forcitexplosives.fi\/wp-content\/uploads\/sites\/9\/2021\/07\/IMG_20210611_122314_web-scaled-1.jpg);\">\r\n                    <div class=\"d-flex justify-content-center align-items-center h-100\">\r\n                    <div class=\"col-12 col-md-10 col-lg-8 col-xl-7\">\r\n                        <h1 class=\"text-white text-uppercase hero__headersizelarge\">H\u00e5llbar utveckling<\/h1>\r\n                    <\/div>\r\n                    <\/div>\r\n                <\/div>\r\n            \r\n            \r\n    \r\n<\/div>\n\n\n<div style=\"height:40px\" aria-hidden=\"true\" class=\"wp-block-spacer\"><\/div>\n\n\n\n<h2 class=\"wp-block-heading\" data-aos=\"fade-up\">H\u00e5llbar utveckling ligger i k\u00e4rnan av v\u00e5r aff\u00e4rsverksamhet<\/h2>\n\n\n\r\n<div data-aos=\"fade-up\" class=\"hero-boxes-with-images break-out\">\r\n\r\n\r\n    \r\n    <div class=\"row mb-5 hero-boxes-with-images__highlightboxeswrapper position-relative justify-content-md-center text-white text-center\">\r\n        <div class=\"col-12 col-md-10 col-xl-11 px-xl-5\">\r\n            <div class=\"row px-xl-4\">\r\n                <div class=\"col text-start\">\r\n                    <h2 class=\"wp-block-heading mt-3 mb-5\"><\/h2>                <\/div>\r\n            <\/div>\r\n            <div class=\"row px-xl-4\" id=\"tabs-nav\">\r\n                \r\n                        <div class=\"col-12 col-md-6 col-xl mb-4 mb-xl-0 text-white\" data-aos=\"fade-up\" data-aos-delay=\"0\">\r\n\r\n                            \r\n                                <div class=\"hero-boxes-with-images__redbox\">\r\n                                    <div class=\"pt-5 px-5 pb-4 heroMinHeight mediumImageWrapper \">\r\n                                                                                                                            <img decoding=\"async\" src=\"https:\/\/forcitexplosives.fi\/wp-content\/uploads\/sites\/9\/2021\/08\/LTI-KYPARA_ICON_07.png\" alt=\"\" class=\"mediumImage heroIcon mb-3\" \/>\r\n                                                                                <h5>Vi kompromissar aldrig<\/h5>\n<h5>med s\u00e4kerheten.<\/h5>\n                                    <\/div>\r\n                                                                                                        <\/div>\r\n                            \r\n                                                                                <\/div>\r\n\r\n                    \r\n                        <div class=\"col-12 col-md-6 col-xl mb-4 mb-xl-0 text-white\" data-aos=\"fade-up\" data-aos-delay=\"50\">\r\n\r\n                            \r\n                                <div class=\"hero-boxes-with-images__redbox\">\r\n                                    <div class=\"pt-5 px-5 pb-4 heroMinHeight mediumImageWrapper \">\r\n                                                                                                                            <img decoding=\"async\" src=\"https:\/\/forcitexplosives.fi\/wp-content\/uploads\/sites\/9\/2024\/01\/GREEN-INVESTMENTS_ICON_56_2023.png\" alt=\"\" class=\"mediumImage heroIcon mb-3\" \/>\r\n                                                                                <h5>V\u00e5ra produkter och tj\u00e4nster bidrar<\/h5>\n<h5>till ett h\u00e5llbart samh\u00e4lle.<\/h5>\n                                    <\/div>\r\n                                                                                                        <\/div>\r\n                            \r\n                                                                                <\/div>\r\n\r\n                                <\/div>\r\n\r\n\r\n\r\n            \r\n\r\n\r\n        <\/div>\r\n    <\/div>\r\n\r\n    \r\n<\/div>\n\n\n<div style=\"height:40px\" aria-hidden=\"true\" class=\"wp-block-spacer\"><\/div>\n\n\n\n<div class=\"wp-block-media-text alignwide is-stacked-on-mobile is-image-fill alignfull\" data-aos=\"fade-up\"><figure class=\"wp-block-media-text__media\" style=\"background-image:url(https:\/\/forcitexplosives.fi\/wp-content\/uploads\/sites\/9\/2025\/05\/forcit-group-sustainability-report-2024-banner-100ppi-gi-1024x506.jpg);background-position:26% 39%\"><a href=\"https:\/\/issuu.com\/forcitgroup\/docs\/sustainability_in_short_2022_final_web?fr=sMDY3YzE2NjE1MA\" target=\"_blank\" rel=\"noopener\"><img loading=\"lazy\" decoding=\"async\" width=\"1024\" height=\"506\" src=\"https:\/\/forcitexplosives.fi\/wp-content\/uploads\/sites\/9\/2025\/05\/forcit-group-sustainability-report-2024-banner-100ppi-gi-1024x506.jpg\" alt=\"\" class=\"wp-image-6748 size-full\" srcset=\"https:\/\/forcitexplosives.fi\/wp-content\/uploads\/sites\/9\/2025\/05\/forcit-group-sustainability-report-2024-banner-100ppi-gi-1024x506.jpg 1024w, https:\/\/forcitexplosives.fi\/wp-content\/uploads\/sites\/9\/2025\/05\/forcit-group-sustainability-report-2024-banner-100ppi-gi-300x148.jpg 300w, https:\/\/forcitexplosives.fi\/wp-content\/uploads\/sites\/9\/2025\/05\/forcit-group-sustainability-report-2024-banner-100ppi-gi-768x380.jpg 768w, https:\/\/forcitexplosives.fi\/wp-content\/uploads\/sites\/9\/2025\/05\/forcit-group-sustainability-report-2024-banner-100ppi-gi-1536x760.jpg 1536w, https:\/\/forcitexplosives.fi\/wp-content\/uploads\/sites\/9\/2025\/05\/forcit-group-sustainability-report-2024-banner-100ppi-gi.jpg 2026w\" sizes=\"(max-width: 1024px) 100vw, 1024px\" \/><\/a><\/figure><div class=\"wp-block-media-text__content\">\n<h2 class=\"wp-block-heading has-text-align-left\" data-aos=\"fade-up\" data-aos-delay=\"50\">Sustainability REPORT 2024<\/h2>\n\n\n\n<p data-aos=\"fade-up\" data-aos-delay=\"100\"><em>Sustainability Report 2024 <\/em>beskriver FORCIT Groups h\u00e5llbarhetsverksamhet under 2024 med st\u00f6d av data och verkliga exempel. Rapporten \u00f6verensst\u00e4mmer till stor del med EU:s direktiv om f\u00f6retagens h\u00e5llbarhetsrapportering, \u00e4ven om rapporteringskravet \u00e4nnu inte har tr\u00e4tt i kraft f\u00f6r FORCIT Group. Publikationen \u00e4r p\u00e5 engelska.<\/p>\n\n\n\n<div class=\"wp-block-buttons is-layout-flex wp-block-buttons-is-layout-flex\">\n<div class=\"wp-block-button\" data-aos=\"fade-up\"><a class=\"wp-block-button__link wp-element-button\" href=\"https:\/\/issuu.com\/forcitgroup\/docs\/forcit_group_s_sustainability_report_2024?fr=sMTRiMzg1Nzc3NTg\" style=\"border-radius:0px\" target=\"_blank\" rel=\"noreferrer noopener\">\u00d6ppna dokument<\/a><\/div>\n<\/div>\n<\/div><\/div>\n\n\n\n<div style=\"height:40px\" aria-hidden=\"true\" class=\"wp-block-spacer\"><\/div>\n\n\n\n<div class=\"wp-block-media-text alignwide has-media-on-the-right is-stacked-on-mobile is-image-fill alignfull\" data-aos=\"fade-up\"><div class=\"wp-block-media-text__content\">\n<h2 class=\"wp-block-heading\" data-aos=\"fade-up\" data-aos-delay=\"50\">Livscykelanalys (LSA)<\/h2>\n\n\n\n<p data-aos=\"fade-up\" data-aos-delay=\"100\">De flesta av v\u00e5ra produkter har milj\u00f6deklarationer (EPD, Environmental Product Declaration). Alla EPD-dokument kan hittas genom att klicka p\u00e5 l\u00e4nken nedan.<\/p>\n\n\n\n<div class=\"wp-block-buttons is-layout-flex wp-block-buttons-is-layout-flex\">\n<div class=\"wp-block-button\" data-aos=\"fade-up\" data-aos-delay=\"150\"><a class=\"wp-block-button__link wp-element-button\" href=\"https:\/\/www.epd-norge.no\/soekeresultat\/?categoryID=236&amp;q=forcit\" style=\"border-radius:0px\" target=\"_blank\" rel=\"noreferrer noopener\">EPD-Norge &#8211; G\u00e5 till sidor<\/a><\/div>\n<\/div>\n<\/div><figure class=\"wp-block-media-text__media\" style=\"background-image:url(https:\/\/forcitexplosives.fi\/wp-content\/uploads\/sites\/9\/2023\/09\/191015-panostus-web-mediajpg-1.jpg);background-position:50% 50%\"><img loading=\"lazy\" decoding=\"async\" width=\"800\" height=\"360\" src=\"https:\/\/forcitexplosives.fi\/wp-content\/uploads\/sites\/9\/2023\/09\/191015-panostus-web-mediajpg-1.jpg\" alt=\"\" class=\"wp-image-4312 size-full\" srcset=\"https:\/\/forcitexplosives.fi\/wp-content\/uploads\/sites\/9\/2023\/09\/191015-panostus-web-mediajpg-1.jpg 800w, https:\/\/forcitexplosives.fi\/wp-content\/uploads\/sites\/9\/2023\/09\/191015-panostus-web-mediajpg-1-300x135.jpg 300w, https:\/\/forcitexplosives.fi\/wp-content\/uploads\/sites\/9\/2023\/09\/191015-panostus-web-mediajpg-1-768x346.jpg 768w\" sizes=\"(max-width: 800px) 100vw, 800px\" \/><\/figure><\/div>\n\n\n\n<div style=\"height:40px\" aria-hidden=\"true\" class=\"wp-block-spacer\"><\/div>\n\n\n\r\n<div data-aos=\"fade-up\"  id=\"highlightblock\" class=\"highlightblock pb-5 py-5 break-out\" style=\"background-color: ; color: \">\r\n    <div class=\"container\">\r\n        <div class=\"row position-relative justify-content-md-center\">\r\n            <div class=\"col\" data-aos=\"fade-up\">\r\n                <div class=\"row\">\r\n                    <div class=\"col-12 col-md-8 ps-4 ps-md-3 pe-4 pe-md-5 lead\" data-aos=\"fade-up\" data-aos-delay=\"50\">\r\n                        <h2>&#8221;Vi f\u00f6rbinder oss till att st\u00e4ndigt utveckla v\u00e5r verksamhet betr\u00e4ffande s\u00e4kerhets-, milj\u00f6- och kvalitetsfr\u00e5gor.&#8221;<\/h2>\n<p class=\"u-mar-t-xs-5\">\u2014<em>\u00a0<\/em><cite>FORCIT\u00a0<em>Leadership Team<\/em><\/cite><\/p>\n                    <\/div>\r\n                    <div class=\"col-12 col-md-4 ps-4 ps-md-5\" data-aos=\"fade-up\" data-aos-delay=\"150\">\r\n                                            <\/div>\r\n                <\/div>\r\n            <\/div>\r\n        <\/div>\r\n    <\/div>\r\n<\/div>","protected":false},"excerpt":{"rendered":"<p>H\u00e5llbar utveckling ligger i k\u00e4rnan av v\u00e5r aff\u00e4rsverksamhet [&#8230;]<\/p>\n<p><a class=\"btn btn-secondary understrap-read-more-link\" href=\"https:\/\/forcitexplosives.fi\/sv\/hallbarhet\/\">L\u00e4s mer \u2026<span class=\"screen-reader-text\"> from H\u00e5llbarhet<\/span><\/a><\/p>\n","protected":false},"author":1,"featured_media":0,"parent":0,"menu_order":0,"comment_status":"closed","ping_status":"closed","template":"","meta":{"_acf_changed":false,"_monsterinsights_skip_tracking":false,"_monsterinsights_sitenote_active":false,"_monsterinsights_sitenote_note":"","_monsterinsights_sitenote_category":0,"footnotes":""},"class_list":["post-2768","page","type-page","status-publish","hentry"],"acf":[],"_links":{"self":[{"href":"https:\/\/forcitexplosives.fi\/sv\/wp-json\/wp\/v2\/pages\/2768"}],"collection":[{"href":"https:\/\/forcitexplosives.fi\/sv\/wp-json\/wp\/v2\/pages"}],"about":[{"href":"https:\/\/forcitexplosives.fi\/sv\/wp-json\/wp\/v2\/types\/page"}],"author":[{"embeddable":true,"href":"https:\/\/forcitexplosives.fi\/sv\/wp-json\/wp\/v2\/users\/1"}],"replies":[{"embeddable":true,"href":"https:\/\/forcitexplosives.fi\/sv\/wp-json\/wp\/v2\/comments?post=2768"}],"version-history":[{"count":0,"href":"https:\/\/forcitexplosives.fi\/sv\/wp-json\/wp\/v2\/pages\/2768\/revisions"}],"wp:attachment":[{"href":"https:\/\/forcitexplosives.fi\/sv\/wp-json\/wp\/v2\/media?parent=2768"}],"curies":[{"name":"wp","href":"https:\/\/api.w.org\/{rel}","templated":true}]}}