{"id":328,"date":"2020-08-26T09:55:03","date_gmt":"2020-08-26T06:55:03","guid":{"rendered":"https:\/\/forcitexplosives.fi\/?page_id=96"},"modified":"2026-02-10T14:30:16","modified_gmt":"2026-02-10T12:30:16","slug":"utbildning-och-samarbete","status":"publish","type":"page","link":"https:\/\/forcitexplosives.fi\/sv\/utbildning-och-samarbete\/","title":{"rendered":"Utbildning och samarbete"},"content":{"rendered":"\r\n<div  class=\"hero alignfull break-out\" style=\"background-color: ; color: \">\r\n\r\n    \r\n            \r\n            \r\n    \r\n<\/div>\n\n\r\n<div  id=\"highlightblock\" class=\"highlightblock pb-5 py-5 break-out\" style=\"background-color: ; color: \">\r\n    <div class=\"container\">\r\n        <div class=\"row position-relative justify-content-md-center\">\r\n            <div class=\"col\" data-aos=\"fade-up\">\r\n                <div class=\"row\">\r\n                    <div class=\"col-12 col-md-8 ps-4 ps-md-3 pe-4 pe-md-5 lead\" data-aos=\"fade-up\" data-aos-delay=\"50\">\r\n                        <div>Vi \u00e4r intresserade av utbildningssamarbete med olika utbildningsinstitutioner p\u00e5 olika niv\u00e5er samt av att st\u00f6dja utvecklingen av yrkesverksamma inom v\u00e5rt omr\u00e5de.<\/div>\n                    <\/div>\r\n                    <div class=\"col-12 col-md-4 ps-4 ps-md-5\" data-aos=\"fade-up\" data-aos-delay=\"150\">\r\n                                            <\/div>\r\n                <\/div>\r\n            <\/div>\r\n        <\/div>\r\n    <\/div>\r\n<\/div>\n\n\n<div style=\"height:40px\" aria-hidden=\"true\" class=\"wp-block-spacer\"><\/div>\n\n\n\n<h2 class=\"wp-block-heading\" data-aos=\"fade-up\">Samarbete med utbildningsinstitutioner<\/h2>\n\n\n\n<p data-aos=\"fade-up\">Vi arbetar tillsammans med olika utbildningsanordnare, bland annat inom vuxenutbildningen och yrkesh\u00f6gskolorna. Genom detta samarbete delar vi aktuell information om v\u00e5r bransch, v\u00e5ra produkter och relaterad teknologi.<\/p>\n\n\n\n<p data-aos=\"fade-up\">Vi vill ocks\u00e5 medverka i utbildningar som riktar sig till yrkesverksamma som redan arbetar inom omr\u00e5det. Dessa kan handla om att uppr\u00e4tth\u00e5lla befintliga f\u00e4rdigheter eller att st\u00f6dja fortsatt kompetensutveckling. Exempel p\u00e5 detta \u00e4r att vi deltar som g\u00e4stf\u00f6rel\u00e4sare i spr\u00e4ngarutbildningar och repetitionskurser p\u00e5 olika h\u00e5ll i Finland.<\/p>\n\n\n\n<p data-aos=\"fade-up\">Om du vill diskutera m\u00f6jliga samarbeten \u00e4r du varmt v\u00e4lkommen att kontakta oss.<\/p>\n\n\n\n<div class=\"wp-block-buttons is-layout-flex wp-block-buttons-is-layout-flex\"><\/div>\n\n\n\n<div style=\"height:40px\" aria-hidden=\"true\" class=\"wp-block-spacer\"><\/div>\n\n\n\n<h2 class=\"wp-block-heading\" data-aos=\"fade-up\">Samarbete med f\u00f6reningar och organisationer<\/h2>\n\n\n\n<p data-aos=\"fade-up\">Vi uppr\u00e4tth\u00e5ller samarbete med flera f\u00f6reningar och organisationer och deltar i branschrelaterat utvecklingsarbete genom dessa n\u00e4tverk.<\/p>\n\n\n\n<p data-aos=\"fade-up\">V\u00e5rt m\u00e5l \u00e4r att bidra till s\u00e4kra och ansvarsfulla arbetss\u00e4tt inom omr\u00e5det, och d\u00e4rf\u00f6r v\u00e4rdes\u00e4tter vi ett n\u00e4ra samarbete med olika intressenter.<\/p>\n\n\n\n<p data-aos=\"fade-up\">Intresserad av ett samarbete?<\/p>\n\n\n\n<div class=\"wp-block-buttons is-layout-flex wp-block-buttons-is-layout-flex\">\n<div class=\"wp-block-button\" data-aos=\"fade-up\"><a class=\"wp-block-button__link wp-element-button\" href=\"https:\/\/forcitexplosives.fi\/sv\/yhteystiedot-3\/\" style=\"border-radius:0px\" target=\"_blank\" rel=\"noreferrer noopener\">Kontakta oss<\/a><\/div>\n<\/div>\n\n\n\n<div style=\"height:40px\" aria-hidden=\"true\" class=\"wp-block-spacer\"><\/div>\n\n\n\n<div class=\"wp-block-media-text alignwide has-media-on-the-right is-stacked-on-mobile is-image-fill alignfull\" data-aos=\"fade-up\"><div class=\"wp-block-media-text__content\">\n<h2 class=\"wp-block-heading\" data-aos=\"fade-up\" data-aos-delay=\"50\">Transportservice<\/h2>\n\n\n\n<p data-aos=\"fade-up\" data-aos-delay=\"100\">I ett samh\u00e4lle d\u00e4r kraven st\u00e4ndigt sk\u00e4rps kan du vara s\u00e4ker p\u00e5 att vi levererar spr\u00e4ng\u00e4mnen till din arbetsplats i tid, s\u00e4kert och i enlighet med lagar och f\u00f6rordningar. V\u00e5r transportutrustning \u00e4r alltid uppdaterad och vi ocks\u00e5 en god kunskap ang\u00e5ende tillst\u00e5ndsfr\u00e5gor.I ett samh\u00e4lle d\u00e4r kraven st\u00e4ndigt sk\u00e4rps kan du vara s\u00e4ker p\u00e5 att vi levererar spr\u00e4ng\u00e4mnen till din webbplats i tid, s\u00e4kert och i enlighet med lagar och f\u00f6rordningar. V\u00e5r transportutrustning \u00e4r alltid uppdaterad och vi k\u00e4nner ocks\u00e5 till tillst\u00e5ndsfr\u00e5gorna exakt.<\/p>\n\n\n\n<div class=\"wp-block-buttons is-layout-flex wp-block-buttons-is-layout-flex\">\n<div class=\"wp-block-button\" data-aos=\"fade-up\" data-aos-delay=\"150\"><a class=\"wp-block-button__link wp-element-button\" href=\"https:\/\/forcitexplosives.fi\/sv\/transport-service\/\" style=\"border-radius:0px\">L\u00e4s mer h\u00e4r<\/a><\/div>\n<\/div>\n<\/div><figure class=\"wp-block-media-text__media\" style=\"background-image:url(https:\/\/forcitexplosives.fi\/wp-content\/uploads\/sites\/9\/2023\/09\/Kuvablokki10.jpg);background-position:50% 50%\"><img loading=\"lazy\" decoding=\"async\" width=\"960\" height=\"771\" src=\"https:\/\/forcitexplosives.fi\/wp-content\/uploads\/sites\/9\/2023\/09\/Kuvablokki10.jpg\" alt=\"\" class=\"wp-image-4294 size-full\" srcset=\"https:\/\/forcitexplosives.fi\/wp-content\/uploads\/sites\/9\/2023\/09\/Kuvablokki10.jpg 960w, https:\/\/forcitexplosives.fi\/wp-content\/uploads\/sites\/9\/2023\/09\/Kuvablokki10-300x241.jpg 300w, https:\/\/forcitexplosives.fi\/wp-content\/uploads\/sites\/9\/2023\/09\/Kuvablokki10-768x617.jpg 768w\" sizes=\"(max-width: 960px) 100vw, 960px\" \/><\/figure><\/div>\n\n\n\n<div style=\"height:40px\" aria-hidden=\"true\" class=\"wp-block-spacer\"><\/div>\n\n\n\n<div class=\"wp-block-media-text alignwide is-stacked-on-mobile is-image-fill alignfull\" data-aos=\"fade-up\"><figure class=\"wp-block-media-text__media\" style=\"background-image:url(https:\/\/forcitexplosives.fi\/wp-content\/uploads\/sites\/9\/2023\/09\/200120-digitaaliset-web-medial-1-1024x461-1.jpg);background-position:50% 50%\"><img loading=\"lazy\" decoding=\"async\" width=\"1024\" height=\"461\" src=\"https:\/\/forcitexplosives.fi\/wp-content\/uploads\/sites\/9\/2023\/09\/200120-digitaaliset-web-medial-1-1024x461-1.jpg\" alt=\"\" class=\"wp-image-4296 size-full\" srcset=\"https:\/\/forcitexplosives.fi\/wp-content\/uploads\/sites\/9\/2023\/09\/200120-digitaaliset-web-medial-1-1024x461-1.jpg 1024w, https:\/\/forcitexplosives.fi\/wp-content\/uploads\/sites\/9\/2023\/09\/200120-digitaaliset-web-medial-1-1024x461-1-300x135.jpg 300w, https:\/\/forcitexplosives.fi\/wp-content\/uploads\/sites\/9\/2023\/09\/200120-digitaaliset-web-medial-1-1024x461-1-768x346.jpg 768w\" sizes=\"(max-width: 1024px) 100vw, 1024px\" \/><\/figure><div class=\"wp-block-media-text__content\">\n<h2 class=\"wp-block-heading\" data-aos=\"fade-up\" data-aos-delay=\"50\">Teknisk service<\/h2>\n\n\n\n<p data-aos=\"fade-up\" data-aos-delay=\"100\">Vi guidar v\u00e5ra kunder i anv\u00e4ndningen av produkterna, vid behov, b\u00e5de via telefon och p\u00e5 plats. Du f\u00e5r enkelt svar p\u00e5 alla dina fr\u00e5gor med ett telefonsamtal.<\/p>\n\n\n\n<div class=\"wp-block-buttons is-layout-flex wp-block-buttons-is-layout-flex\">\n<div class=\"wp-block-button\" data-aos=\"fade-up\" data-aos-delay=\"150\"><a class=\"wp-block-button__link wp-element-button\" href=\"https:\/\/forcitexplosives.fi\/sv\/teknisk-service\/\" style=\"border-radius:0px\">L\u00e4s mer h\u00e4r<\/a><\/div>\n<\/div>\n<\/div><\/div>\n","protected":false},"excerpt":{"rendered":"<p>Samarbete med utbildningsinstitutioner Vi arbetar tillsammans med olika utbildningsanordnare, bland annat inom vuxenutbildningen och yrkesh\u00f6gskolorna. Genom detta samarbete delar vi aktuell information om v\u00e5r bransch, v\u00e5ra produkter och relaterad teknologi. Vi vill ocks\u00e5 medverka i utbildningar som riktar sig till yrkesverksamma som redan arbetar inom omr\u00e5det. Dessa kan handla om att uppr\u00e4tth\u00e5lla befintliga f\u00e4rdigheter eller [&#8230;]<\/p>\n<p><a class=\"btn btn-secondary understrap-read-more-link\" href=\"https:\/\/forcitexplosives.fi\/sv\/utbildning-och-samarbete\/\">L\u00e4s mer \u2026<span class=\"screen-reader-text\"> from Utbildning och samarbete<\/span><\/a><\/p>\n","protected":false},"author":1,"featured_media":0,"parent":0,"menu_order":0,"comment_status":"closed","ping_status":"closed","template":"","meta":{"_acf_changed":false,"_monsterinsights_skip_tracking":false,"_monsterinsights_sitenote_active":false,"_monsterinsights_sitenote_note":"","_monsterinsights_sitenote_category":0,"footnotes":""},"class_list":["post-328","page","type-page","status-publish","hentry"],"acf":[],"_links":{"self":[{"href":"https:\/\/forcitexplosives.fi\/sv\/wp-json\/wp\/v2\/pages\/328"}],"collection":[{"href":"https:\/\/forcitexplosives.fi\/sv\/wp-json\/wp\/v2\/pages"}],"about":[{"href":"https:\/\/forcitexplosives.fi\/sv\/wp-json\/wp\/v2\/types\/page"}],"author":[{"embeddable":true,"href":"https:\/\/forcitexplosives.fi\/sv\/wp-json\/wp\/v2\/users\/1"}],"replies":[{"embeddable":true,"href":"https:\/\/forcitexplosives.fi\/sv\/wp-json\/wp\/v2\/comments?post=328"}],"version-history":[{"count":0,"href":"https:\/\/forcitexplosives.fi\/sv\/wp-json\/wp\/v2\/pages\/328\/revisions"}],"wp:attachment":[{"href":"https:\/\/forcitexplosives.fi\/sv\/wp-json\/wp\/v2\/media?parent=328"}],"curies":[{"name":"wp","href":"https:\/\/api.w.org\/{rel}","templated":true}]}}