{"id":5153,"date":"2020-08-26T13:47:34","date_gmt":"2020-08-26T10:47:34","guid":{"rendered":"https:\/\/forcitexplosivesfi.forcitgroup.staging.tempurl.host\/?page_id=5153"},"modified":"2026-02-11T13:41:35","modified_gmt":"2026-02-11T11:41:35","slug":"ruutiset-sv","status":"publish","type":"page","link":"https:\/\/forcitexplosives.fi\/sv\/ruutiset-sv\/","title":{"rendered":"Ruutiset"},"content":{"rendered":"\r\n<div  class=\"hero break-out\" style=\"background-color: ; color: \">\r\n\r\n    \r\n                            <div class=\"hero__backgroundimage text-center mb-2 mb-sm-0\" style=\"background-image:url(https:\/\/forcitexplosives.fi\/wp-content\/uploads\/sites\/9\/2020\/10\/191015-Forcit-totsat-web-media.jpg);\">\r\n                    <div class=\"d-flex justify-content-center align-items-center h-100\">\r\n                    <div class=\"col-12 col-md-10 col-lg-8 col-xl-7\">\r\n                        <h1 class=\"text-white text-uppercase hero__headersizelarge\">Ruutiset<\/h1>\r\n                    <\/div>\r\n                    <\/div>\r\n                <\/div>\r\n            \r\n            \r\n    \r\n<\/div>\n\n\r\n<div  id=\"highlightblock\" class=\"highlightblock pb-5 py-5 break-out\" style=\"background-color: ; color: \">\r\n    <div class=\"container\">\r\n        <div class=\"row position-relative justify-content-md-center\">\r\n            <div class=\"col\" data-aos=\"fade-up\">\r\n                <div class=\"row\">\r\n                    <div class=\"col-12 col-md-8 ps-4 ps-md-3 pe-4 pe-md-5 lead\" data-aos=\"fade-up\" data-aos-delay=\"50\">\r\n                        <p>Ruutiset \u00e4r Forcits kundtidning, som publiceras tv\u00e5 g\u00e5nger per \u00e5r. Tidningen behandlar varje g\u00e5ng aktuella saker och teknisk information till kunder. Tidningen \u00e4r endast finskspr\u00e5kig.<\/p>\n<p>F\u00f6rslag f\u00f6r tidningens tema eller artiklar kan skickas till redaktionen <a href=\"mailto:forcit@forcit.fi\">forcit@forcit.fi<\/a>.<\/p>\n<p>Till samma address kan man skicka information om addressf\u00f6r\u00e4ndringar.<\/p>\n                    <\/div>\r\n                    <div class=\"col-12 col-md-4 ps-4 ps-md-5\" data-aos=\"fade-up\" data-aos-delay=\"150\">\r\n                                            <\/div>\r\n                <\/div>\r\n            <\/div>\r\n        <\/div>\r\n    <\/div>\r\n<\/div>\n\n\n<p><\/p>\n\n\n\r\n\r\n<div class=\"magazines my-5 pt-5\">\r\n\r\n    <div class=\"row news__highlightboxeswrapper position-relative justify-content-md-center\">\r\n        <div class=\"col\">\r\n            <div class=\"row\">\r\n\r\n\r\n\t\t\t\r\n\t\t\t\t<div class=\"col-12 col-md-6 col-xl-4\" data-aos=\"fade-up\" data-aos-delay=\"50\">\r\n\t\t\t\t\t<div class=\"news__box\">\r\n\t\t\t\t\t\t<div class=\"pt-5 pb-4\">\r\n\t\t\t\t\t\t\t<a href=\"https:\/\/issuu.com\/forcitgroup\/docs\/forcit_magazine_ruutiset0624_aukeamittain?fr=xKAE9_zU1NQ\" target=\"_blank\"><div class=\"news-thumbnail\" style=\"background-image: url(https:\/\/forcitexplosives.fi\/wp-content\/uploads\/sites\/9\/2024\/06\/Forcit_magazine_Ruutiset0624_kansi-1-pdf.jpg);\"><\/div><div class=\"news-details py-2 px-4\"><small>28.06.2024<\/small><h3 class=\"\">Ruutiset 1\/2024<\/h3><p><!-- wp:paragraph -->\n<p>Oy Forcit Ab:s kundtidning: Med denna g\u00e5ng en ny artikelserie: Ecokorneri, som inneh\u00e5ller en artikel om utvecklingsl\u00e4get f\u00f6r Typl\u00f6st spr\u00e4ng\u00e4mne f\u00f6r brytning.\u00a0Ut\u00f6ver detta handlar det om den allm\u00e4nna s\u00e4kerheten och s\u00e4kerheten p\u00e5 byggarbetsplatserna samt historiken \u00f6ver Pyh\u00e4salmi gruva.<\/p>\n<!-- \/wp:paragraph -->\n\n<!-- wp:paragraph -->\n<p>Ruutiset publiceras endast p\u00e5 finska.<\/p>\n<!-- \/wp:paragraph --> <span class=\"read-more-link\">Lue lehti \u00bb<\/span><\/p><\/div><\/a>\t\t\t\t\t\t<\/div>\r\n\t\t\t\t\t<\/div>\r\n\t\t\t\t<\/div>\r\n\r\n\t\t\t\t\r\n\t\t\t\t<div class=\"col-12 col-md-6 col-xl-4\" data-aos=\"fade-up\" data-aos-delay=\"50\">\r\n\t\t\t\t\t<div class=\"news__box\">\r\n\t\t\t\t\t\t<div class=\"pt-5 pb-4\">\r\n\t\t\t\t\t\t\t<a href=\"https:\/\/issuu.com\/forcitgroup\/docs\/forcit_magazine_ruutiset0623_1_?fr=xKAE9_zU1NQ\" target=\"_blank\"><div class=\"news-thumbnail\" style=\"background-image: url(https:\/\/forcitexplosives.fi\/wp-content\/uploads\/sites\/9\/2023\/07\/Forcit_magazine_Ruutiset0623_cover.jpg);\"><\/div><div class=\"news-details py-2 px-4\"><small>10.07.2023<\/small><h3 class=\"\">Ruutiset 1\/2023<\/h3><p>Oy Forcit Abs kundtidning: Jubileumsnummer, med bland annat intervju med nuvarande och tidigare vd:ar, nyheter om produktutveckling och presentation av Veskun Poras nya kontor i Virmo. Dessutom information om Consulting-aff\u00e4rsomr\u00e5dets\u00a0 bullermodelleringar och kurskalender.\n\nTidningen finns endast tillg\u00e4nglig p\u00e5 finska.\n\n&nbsp; <span class=\"read-more-link\">Lue lehti \u00bb<\/span><\/p><\/div><\/a>\t\t\t\t\t\t<\/div>\r\n\t\t\t\t\t<\/div>\r\n\t\t\t\t<\/div>\r\n\r\n\t\t\t\t\r\n\t\t\t\t<div class=\"col-12 col-md-6 col-xl-4\" data-aos=\"fade-up\" data-aos-delay=\"50\">\r\n\t\t\t\t\t<div class=\"news__box\">\r\n\t\t\t\t\t\t<div class=\"pt-5 pb-4\">\r\n\t\t\t\t\t\t\t<a href=\"https:\/\/issuu.com\/forcitgroup\/docs\/forcit_magazine_ruutiset1222_web_sivuttain?fr=sY2MyZDE2NjE1MA\" target=\"_blank\"><div class=\"news-thumbnail\" style=\"background-image: url(https:\/\/forcitexplosives.fi\/wp-content\/uploads\/sites\/9\/2022\/12\/Forcit_magazine_Ruutiset1222_kansi.jpg);\"><\/div><div class=\"news-details py-2 px-4\"><small>19.12.2022<\/small><h3 class=\"\">Ruutiset 2\/2022<\/h3><p>I detta nummer finns det till exempel artiklar om vibrationer<span style=\"font-style: inherit;font-weight: inherit\">\u00a0orsakade av gruvbrytning,\u00a0<\/span><span style=\"font-style: inherit;font-weight: inherit\">digital teknik inom gruv- och stenbrytningsindustrin, samt en presentation av arbetsf\u00e4ltet Boliden Kevitsa Mining Oy.<\/span>\n\nTidningen finns endast tillg\u00e4nglig p\u00e5 finska. <span class=\"read-more-link\">Lue lehti \u00bb<\/span><\/p><\/div><\/a>\t\t\t\t\t\t<\/div>\r\n\t\t\t\t\t<\/div>\r\n\t\t\t\t<\/div>\r\n\r\n\t\t\t\t\r\n\t\t\t\t<div class=\"col-12 col-md-6 col-xl-4\" data-aos=\"fade-up\" data-aos-delay=\"50\">\r\n\t\t\t\t\t<div class=\"news__box\">\r\n\t\t\t\t\t\t<div class=\"pt-5 pb-4\">\r\n\t\t\t\t\t\t\t<a href=\"https:\/\/issuu.com\/forcitgroup\/docs\/forcit_magazine_ruutiset0622_sivuttain?fr=sNDNjZTE2NjE1MA\" target=\"_blank\"><div class=\"news-thumbnail\" style=\"background-image: url(https:\/\/forcitexplosives.fi\/wp-content\/uploads\/sites\/9\/2022\/08\/Forcit_magazine_Ruutiset0622_kansi.jpg);\"><\/div><div class=\"news-details py-2 px-4\"><small>22.06.2022<\/small><h3 class=\"\">Ruutiset 1\/2022<\/h3><p><span class=\"jCAhz ChMk0b\"><span class=\"ryNqvb\">Denna g\u00e5ng i Ruutiset presenteras Daveytronic Swift, \u00c5rets Laddare 2022 och Tapoj\u00e4rvi Oys verksamhet vid Kemi gruvan.<\/span><\/span> <span class=\"jCAhz ChMk0b\"><span class=\"ryNqvb\">Dessutom information fr\u00e5n aff\u00e4rsomr\u00e5de Consulting och kurskalender.<\/span><\/span>\n\nTidningen finns endast tillg\u00e4nglig p\u00e5 finska. <span class=\"read-more-link\">Lue lehti \u00bb<\/span><\/p><\/div><\/a>\t\t\t\t\t\t<\/div>\r\n\t\t\t\t\t<\/div>\r\n\t\t\t\t<\/div>\r\n\r\n\t\t\t\t\r\n\t\t\t\t<div class=\"col-12 col-md-6 col-xl-4\" data-aos=\"fade-up\" data-aos-delay=\"50\">\r\n\t\t\t\t\t<div class=\"news__box\">\r\n\t\t\t\t\t\t<div class=\"pt-5 pb-4\">\r\n\t\t\t\t\t\t\t<a href=\"https:\/\/issuu.com\/forcitgroup\/docs\/forcit_magazine_ruutiset101221_sivuittain?fr=sN2FkMjE2NjE1MA\" target=\"_blank\"><div class=\"news-thumbnail\" style=\"background-image: url(https:\/\/forcitexplosives.fi\/wp-content\/uploads\/sites\/9\/2021\/12\/Forcit_magazine_Ruutiset101221_kansi.jpg);\"><\/div><div class=\"news-details py-2 px-4\"><small>15.12.2021<\/small><h3 class=\"\">Ruutiset 2\/2021<\/h3><p>Temat i detta nummer \u00e4r HSEQ. Dessutom ing\u00e5r uppgraderingar av EMC3-laddningsenheter, branschnyheter och andra aktuella saker.\n\nTidningen finns endast tillg\u00e4nglig p\u00e5 finska. <span class=\"read-more-link\">Lue lehti \u00bb<\/span><\/p><\/div><\/a>\t\t\t\t\t\t<\/div>\r\n\t\t\t\t\t<\/div>\r\n\t\t\t\t<\/div>\r\n\r\n\t\t\t\t\r\n\t\t\t\t<div class=\"col-12 col-md-6 col-xl-4\" data-aos=\"fade-up\" data-aos-delay=\"50\">\r\n\t\t\t\t\t<div class=\"news__box\">\r\n\t\t\t\t\t\t<div class=\"pt-5 pb-4\">\r\n\t\t\t\t\t\t\t<a href=\"https:\/\/issuu.com\/forcitgroup\/docs\/forcit_magazine_ruutiset062021_sivuittain?fr=sMzVhYTE2NjE1MA\" target=\"_blank\"><div class=\"news-thumbnail\" style=\"background-image: url(https:\/\/forcitexplosives.fi\/wp-content\/uploads\/sites\/9\/2021\/06\/Forcit_magazine_Ruutiset062021_kansi.jpg);\"><\/div><div class=\"news-details py-2 px-4\"><small>28.06.2021<\/small><h3 class=\"\">Ruutiset 1\/2021<\/h3><p>Teman i detta nummer inkluderar ansvar i v\u00e5r verksamhet, anordna fallskydd p\u00e5 bryttningsplats och Kronbroarna-projektet. Inneh\u00e5ller ocks\u00e5 nyheter, aktuella fr\u00e5gor och produktinformation. Endast p\u00e5 finska. <span class=\"read-more-link\">Lue lehti \u00bb<\/span><\/p><\/div><\/a>\t\t\t\t\t\t<\/div>\r\n\t\t\t\t\t<\/div>\r\n\t\t\t\t<\/div>\r\n\r\n\t\t\t\t\r\n\t\t\t\t<div class=\"col-12 col-md-6 col-xl-4\" data-aos=\"fade-up\" data-aos-delay=\"50\">\r\n\t\t\t\t\t<div class=\"news__box\">\r\n\t\t\t\t\t\t<div class=\"pt-5 pb-4\">\r\n\t\t\t\t\t\t\t<a href=\"https:\/\/issuu.com\/forcitgroup\/docs\/forcit_magazine_ruutiset_2_2020_web_sivuittain?fr=sNGRmZDE2NjE1MA\" target=\"_blank\"><div class=\"news-thumbnail\" style=\"background-image: url(https:\/\/forcitexplosives.fi\/wp-content\/uploads\/sites\/9\/2020\/12\/Forcit_magazine_Ruutiset2_2020_kansi.jpg);\"><\/div><div class=\"news-details py-2 px-4\"><small>22.12.2020<\/small><h3 class=\"\">Ruutiset 2\/2020<\/h3><p>Teman i detta nummer inkluderar korona, investeringar och tillv\u00e4xt, f\u00f6rnyelser av blasters-licenser och h\u00e5llbarhets\u00e5tg\u00e4rder. <span class=\"read-more-link\">Lue lehti \u00bb<\/span><\/p><\/div><\/a>\t\t\t\t\t\t<\/div>\r\n\t\t\t\t\t<\/div>\r\n\t\t\t\t<\/div>\r\n\r\n\t\t\t\t\r\n\t\t\t\t<div class=\"col-12 col-md-6 col-xl-4\" data-aos=\"fade-up\" data-aos-delay=\"50\">\r\n\t\t\t\t\t<div class=\"news__box\">\r\n\t\t\t\t\t\t<div class=\"pt-5 pb-4\">\r\n\t\t\t\t\t\t\t<a href=\"https:\/\/issuu.com\/forcitgroup\/docs\/forcit_magazine_ruutiset0620_sivuittain?fr=sNGYwMDE2NjE1MA\" target=\"_blank\"><div class=\"news-thumbnail\" style=\"background-image: url(https:\/\/forcitexplosives.fi\/wp-content\/uploads\/sites\/9\/2020\/10\/Forcit_magazine_Ruutiset0620_kansi.jpg);\"><\/div><div class=\"news-details py-2 px-4\"><small>05.06.2020<\/small><h3 class=\"\">Ruutiset 1\/2020<\/h3><p>Teman i detta nummer inkluderar spr\u00e4ngningsteknologier och applikationer, 50 \u00e5r av FORCIT Consulting och Fordyn-produktfamiljen v\u00e4xer ytterligare. Dessutom finns en artikel om s\u00e4kerhetsplanering i f\u00e4lt. <span class=\"read-more-link\">Lue lehti \u00bb<\/span><\/p><\/div><\/a>\t\t\t\t\t\t<\/div>\r\n\t\t\t\t\t<\/div>\r\n\t\t\t\t<\/div>\r\n\r\n\t\t\t\t\r\n\t\t\t\t<div class=\"col-12 col-md-6 col-xl-4\" data-aos=\"fade-up\" data-aos-delay=\"50\">\r\n\t\t\t\t\t<div class=\"news__box\">\r\n\t\t\t\t\t\t<div class=\"pt-5 pb-4\">\r\n\t\t\t\t\t\t\t<a href=\"https:\/\/issuu.com\/forcitgroup\/docs\/forcit_magazine_ruutiset2019_sivuit_8446c5a64dfe06?fr=sNGIwMTE2NjE1MA\" target=\"_blank\"><div class=\"news-thumbnail\" style=\"background-image: url(https:\/\/forcitexplosives.fi\/wp-content\/uploads\/sites\/9\/2020\/08\/Forcit_magazine_Ruutiset2019_kansi.jpg);\"><\/div><div class=\"news-details py-2 px-4\"><small>01.05.2019<\/small><h3 class=\"\">RUUTISET 1\/2019<\/h3><p>Teman inkluderar milj\u00f6 och s\u00e4kerhet, renoveringen av Mechelininkatu och \u00e5rets laddare. Endast p\u00e5 finska. <span class=\"read-more-link\">Lue lehti \u00bb<\/span><\/p><\/div><\/a>\t\t\t\t\t\t<\/div>\r\n\t\t\t\t\t<\/div>\r\n\t\t\t\t<\/div>\r\n\r\n\t\t\t\t\r\n\t\t\t\t<div class=\"col-12 col-md-6 col-xl-4\" data-aos=\"fade-up\" data-aos-delay=\"50\">\r\n\t\t\t\t\t<div class=\"news__box\">\r\n\t\t\t\t\t\t<div class=\"pt-5 pb-4\">\r\n\t\t\t\t\t\t\t<a href=\"https:\/\/issuu.com\/forcitgroup\/docs\/forcit_magazine_ruutiset131118_sivu?fr=sYTI5ZjE2NjE1MA\" target=\"_blank\"><div class=\"news-thumbnail\" style=\"background-image: url(https:\/\/forcitexplosives.fi\/wp-content\/uploads\/sites\/9\/2020\/10\/Forcit_magazine_Ruutiset131118_kansi.jpg);\"><\/div><div class=\"news-details py-2 px-4\"><small>01.12.2018<\/small><h3 class=\"\">RUUTISET 2\/2018<\/h3><p>Vi introducerar ForDEX-systempaketet, kvalifikationerna f\u00f6r spr\u00e4nghanterare och FORCIT International &#8211; Omfattande leveranspaket till Island <span class=\"read-more-link\">Lue lehti \u00bb<\/span><\/p><\/div><\/a>\t\t\t\t\t\t<\/div>\r\n\t\t\t\t\t<\/div>\r\n\t\t\t\t<\/div>\r\n\r\n\t\t\t\t\r\n\t\t\t\t<div class=\"col-12 col-md-6 col-xl-4\" data-aos=\"fade-up\" data-aos-delay=\"50\">\r\n\t\t\t\t\t<div class=\"news__box\">\r\n\t\t\t\t\t\t<div class=\"pt-5 pb-4\">\r\n\t\t\t\t\t\t\t<a href=\"https:\/\/issuu.com\/forcitgroup\/docs\/forcit_magazine_ruutiset210518_web_?fr=sYTFmNjE2NjE1MA\" target=\"_blank\"><div class=\"news-thumbnail\" style=\"background-image: url(https:\/\/forcitexplosives.fi\/wp-content\/uploads\/sites\/9\/2020\/09\/Forcit_magazine_Ruutiset210518_web_kansi.jpg);\"><\/div><div class=\"news-details py-2 px-4\"><small>01.05.2018<\/small><h3 class=\"\">RUUTISET 1\/2018<\/h3><p>125 \u00e5r gammal Forcit, presentation av Hanko West Harbour f\u00f6rl\u00e4ngningsplats och FORCIT International: Nordisk kunskap till v\u00e4rlden <span class=\"read-more-link\">Lue lehti \u00bb<\/span><\/p><\/div><\/a>\t\t\t\t\t\t<\/div>\r\n\t\t\t\t\t<\/div>\r\n\t\t\t\t<\/div>\r\n\r\n\t\t\t\t\r\n            <\/div>\r\n        <\/div>\r\n    <\/div>\r\n\r\n<\/div>","protected":false},"excerpt":{"rendered":"<p> [&#8230;]<\/p>\n<p><a class=\"btn btn-secondary understrap-read-more-link\" href=\"https:\/\/forcitexplosives.fi\/sv\/ruutiset-sv\/\">L\u00e4s mer \u2026<span class=\"screen-reader-text\"> from Ruutiset<\/span><\/a><\/p>\n","protected":false},"author":1,"featured_media":0,"parent":0,"menu_order":0,"comment_status":"closed","ping_status":"closed","template":"","meta":{"_acf_changed":false,"_monsterinsights_skip_tracking":false,"_monsterinsights_sitenote_active":false,"_monsterinsights_sitenote_note":"","_monsterinsights_sitenote_category":0,"footnotes":""},"class_list":["post-5153","page","type-page","status-publish","hentry"],"acf":[],"_links":{"self":[{"href":"https:\/\/forcitexplosives.fi\/sv\/wp-json\/wp\/v2\/pages\/5153"}],"collection":[{"href":"https:\/\/forcitexplosives.fi\/sv\/wp-json\/wp\/v2\/pages"}],"about":[{"href":"https:\/\/forcitexplosives.fi\/sv\/wp-json\/wp\/v2\/types\/page"}],"author":[{"embeddable":true,"href":"https:\/\/forcitexplosives.fi\/sv\/wp-json\/wp\/v2\/users\/1"}],"replies":[{"embeddable":true,"href":"https:\/\/forcitexplosives.fi\/sv\/wp-json\/wp\/v2\/comments?post=5153"}],"version-history":[{"count":0,"href":"https:\/\/forcitexplosives.fi\/sv\/wp-json\/wp\/v2\/pages\/5153\/revisions"}],"wp:attachment":[{"href":"https:\/\/forcitexplosives.fi\/sv\/wp-json\/wp\/v2\/media?parent=5153"}],"curies":[{"name":"wp","href":"https:\/\/api.w.org\/{rel}","templated":true}]}}