{"id":7048,"date":"2025-01-21T09:36:27","date_gmt":"2025-01-21T07:36:27","guid":{"rendered":"https:\/\/forcitexplosives.fi\/forcit-som-expert\/"},"modified":"2026-02-09T13:33:23","modified_gmt":"2026-02-09T11:33:23","slug":"forcit-som-expert","status":"publish","type":"page","link":"https:\/\/forcitexplosives.fi\/sv\/forcit-som-expert\/","title":{"rendered":"FORCIT SOM EXPERT"},"content":{"rendered":"\r\n\r\n<div class=\"news my-2 pt-2 my-sm-3 pt-sm-3 my-md-4 pt-md-4 my-lg-5 pt-lg-5\">\r\n\r\n\r\n    <div class=\"row news__highlightboxeswrapper position-relative justify-content-md-center\">\r\n\t\t<div class=\"col\">\r\n\t\t\t<div class=\"row\">\r\n\t\t\t\t<div class=\"col\" data-aos=\"fade-up\">\r\n\t\t\t\t\t<h2 class=\"text-uppercase hyphen\">FORCIT SOM EXPERT<\/h2>\r\n\t\t\t\t<\/div>\r\n\t\t\t<\/div>\r\n\t\t\t<div class=\"row\">\r\n\r\n\t\t\t\t\t\t\t\t\t<div class=\"col-12 col-md\" data-aos=\"fade-up\" data-aos-delay=\"50\">\r\n\t\t\t\t\t\t<div class=\"row\">\r\n\t\t\t\t\t\t\t<div class=\"col lead mb-4\">\r\n\t\t\t\t\t\t\t\t<p>V\u00e4lkommen att f\u00f6rdjupa din kompetens och l\u00e4sa om tekniska l\u00f6sningar, produkter och utvecklingssteg!<\/p>\n<p>P\u00e5 den h\u00e4r sidan tar vi oss an branschens utmaningar och delar med oss av v\u00e5r erfarenhet, kunskap och v\u00e5ra l\u00f6sningar \u2013 s\u00e5 att du kan dra nytta av v\u00e5rt kunnande. H\u00e4r hittar du b\u00e5de artiklar fr\u00e5n v\u00e5r finska kundtidning Ruutiset och andra texter skrivna av experter.<\/p>\n<p>Du kan ocks\u00e5 f\u00f6resl\u00e5 nya \u00e4mnen eller skicka in fr\u00e5gor till oss p\u00e5 forcit@forcit.fi.<\/p>\n\t\t\t\t\t\t\t<\/div>\r\n\t\t\t\t\t\t<\/div>\r\n\t\t\t\t\t<\/div>\r\n\r\n\t\t\t\t\r\n\t\t\t\t\t\t\t\t\t<div class=\"col-12 col-md\" data-aos=\"fade-up\" data-aos-delay=\"100\">\r\n\t\t\t\t\t\t<div class=\"news__box\">\r\n\t\t\t\t\t\t\t\t\t\t\t\t\t\t\t\t\t<a href=\"https:\/\/forcitexplosives.fi\/sv\/blogs\/halsa-sakerhet-och-miljohansyn-vid-anvandning-av-hpe-explosivamnen-ruutiset-2-2025\/\t\t\t\t\t\t\t\t\t\t\"><div class=\"news-thumbnail\" style=\"background-image: url(https:\/\/forcitexplosives.fi\/wp-content\/uploads\/sites\/9\/2025\/11\/Timo-Halme-pitamassa-esitysta_75ppi_RGB-scaled.jpg);\"><\/div><div class=\"news-details-big py-2 px-2 px-md-3 px-lg-4\"><small>24.12.2025<\/small><h3>H\u00c4LSA, S\u00c4KERHET OCH MILJ\u00d6H\u00c4NSYN VID ANV\u00c4NDNING AV HPE-EXPLOSIV\u00c4MNEN (RUUTISET 2\/2025)<\/h3><p>Blogginl\u00e4gget inneh\u00e5ller en sammanfattning av artikeln av Timo Halme fr\u00e5n FORCIT Explosives, som presenterades och&hellip; <span class=\"read-more-link\">L\u00e4s mer \u00bb<\/span><\/p><\/div><\/a>\t\t\t\t\t\t<\/div>\r\n\t\t\t\t\t<\/div>\r\n\t\t\t\t\r\n\t\t\t<\/div>\r\n\t\t<\/div>\r\n    <\/div>\r\n\r\n\r\n\r\n    <div class=\"row news__highlightboxeswrapper position-relative justify-content-md-center\">\r\n        <div class=\"col\">\r\n            <div class=\"row\">\r\n\r\n\r\n\t\t\t\r\n\t\t\t\t<div class=\"col-12 col-md-6 col-xl-4\" data-aos=\"fade-up\" data-aos-delay=\"50\">\r\n\t\t\t\t\t<div class=\"news__box\">\r\n\t\t\t\t\t\t<div class=\"pt-5 pb-4\">\r\n\t\t\t\t\t\t\t<a href=\"https:\/\/forcitexplosives.fi\/sv\/blogs\/sakerheten-i-forsta-hand-sakerhetstolpe-ruutiset-1-2025\/\"><div class=\"news-thumbnail\" style=\"background-image: url(https:\/\/forcitexplosives.fi\/wp-content\/uploads\/sites\/9\/2025\/11\/turvatolppa_75ppi_RGB_web_cut-1-e1767891670383.jpg);\"><\/div><div class=\"news-details py-2 px-2 px-md-3 px-lg-4\"><small>15.12.2025<\/small><h3 class=\"\">S\u00c4KERHETEN I F\u00d6RSTA HAND: S\u00c4KERHETSTOLPE (RUUTISET 1\/2025)<\/h3><p>Den s\u00e4kerhetsstolpe som FORCIT anv\u00e4nder och s\u00e4ljer \u00e4r en del&hellip; <span class=\"read-more-link\">L\u00e4s mer \u00bb<\/span><\/p><\/div><\/a>\t\t\t\t\t\t<\/div>\r\n\t\t\t\t\t<\/div>\r\n\t\t\t\t<\/div>\r\n\r\n\t\t\t\t\r\n\t\t\t\t<div class=\"col-12 col-md-6 col-xl-4\" data-aos=\"fade-up\" data-aos-delay=\"50\">\r\n\t\t\t\t\t<div class=\"news__box\">\r\n\t\t\t\t\t\t<div class=\"pt-5 pb-4\">\r\n\t\t\t\t\t\t\t<a href=\"https:\/\/forcitexplosives.fi\/sv\/blogs\/dagens-matvarde-fordyn-vs-kemix-a-i-vattenfyllt-borrhal-ruutiset-1-2025\/\"><div class=\"news-thumbnail\" style=\"background-image: url(https:\/\/forcitexplosives.fi\/wp-content\/uploads\/sites\/9\/2025\/12\/Stubin_75ppi_RGB-e1767892769341.jpg);\"><\/div><div class=\"news-details py-2 px-2 px-md-3 px-lg-4\"><small>15.12.2025<\/small><h3 class=\"\">DAGENS M\u00c4TV\u00c4RDE: FORDYN VS. KEMIX A I VATTENFYLLT BORRH\u00c5L (RUUTISET 1\/2025)<\/h3><p>Det \u00e4r v\u00e4lk\u00e4nt att emulsionsspr\u00e4ng\u00e4mnespatroner, s\u00e5som Kemix A, sjunker l\u00e5ngsammare&hellip; <span class=\"read-more-link\">L\u00e4s mer \u00bb<\/span><\/p><\/div><\/a>\t\t\t\t\t\t<\/div>\r\n\t\t\t\t\t<\/div>\r\n\t\t\t\t<\/div>\r\n\r\n\t\t\t\t\r\n\t\t\t\t<div class=\"col-12 col-md-6 col-xl-4\" data-aos=\"fade-up\" data-aos-delay=\"50\">\r\n\t\t\t\t\t<div class=\"news__box\">\r\n\t\t\t\t\t\t<div class=\"pt-5 pb-4\">\r\n\t\t\t\t\t\t\t<a href=\"https:\/\/forcitexplosives.fi\/sv\/blogs\/forcits-ecm3-utrustning-fortsatter-att-vaxa-ruutiset-2-2024\/\"><div class=\"news-thumbnail\" style=\"background-image: url(https:\/\/forcitexplosives.fi\/wp-content\/uploads\/sites\/9\/2025\/11\/ECM-75ppi_RGB_web_MH-scaled-e1765441152694.jpg);\"><\/div><div class=\"news-details py-2 px-2 px-md-3 px-lg-4\"><small>15.12.2025<\/small><h3 class=\"\">FORCITs ECM3-UTRUSTNING FORTS\u00c4TTER ATT V\u00c4XA (RUUTISET 2\/2024)<\/h3><p>FORCITs laddningsmoduler f\u00f6r underjordisk laddning, s\u00e5 kallade ECM (Emulsion Charging&hellip; <span class=\"read-more-link\">L\u00e4s mer \u00bb<\/span><\/p><\/div><\/a>\t\t\t\t\t\t<\/div>\r\n\t\t\t\t\t<\/div>\r\n\t\t\t\t<\/div>\r\n\r\n\t\t\t\t\r\n\t\t\t\t<div class=\"col-12 col-md-6 col-xl-4\" data-aos=\"fade-up\" data-aos-delay=\"50\">\r\n\t\t\t\t\t<div class=\"news__box\">\r\n\t\t\t\t\t\t<div class=\"pt-5 pb-4\">\r\n\t\t\t\t\t\t\t<a href=\"https:\/\/forcitexplosives.fi\/sv\/blogs\/ecm3-uppgraderad-underjordsutrustning-ruutiset-1-2023\/\"><div class=\"news-thumbnail\" style=\"background-image: url(https:\/\/forcitexplosives.fi\/wp-content\/uploads\/sites\/9\/2025\/10\/ECM3-Kankberget-2023-rgb_150ppi_DSC05609_pienempi-e1765440864120.png);\"><\/div><div class=\"news-details py-2 px-2 px-md-3 px-lg-4\"><small>15.06.2025<\/small><h3 class=\"\">ECM3 \u2013 UPPGRADERAD UNDERJORDSUTRUSTNING (RUUTISET 1\/2023)<\/h3><p>Med nya funktioner f\u00f6r tidigare modulgenerationer FORCITs laddningsmoduler f\u00f6r underjordsladdning,&hellip; <span class=\"read-more-link\">L\u00e4s mer \u00bb<\/span><\/p><\/div><\/a>\t\t\t\t\t\t<\/div>\r\n\t\t\t\t\t<\/div>\r\n\t\t\t\t<\/div>\r\n\r\n\t\t\t\t\r\n\t\t\t\t<div class=\"col-12 col-md-6 col-xl-4\" data-aos=\"fade-up\" data-aos-delay=\"50\">\r\n\t\t\t\t\t<div class=\"news__box\">\r\n\t\t\t\t\t\t<div class=\"pt-5 pb-4\">\r\n\t\t\t\t\t\t\t<a href=\"https:\/\/forcitexplosives.fi\/sv\/blogs\/farlig-situation-pa-arbetsplatsen-hur-kan-liknande-handelser-forebyggas-i-framtiden-ruutiset-2-2021\/\"><div class=\"news-thumbnail\" style=\"background-image: url(https:\/\/forcitexplosives.fi\/wp-content\/uploads\/sites\/9\/2026\/01\/DSC_0043_powerpoint.jpg);\"><\/div><div class=\"news-details py-2 px-2 px-md-3 px-lg-4\"><small>14.04.2025<\/small><h3 class=\"\">FARLIG SITUATION P\u00c5 ARBETSPLATSEN \u2013 HUR KAN LIKNANDE H\u00c4NDELSER F\u00d6REBYGGAS I FRAMTIDEN? (RUUTISET 2\/2021)<\/h3><p>Artikeln baseras p\u00e5 en intervju med en laddare som r\u00e5kade&hellip; <span class=\"read-more-link\">L\u00e4s mer \u00bb<\/span><\/p><\/div><\/a>\t\t\t\t\t\t<\/div>\r\n\t\t\t\t\t<\/div>\r\n\t\t\t\t<\/div>\r\n\r\n\t\t\t\t\r\n\t\t\t\t<div class=\"col-12 col-md-6 col-xl-4\" data-aos=\"fade-up\" data-aos-delay=\"50\">\r\n\t\t\t\t\t<div class=\"news__box\">\r\n\t\t\t\t\t\t<div class=\"pt-5 pb-4\">\r\n\t\t\t\t\t\t\t<a href=\"https:\/\/forcitexplosives.fi\/sv\/blogs\/utvecklingsstatus-for-kvavefritt-sprangamne-for-bergsprangning-ruutiset-1-2024\/\"><div class=\"news-thumbnail\" style=\"background-image: url(https:\/\/forcitexplosives.fi\/wp-content\/uploads\/sites\/9\/2025\/10\/Kuva-1-HPEn-Valmistus-6495_75ppi_RGB_MH-e1767892869271.jpg);\"><\/div><div class=\"news-details py-2 px-2 px-md-3 px-lg-4\"><small>15.06.2024<\/small><h3 class=\"\">UTVECKLINGSSTATUS F\u00d6R KV\u00c4VEFRITT SPR\u00c4NG\u00c4MNE F\u00d6R BERGSPR\u00c4NGNING (RUUTISET 1\/2024)<\/h3><p>FORCIT har under l\u00e5ng tid bedrivit forskning och utveckling med&hellip; <span class=\"read-more-link\">L\u00e4s mer \u00bb<\/span><\/p><\/div><\/a>\t\t\t\t\t\t<\/div>\r\n\t\t\t\t\t<\/div>\r\n\t\t\t\t<\/div>\r\n\r\n\t\t\t\t\r\n\t\t\t\t<div class=\"col-12 col-md-6 col-xl-4\" data-aos=\"fade-up\" data-aos-delay=\"50\">\r\n\t\t\t\t\t<div class=\"news__box\">\r\n\t\t\t\t\t\t<div class=\"pt-5 pb-4\">\r\n\t\t\t\t\t\t\t<a href=\"https:\/\/forcitexplosives.fi\/sv\/blogs\/provsparningar-i-kampen-ruutiset-1-2024\/\"><div class=\"news-thumbnail\" style=\"background-image: url(https:\/\/forcitexplosives.fi\/wp-content\/uploads\/sites\/9\/2024\/06\/Terveys-ja-hyvinvointikeskus_75ppi_RGB_PES-Arkkitehdit.jpg);\"><\/div><div class=\"news-details py-2 px-2 px-md-3 px-lg-4\"><small>15.06.2024<\/small><h3 class=\"\">PROVSP\u00c4RNINGAR I KAMPEN (RUUTISET 1\/2024)<\/h3><p>I slutet av 2023 stod YIT:s arbetsplatschef Henri Mattila inf\u00f6r&hellip; <span class=\"read-more-link\">L\u00e4s mer \u00bb<\/span><\/p><\/div><\/a>\t\t\t\t\t\t<\/div>\r\n\t\t\t\t\t<\/div>\r\n\t\t\t\t<\/div>\r\n\r\n\t\t\t\t\r\n\t\t\t\t<div class=\"col-12 col-md-6 col-xl-4\" data-aos=\"fade-up\" data-aos-delay=\"50\">\r\n\t\t\t\t\t<div class=\"news__box\">\r\n\t\t\t\t\t\t<div class=\"pt-5 pb-4\">\r\n\t\t\t\t\t\t\t<a href=\"https:\/\/forcitexplosives.fi\/sv\/blogs\/praktiska-fordelar-av-matningar-pa-arbetsplatsen-ruutiset-2-2021\/\"><div class=\"news-thumbnail\" style=\"background-image: url(https:\/\/forcitexplosives.fi\/wp-content\/uploads\/sites\/9\/2026\/01\/rappukallio-8_web-e1768297181249.jpg);\"><\/div><div class=\"news-details py-2 px-2 px-md-3 px-lg-4\"><small>15.12.2021<\/small><h3 class=\"\">PRAKTISKA F\u00d6RDELAR AV M\u00c4TNINGAR P\u00c5 ARBETSPLATSEN (RUUTISET 2\/2021)<\/h3><p>Under de senaste \u00e5ren har m\u00e5nga av v\u00e5ra kunder h\u00f6rt&hellip; <span class=\"read-more-link\">L\u00e4s mer \u00bb<\/span><\/p><\/div><\/a>\t\t\t\t\t\t<\/div>\r\n\t\t\t\t\t<\/div>\r\n\t\t\t\t<\/div>\r\n\r\n\t\t\t\t\r\n            <\/div>\r\n        <\/div>\r\n    <\/div>\r\n\r\n<\/div>\n\n\n<p><\/p>\n","protected":false},"excerpt":{"rendered":"<p> [&#8230;]<\/p>\n<p><a class=\"btn btn-secondary understrap-read-more-link\" href=\"https:\/\/forcitexplosives.fi\/sv\/forcit-som-expert\/\">L\u00e4s mer \u2026<span class=\"screen-reader-text\"> from FORCIT SOM EXPERT<\/span><\/a><\/p>\n","protected":false},"author":1,"featured_media":0,"parent":0,"menu_order":0,"comment_status":"closed","ping_status":"closed","template":"","meta":{"_acf_changed":false,"_monsterinsights_skip_tracking":false,"_monsterinsights_sitenote_active":false,"_monsterinsights_sitenote_note":"","_monsterinsights_sitenote_category":0,"footnotes":""},"class_list":["post-7048","page","type-page","status-publish","hentry"],"acf":[],"_links":{"self":[{"href":"https:\/\/forcitexplosives.fi\/sv\/wp-json\/wp\/v2\/pages\/7048"}],"collection":[{"href":"https:\/\/forcitexplosives.fi\/sv\/wp-json\/wp\/v2\/pages"}],"about":[{"href":"https:\/\/forcitexplosives.fi\/sv\/wp-json\/wp\/v2\/types\/page"}],"author":[{"embeddable":true,"href":"https:\/\/forcitexplosives.fi\/sv\/wp-json\/wp\/v2\/users\/1"}],"replies":[{"embeddable":true,"href":"https:\/\/forcitexplosives.fi\/sv\/wp-json\/wp\/v2\/comments?post=7048"}],"version-history":[{"count":0,"href":"https:\/\/forcitexplosives.fi\/sv\/wp-json\/wp\/v2\/pages\/7048\/revisions"}],"wp:attachment":[{"href":"https:\/\/forcitexplosives.fi\/sv\/wp-json\/wp\/v2\/media?parent=7048"}],"curies":[{"name":"wp","href":"https:\/\/api.w.org\/{rel}","templated":true}]}}