{"id":1589,"date":"2020-08-19T11:59:56","date_gmt":"2020-08-19T08:59:56","guid":{"rendered":"https:\/\/forcitexplosives.fi\/?post_type=product&#038;p=1589"},"modified":"2026-01-27T13:35:03","modified_gmt":"2026-01-27T11:35:03","slug":"fordyn-3","status":"publish","type":"product","link":"https:\/\/forcitexplosives.fi\/sv\/product\/fordyn-3\/","title":{"rendered":"FORDYN"},"content":{"rendered":"<p><strong>Fordyn<\/strong>-dynamit \u00e4r ett gelatinspr\u00e4ng\u00e4mne som inneh\u00e5ller bland annat nitroglykol och ammoniumnitrat.<\/p>\n<p>Fordyn \u00e4r l\u00e4mpligt f\u00f6r alla typer av spr\u00e4ngning i normala f\u00f6rh\u00e5llanden. Fordyn-egenskaperna g\u00f6r produkten s\u00e4rskilt l\u00e4mplig som basladdning ovan jord, f\u00f6r undervattensladdning, kanalisering och f\u00f6r spr\u00e4ngning i befolkade omr\u00e5den. Patroner med en diameter \u00f6ver 43 mm \u00e4r l\u00e4mpliga som f\u00f6rst\u00e4rkare f\u00f6r bulkspr\u00e4ng\u00e4mnen som ANFO och Kemiitti tack vare deras h\u00f6ga detonationstryck. Fordyn \u00e4r ocks\u00e5 l\u00e4mpligt f\u00f6r precisionsspr\u00e4ngning, d\u00e4r extremt sm\u00e5 m\u00e4ngder spr\u00e4ng\u00e4mnen anv\u00e4nds, eftersom materialet \u00e4r l\u00e4tt att sk\u00e4ra till sm\u00e5 doser.<\/p>\n","protected":false},"featured_media":3464,"template":"","product_category":[458],"class_list":["post-1589","product","type-product","status-publish","has-post-thumbnail","hentry","product_category-forpackade-produkter-sv"],"acf":[],"_links":{"self":[{"href":"https:\/\/forcitexplosives.fi\/sv\/wp-json\/wp\/v2\/product\/1589"}],"collection":[{"href":"https:\/\/forcitexplosives.fi\/sv\/wp-json\/wp\/v2\/product"}],"about":[{"href":"https:\/\/forcitexplosives.fi\/sv\/wp-json\/wp\/v2\/types\/product"}],"wp:featuredmedia":[{"embeddable":true,"href":"https:\/\/forcitexplosives.fi\/sv\/wp-json\/wp\/v2\/media\/3464"}],"wp:attachment":[{"href":"https:\/\/forcitexplosives.fi\/sv\/wp-json\/wp\/v2\/media?parent=1589"}],"wp:term":[{"taxonomy":"product_category","embeddable":true,"href":"https:\/\/forcitexplosives.fi\/sv\/wp-json\/wp\/v2\/product_category?post=1589"}],"curies":[{"name":"wp","href":"https:\/\/api.w.org\/{rel}","templated":true}]}}