{"id":1595,"date":"2020-08-19T14:25:40","date_gmt":"2020-08-19T11:25:40","guid":{"rendered":"https:\/\/forcitexplosives.fi\/?post_type=product&#038;p=1595"},"modified":"2026-04-02T18:10:53","modified_gmt":"2026-04-02T15:10:53","slug":"anfo-2","status":"publish","type":"product","link":"https:\/\/forcitexplosives.fi\/sv\/product\/anfo-2\/","title":{"rendered":"ANFO, ANFO 800, ANFO WR och ANFO UP-HOLE"},"content":{"rendered":"<p><strong>ANFOr<\/strong> baserar sig p\u00e5 en blandning av prillad ammoniumnitrat och br\u00e4nnolja. Med tillsats\u00e4mnen kan ANFO ocks\u00e5 anv\u00e4ndas i fuktiga f\u00f6rh\u00e5llanden eller i upp\u00e5tg\u00e5ende h\u00e5l.<\/p>\n<p>ANFOr \u00e4r spr\u00e4ng\u00e4mnen f\u00f6r massbrytning som anv\u00e4nds som pipladdningar vid dagbrottsbrytningar samt i tunnelbrytningar. Fyra olika kvaliteter av ANFO har utvecklats f\u00f6r att passa olika f\u00f6rh\u00e5llanden och anv\u00e4ndnings\u00e4ndam\u00e5l.<\/p>\n<ul>\n<li><strong>ANFO<\/strong> \u00e4r avsedd att anv\u00e4ndas i torra borrh\u00e5l. Det \u00e4r inte vattent\u00e5ligt, s\u00e5 det kan inte anv\u00e4ndas i fuktiga h\u00e5l.<\/li>\n<li><strong>ANFO 800<\/strong> har l\u00e4ttare densitet \u00e4n Anfo, d\u00e4rf\u00f6r \u00e4r \u00e4ven laddningsgraden l\u00e4gre.<\/li>\n<li><strong>ANFO WR (AHTI-ANFO)<\/strong> t\u00e5l fukt ganska v\u00e4l. Ahti-Anfo kan laddas i fuktiga h\u00e5l n\u00e4r vattnet har bl\u00e5sts bort fr\u00e5n h\u00e5len f\u00f6re laddningen.<\/li>\n<li><strong>ANFO UP-HOLE (PITO-ANFO)<\/strong> \u00e4r avsett f\u00f6r laddning av upp\u00e5tg\u00e5ende h\u00e5l.<\/li>\n<\/ul>\n","protected":false},"featured_media":3509,"template":"","product_category":[460],"class_list":["post-1595","product","type-product","status-publish","has-post-thumbnail","hentry","product_category-bulk-produkter-sv"],"acf":[],"_links":{"self":[{"href":"https:\/\/forcitexplosives.fi\/sv\/wp-json\/wp\/v2\/product\/1595"}],"collection":[{"href":"https:\/\/forcitexplosives.fi\/sv\/wp-json\/wp\/v2\/product"}],"about":[{"href":"https:\/\/forcitexplosives.fi\/sv\/wp-json\/wp\/v2\/types\/product"}],"wp:featuredmedia":[{"embeddable":true,"href":"https:\/\/forcitexplosives.fi\/sv\/wp-json\/wp\/v2\/media\/3509"}],"wp:attachment":[{"href":"https:\/\/forcitexplosives.fi\/sv\/wp-json\/wp\/v2\/media?parent=1595"}],"wp:term":[{"taxonomy":"product_category","embeddable":true,"href":"https:\/\/forcitexplosives.fi\/sv\/wp-json\/wp\/v2\/product_category?post=1595"}],"curies":[{"name":"wp","href":"https:\/\/api.w.org\/{rel}","templated":true}]}}