{"id":1603,"date":"2020-08-17T14:35:07","date_gmt":"2020-08-17T11:35:07","guid":{"rendered":"https:\/\/forcitexplosives.fi\/?post_type=product&#038;p=1603"},"modified":"2026-03-03T14:04:54","modified_gmt":"2026-03-03T12:04:54","slug":"kemiitti-510-3","status":"publish","type":"product","link":"https:\/\/forcitexplosives.fi\/sv\/product\/kemiitti-510-3\/","title":{"rendered":"KEMIITTI 510"},"content":{"rendered":"<p><strong>Kemiitti 510<\/strong> \u00e4r ett emulsionsspr\u00e4ng\u00e4mne dopat med ammoniumnitratprills (0\u201330 %) som sensibiliseras kemiskt fr\u00e5n emulsionsmatrisen vid laddningsst\u00e4llet. Produkten tillverkas av avancerade laddningsenheter som transporterar och blandar mellanledsprodukter p\u00e5 laddningsplatsen. N\u00e4r produkten har blandats pumpas den genom en slang direkt in i borrh\u00e5let d\u00e4r den sensibiliseras till ett f\u00e4rdigt spr\u00e4ng\u00e4mne p\u00e5 10\u201330 minuter fr\u00e5n laddning.<\/p>\n<p>Kemiitti 510 passar alla till\u00e4mpningar ovan jord, s\u00e4rskilt i verksamheter som kr\u00e4ver snabb laddning och\/eller god vattenbest\u00e4ndighet. Produkten \u00e4r fettliknande i konsistensen och har en vit eller gulaktig f\u00e4rg. Beroende p\u00e5 r\u00e5materialbeh\u00e5llarnas kapacitet kan 12 till 14 ton f\u00e4rdigt spr\u00e4ng\u00e4mne tillverkas p\u00e5 fordonet i en omg\u00e5ng. Lokala best\u00e4mmelser m\u00e5ste beaktas n\u00e4r Kemiitti 510 anv\u00e4nds.<\/p>\n","protected":false},"featured_media":5366,"template":"","product_category":[460],"class_list":["post-1603","product","type-product","status-publish","has-post-thumbnail","hentry","product_category-bulk-produkter-sv"],"acf":[],"_links":{"self":[{"href":"https:\/\/forcitexplosives.fi\/sv\/wp-json\/wp\/v2\/product\/1603"}],"collection":[{"href":"https:\/\/forcitexplosives.fi\/sv\/wp-json\/wp\/v2\/product"}],"about":[{"href":"https:\/\/forcitexplosives.fi\/sv\/wp-json\/wp\/v2\/types\/product"}],"wp:featuredmedia":[{"embeddable":true,"href":"https:\/\/forcitexplosives.fi\/sv\/wp-json\/wp\/v2\/media\/5366"}],"wp:attachment":[{"href":"https:\/\/forcitexplosives.fi\/sv\/wp-json\/wp\/v2\/media?parent=1603"}],"wp:term":[{"taxonomy":"product_category","embeddable":true,"href":"https:\/\/forcitexplosives.fi\/sv\/wp-json\/wp\/v2\/product_category?post=1603"}],"curies":[{"name":"wp","href":"https:\/\/api.w.org\/{rel}","templated":true}]}}