{"id":1609,"date":"2020-08-17T14:36:35","date_gmt":"2020-08-17T11:36:35","guid":{"rendered":"https:\/\/forcitexplosives.fi\/?post_type=product&#038;p=1609"},"modified":"2026-03-03T14:05:35","modified_gmt":"2026-03-03T12:05:35","slug":"kemiitti-610-2-2","status":"publish","type":"product","link":"https:\/\/forcitexplosives.fi\/sv\/product\/kemiitti-610-2-2\/","title":{"rendered":"KEMIITTI 610"},"content":{"rendered":"<p><strong>Kemiitti 610\u00a0<\/strong>\u00e4r ett kemiskt sensibiliserat emulsionsspr\u00e4ng\u00e4mne dopat med ammoniumnitratprills (0-40 %). Produkten \u00e4r tillverkad av emulsionsmatris och pumpas genom en slang direkt in i borrh\u00e5let p\u00e5 plats. I borrh\u00e5let sensibiliseras produkten till ett f\u00e4rdigt spr\u00e4ng\u00e4mne inom 10\u201330 minuter efter laddning.<\/p>\n<p>Kemiitti 610 passar alla till\u00e4mpningar ovan jord, s\u00e4rskilt i verksamheter som kr\u00e4ver snabb laddning och\/eller god vattenbest\u00e4ndighet. Produkten \u00e4r fettliknande i konsistensen och har en vit eller gulaktig f\u00e4rg. Beroende p\u00e5 r\u00e5materialbeh\u00e5llarnas kapacitet kan 12 till 20 ton f\u00e4rdigt spr\u00e4ng\u00e4mne tillverkas p\u00e5 fordonet i en omg\u00e5ng. Lokala best\u00e4mmelser m\u00e5ste beaktas n\u00e4r Kemiitti 610 anv\u00e4nds.<\/p>\n","protected":false},"featured_media":5367,"template":"","product_category":[460],"class_list":["post-1609","product","type-product","status-publish","has-post-thumbnail","hentry","product_category-bulk-produkter-sv"],"acf":[],"_links":{"self":[{"href":"https:\/\/forcitexplosives.fi\/sv\/wp-json\/wp\/v2\/product\/1609"}],"collection":[{"href":"https:\/\/forcitexplosives.fi\/sv\/wp-json\/wp\/v2\/product"}],"about":[{"href":"https:\/\/forcitexplosives.fi\/sv\/wp-json\/wp\/v2\/types\/product"}],"wp:featuredmedia":[{"embeddable":true,"href":"https:\/\/forcitexplosives.fi\/sv\/wp-json\/wp\/v2\/media\/5367"}],"wp:attachment":[{"href":"https:\/\/forcitexplosives.fi\/sv\/wp-json\/wp\/v2\/media?parent=1609"}],"wp:term":[{"taxonomy":"product_category","embeddable":true,"href":"https:\/\/forcitexplosives.fi\/sv\/wp-json\/wp\/v2\/product_category?post=1609"}],"curies":[{"name":"wp","href":"https:\/\/api.w.org\/{rel}","templated":true}]}}