{"id":2208,"date":"2020-08-19T11:53:52","date_gmt":"2020-08-19T08:53:52","guid":{"rendered":"https:\/\/forcitexplosives.fi\/?post_type=product&#038;p=2208"},"modified":"2026-04-02T17:57:14","modified_gmt":"2026-04-02T14:57:14","slug":"kemiitti-810-2","status":"publish","type":"product","link":"https:\/\/forcitexplosives.fi\/sv\/product\/kemiitti-810-2\/","title":{"rendered":"KEMIITTI 810 UG"},"content":{"rendered":"<p><strong>Kemiitti 810<\/strong> \u00e4r ett kemiskt sensibiliserat emulsionsspr\u00e4ng\u00e4mne. Produkten tillverkas emulsionsmatris p\u00e5 laddningsplatsen och pumpas genom en slang direkt in i borrh\u00e5let. Produkten laddas genom att den pumpas in den i upp\u00e5triktade, ned\u00e5triktade och horisontella borrh\u00e5l med hj\u00e4lp av skr\u00e4ddarsydda laddningsenheter. Produkten sensibiliseras till ett f\u00e4rdigt spr\u00e4ng\u00e4mne inom 10\u201330 minuter efter laddning.<\/p>\n<p>K810 UG passar alla till\u00e4mpningar inom schaktning under jord, s\u00e4rskilt i verksamheter som kr\u00e4ver snabbladdning och\/eller god vattenbest\u00e4ndighet. Produkten \u00e4r fettliknande i konsistensen och har en vit eller gulaktig f\u00e4rg. R\u00e5varorna till Kemiitti 810 UG (matris och gasningsmedel) levereras till kunden i transporttankar eller IBC. Lokala best\u00e4mmelser m\u00e5ste beaktas n\u00e4r Kemiitti 810 UG anv\u00e4nds.<\/p>\n<p>En s\u00e4rskilt utformad Kemiitti 810 UG-produkt under namnet <strong>Kemiitti 810 UGX<\/strong> har tagits fram f\u00f6r laddning av upp\u00e5tg\u00e5ende h\u00e5l. Dess explosiva egenskaper samt hanterings- och f\u00f6rvaringsinstruktionerna \u00e4r desamma som f\u00f6r K810 UG-produkten, men K810 UGX-emulsionen har b\u00e4ttre vidh\u00e4ftning i upp\u00e5tg\u00e5ende h\u00e5l tack en komponent som lagts till i matrisen.<\/p>\n","protected":false},"featured_media":5364,"template":"","product_category":[460],"class_list":["post-2208","product","type-product","status-publish","has-post-thumbnail","hentry","product_category-bulk-produkter-sv"],"acf":[],"_links":{"self":[{"href":"https:\/\/forcitexplosives.fi\/sv\/wp-json\/wp\/v2\/product\/2208"}],"collection":[{"href":"https:\/\/forcitexplosives.fi\/sv\/wp-json\/wp\/v2\/product"}],"about":[{"href":"https:\/\/forcitexplosives.fi\/sv\/wp-json\/wp\/v2\/types\/product"}],"wp:featuredmedia":[{"embeddable":true,"href":"https:\/\/forcitexplosives.fi\/sv\/wp-json\/wp\/v2\/media\/5364"}],"wp:attachment":[{"href":"https:\/\/forcitexplosives.fi\/sv\/wp-json\/wp\/v2\/media?parent=2208"}],"wp:term":[{"taxonomy":"product_category","embeddable":true,"href":"https:\/\/forcitexplosives.fi\/sv\/wp-json\/wp\/v2\/product_category?post=2208"}],"curies":[{"name":"wp","href":"https:\/\/api.w.org\/{rel}","templated":true}]}}