{"id":2213,"date":"2020-12-04T13:26:22","date_gmt":"2020-12-04T11:26:22","guid":{"rendered":"https:\/\/forcitexplosives.fi\/?post_type=product&#038;p=2213"},"modified":"2024-06-19T09:40:56","modified_gmt":"2024-06-19T06:40:56","slug":"merikemiitti-2","status":"publish","type":"product","link":"https:\/\/forcitexplosives.fi\/sv\/product\/merikemiitti-2\/","title":{"rendered":"MERIKEMIITTI"},"content":{"rendered":"<p><strong>Merikemiitti<\/strong> \u00e4r ett aluminiserat klass 1.1-emulsionsspr\u00e4ng\u00e4mne avsett f\u00f6r undervattensspr\u00e4ngning av berg. Produkten pumpas in i borrh\u00e5let med hj\u00e4lp av en skr\u00e4ddarsydd laddningsenhet.<\/p>\n<p>Offshore Kemiitti \u00e4r v\u00e4l l\u00e4mpad f\u00f6r undervattensspr\u00e4ngning, s\u00e4rskilt vid till\u00e4mpningar som kr\u00e4ver h\u00f6g pulverfaktor, en snabb laddningsprocess och en bulkprodukt som t\u00e5l b\u00e5de vatten och hydrostatiskt tryck. Offshore Kemiitti levereras till kund i specialgodk\u00e4nda IBC-beh\u00e5llare av plast med en maximal kapacitet p\u00e5 1000 kg. Detta underl\u00e4ttar lagring och transport av produkten.<\/p>\n","protected":false},"featured_media":0,"template":"","product_category":[460],"class_list":["post-2213","product","type-product","status-publish","hentry","product_category-bulk-produkter-sv"],"acf":[],"_links":{"self":[{"href":"https:\/\/forcitexplosives.fi\/sv\/wp-json\/wp\/v2\/product\/2213"}],"collection":[{"href":"https:\/\/forcitexplosives.fi\/sv\/wp-json\/wp\/v2\/product"}],"about":[{"href":"https:\/\/forcitexplosives.fi\/sv\/wp-json\/wp\/v2\/types\/product"}],"wp:attachment":[{"href":"https:\/\/forcitexplosives.fi\/sv\/wp-json\/wp\/v2\/media?parent=2213"}],"wp:term":[{"taxonomy":"product_category","embeddable":true,"href":"https:\/\/forcitexplosives.fi\/sv\/wp-json\/wp\/v2\/product_category?post=2213"}],"curies":[{"name":"wp","href":"https:\/\/api.w.org\/{rel}","templated":true}]}}