{"id":2215,"date":"2020-08-19T12:02:46","date_gmt":"2020-08-19T09:02:46","guid":{"rendered":"https:\/\/forcitexplosives.fi\/?post_type=product&#038;p=2215"},"modified":"2026-04-02T18:01:21","modified_gmt":"2026-04-02T15:01:21","slug":"kemix-kemix-a-patroner","status":"publish","type":"product","link":"https:\/\/forcitexplosives.fi\/sv\/product\/kemix-kemix-a-patroner\/","title":{"rendered":"KEMIX, KEMIX A &amp; KEMIX A MP PATRONER"},"content":{"rendered":"<p><strong>KEMIX A<\/strong>&#8211; och <strong>Kemix A MP<\/strong>-patroner \u00e4r emulsionsspr\u00e4ng\u00e4mne inneh\u00e5llande aluminium inslaget i plastfilm.Aluminiumpulvret tills\u00e4tts f\u00f6r att \u00f6ka explosionsenergin. Patroner som inte inneh\u00e5lleraluminiumpulver kan specialbest\u00e4llas under produktnamnet Kemix. Kemix-patroner utan aluminium rekommenderas f\u00f6r anv\u00e4ndning i gruvor d\u00e4r risk f\u00f6r svaveldammsexplosioner f\u00f6religger.<\/p>\n<p>Kemix A-och Kemix A MP patroner \u00e4r l\u00e4mpliga f\u00f6r alla typer av spr\u00e4ngning. Patronerna kan anv\u00e4ndas som antingen bas- eller pipladdningar och \u00e4r v\u00e4l l\u00e4mpade f\u00f6r underjordisk spr\u00e4ngning. Kemix A-patroner med en diameter p\u00e5 \u00f6ver 40 mm kan anv\u00e4ndas som f\u00f6rst\u00e4rkare f\u00f6r ANFO- och Kemiitti-spr\u00e4ng\u00e4mnen. Tack vare patronernas vattent\u00e4thet och specifika vikt \u00e4r de l\u00e4mpliga f\u00f6r till\u00e4mpningar d\u00e4r spr\u00e4ng\u00e4mnet exponeras f\u00f6r vatten. Kemix A \u00e4r helt ol\u00f6sligt i vatten, vilket g\u00f6r detta till ett milj\u00f6v\u00e4nligt spr\u00e4ng\u00e4mne. Det t\u00e5l ocks\u00e5 temperaturer under noll grader Celsius.<\/p>\n","protected":false},"featured_media":2216,"template":"","product_category":[458],"class_list":["post-2215","product","type-product","status-publish","has-post-thumbnail","hentry","product_category-forpackade-produkter-sv"],"acf":[],"_links":{"self":[{"href":"https:\/\/forcitexplosives.fi\/sv\/wp-json\/wp\/v2\/product\/2215"}],"collection":[{"href":"https:\/\/forcitexplosives.fi\/sv\/wp-json\/wp\/v2\/product"}],"about":[{"href":"https:\/\/forcitexplosives.fi\/sv\/wp-json\/wp\/v2\/types\/product"}],"wp:featuredmedia":[{"embeddable":true,"href":"https:\/\/forcitexplosives.fi\/sv\/wp-json\/wp\/v2\/media\/2216"}],"wp:attachment":[{"href":"https:\/\/forcitexplosives.fi\/sv\/wp-json\/wp\/v2\/media?parent=2215"}],"wp:term":[{"taxonomy":"product_category","embeddable":true,"href":"https:\/\/forcitexplosives.fi\/sv\/wp-json\/wp\/v2\/product_category?post=2215"}],"curies":[{"name":"wp","href":"https:\/\/api.w.org\/{rel}","templated":true}]}}