{"id":2224,"date":"2020-12-04T13:57:44","date_gmt":"2020-12-04T11:57:44","guid":{"rendered":"https:\/\/forcitexplosives.fi\/?post_type=product&#038;p=2224"},"modified":"2026-04-02T18:26:47","modified_gmt":"2026-04-02T15:26:47","slug":"kemix-kemix-a-rorladdningar","status":"publish","type":"product","link":"https:\/\/forcitexplosives.fi\/sv\/product\/kemix-kemix-a-rorladdningar\/","title":{"rendered":"KEMIX &amp; KEMIX A -R\u00d6RLADDNINGAR"},"content":{"rendered":"<p><strong>Kemix A<\/strong>\u00a0och <strong>Kemix <\/strong>-r\u00f6rladdningar \u00e4r emulsionsspr\u00e4ng\u00e4mne insvept i f\u00f6rseglade plastr\u00f6r. Kemix-r\u00f6rladdningar med en diameter p\u00e5 17 mm tillverkas utan aluminium, medan r\u00f6rladdningar med st\u00f6rre diameter ocks\u00e5 inneh\u00e5ller aluminiumpulver som \u00f6kar explosionsenergin.<\/p>\n<p>Kemix- och Kemix A-r\u00f6rladdningar \u00e4r l\u00e4mpliga f\u00f6r alla typer av spr\u00e4ngning i stenbrott och gruvor d\u00e4r exakta spr\u00e4ng\u00e4mnesm\u00e4ngder kr\u00e4vs f\u00f6r att s\u00e4kerst\u00e4lla en lyckad spr\u00e4ngprocess. R\u00f6rladdningarna \u00e4r l\u00e4mpliga f\u00f6r sl\u00e4t- och precisionsspr\u00e4ngning b\u00e5de ovan jord och vid underjordisk laddning.<\/p>\n","protected":false},"featured_media":2222,"template":"","product_category":[458],"class_list":["post-2224","product","type-product","status-publish","has-post-thumbnail","hentry","product_category-forpackade-produkter-sv"],"acf":[],"_links":{"self":[{"href":"https:\/\/forcitexplosives.fi\/sv\/wp-json\/wp\/v2\/product\/2224"}],"collection":[{"href":"https:\/\/forcitexplosives.fi\/sv\/wp-json\/wp\/v2\/product"}],"about":[{"href":"https:\/\/forcitexplosives.fi\/sv\/wp-json\/wp\/v2\/types\/product"}],"wp:featuredmedia":[{"embeddable":true,"href":"https:\/\/forcitexplosives.fi\/sv\/wp-json\/wp\/v2\/media\/2222"}],"wp:attachment":[{"href":"https:\/\/forcitexplosives.fi\/sv\/wp-json\/wp\/v2\/media?parent=2224"}],"wp:term":[{"taxonomy":"product_category","embeddable":true,"href":"https:\/\/forcitexplosives.fi\/sv\/wp-json\/wp\/v2\/product_category?post=2224"}],"curies":[{"name":"wp","href":"https:\/\/api.w.org\/{rel}","templated":true}]}}