{"id":2227,"date":"2020-12-04T14:22:10","date_gmt":"2020-12-04T12:22:10","guid":{"rendered":"https:\/\/forcitexplosives.fi\/?post_type=product&#038;p=2227"},"modified":"2024-06-19T09:29:41","modified_gmt":"2024-06-19T06:29:41","slug":"forprime-25-2","status":"publish","type":"product","link":"https:\/\/forcitexplosives.fi\/sv\/product\/forprime-25-2\/","title":{"rendered":"FORPRIME 25"},"content":{"rendered":"<p><strong>Forprime 25<\/strong> \u00e4r en klenh\u00e5lsprimer som \u00e4r avsedd f\u00f6r tunneldrift och annan underjordsbrytning tillsammans med bulkspr\u00e4ng\u00e4mnen.<\/p>\n<p>Forprime 25 anv\u00e4nds i regel vid ortdrivning som spr\u00e4ngkapself\u00f6rst\u00e4rkare f\u00f6r emulsionsspr\u00e4ng\u00e4mnen och ANFO, d\u00e5 man laddar med laddapparat. Produkten inneh\u00e5ller pentrit- och hexogenbaserad (PETN och RDX) bl\u00e5 massa. Den plastiska massan \u00e4r i praktiken ol\u00f6slig i vatten och den har patronerats i polypropenr\u00f6r. Forprime 25-r\u00f6ret \u00e4r ljusgr\u00f6nt och det kan vid behov f\u00f6rses med en \u00e4ndplugg, som \u00e4ven fungerar som spr\u00e4ngkapselh\u00e5llare.<\/p>\n","protected":false},"featured_media":2228,"template":"","product_category":[458],"class_list":["post-2227","product","type-product","status-publish","has-post-thumbnail","hentry","product_category-forpackade-produkter-sv"],"acf":[],"_links":{"self":[{"href":"https:\/\/forcitexplosives.fi\/sv\/wp-json\/wp\/v2\/product\/2227"}],"collection":[{"href":"https:\/\/forcitexplosives.fi\/sv\/wp-json\/wp\/v2\/product"}],"about":[{"href":"https:\/\/forcitexplosives.fi\/sv\/wp-json\/wp\/v2\/types\/product"}],"wp:featuredmedia":[{"embeddable":true,"href":"https:\/\/forcitexplosives.fi\/sv\/wp-json\/wp\/v2\/media\/2228"}],"wp:attachment":[{"href":"https:\/\/forcitexplosives.fi\/sv\/wp-json\/wp\/v2\/media?parent=2227"}],"wp:term":[{"taxonomy":"product_category","embeddable":true,"href":"https:\/\/forcitexplosives.fi\/sv\/wp-json\/wp\/v2\/product_category?post=2227"}],"curies":[{"name":"wp","href":"https:\/\/api.w.org\/{rel}","templated":true}]}}