{"id":2233,"date":"2020-08-19T11:58:12","date_gmt":"2020-08-19T08:58:12","guid":{"rendered":"https:\/\/forcitexplosives.fi\/?post_type=product&#038;p=2233"},"modified":"2026-04-02T18:09:25","modified_gmt":"2026-04-02T15:09:25","slug":"f-k-rorladdning","status":"publish","type":"product","link":"https:\/\/forcitexplosives.fi\/sv\/product\/f-k-rorladdning\/","title":{"rendered":"F- &amp; K-R\u00d6RLADDNING"},"content":{"rendered":"<p><strong>F- och K-r\u00f6rladdningarna<\/strong> har en pulverliknande massa som inneh\u00e5ller nitroglykol och kiselgur och de \u00e4r f\u00f6rpackade i polypropenr\u00f6r.<\/p>\n<p>K-r\u00f6rladdningar \u00e4r speciellt utformade f\u00f6r dimensionell brytning i stenbrott och andra till\u00e4mpningar som kr\u00e4ver mindre och kontrollerade laddningar.<\/p>\n<p>F\u00f6r F-r\u00f6rladdningar \u00e4r den prim\u00e4ra till\u00e4mpningen sl\u00e4tspr\u00e4ngning och f\u00f6rspaltning ovan jord och i tunnelarbeten, men de kan ocks\u00e5 anv\u00e4ndas vid andra typer av spr\u00e4ngning d\u00e4r en exakt m\u00e4ngd spr\u00e4ng\u00e4mnen kr\u00e4vs. N\u00e4r konturlinjer spr\u00e4ngs med hj\u00e4lp av F-r\u00f6rladdningar minimeras skadorna p\u00e5 kvarvarande berg, vilket ger h\u00e5llbara v\u00e4ggar av h\u00f6g kvalitet. Dessutom kommer kvarvarande v\u00e4ggar att f\u00e5 \u00f6nskade konturlinjer.<\/p>\n<p>R\u00f6ren (\u00d8 17mm) kan utrustas med l\u00e5shylsor som centrerar r\u00f6ren i borrh\u00e5let och f\u00f6rhindrar att de kastas ut ur h\u00e5let. N\u00e4r r\u00f6ret centreras bildas en luftkudde mellan r\u00f6ret och h\u00e5lets v\u00e4gg, vilket minskar risken f\u00f6r on\u00f6dig sprickbildning i berget.<\/p>\n","protected":false},"featured_media":2234,"template":"","product_category":[458],"class_list":["post-2233","product","type-product","status-publish","has-post-thumbnail","hentry","product_category-forpackade-produkter-sv"],"acf":[],"_links":{"self":[{"href":"https:\/\/forcitexplosives.fi\/sv\/wp-json\/wp\/v2\/product\/2233"}],"collection":[{"href":"https:\/\/forcitexplosives.fi\/sv\/wp-json\/wp\/v2\/product"}],"about":[{"href":"https:\/\/forcitexplosives.fi\/sv\/wp-json\/wp\/v2\/types\/product"}],"wp:featuredmedia":[{"embeddable":true,"href":"https:\/\/forcitexplosives.fi\/sv\/wp-json\/wp\/v2\/media\/2234"}],"wp:attachment":[{"href":"https:\/\/forcitexplosives.fi\/sv\/wp-json\/wp\/v2\/media?parent=2233"}],"wp:term":[{"taxonomy":"product_category","embeddable":true,"href":"https:\/\/forcitexplosives.fi\/sv\/wp-json\/wp\/v2\/product_category?post=2233"}],"curies":[{"name":"wp","href":"https:\/\/api.w.org\/{rel}","templated":true}]}}