{"id":2245,"date":"2020-12-04T15:57:35","date_gmt":"2020-12-04T13:57:35","guid":{"rendered":"https:\/\/forcitexplosives.fi\/?post_type=product&#038;p=2245"},"modified":"2026-04-02T18:13:13","modified_gmt":"2026-04-02T15:13:13","slug":"f-cord-10-2","status":"publish","type":"product","link":"https:\/\/forcitexplosives.fi\/sv\/product\/f-cord-10-2\/","title":{"rendered":"F-CORD 10"},"content":{"rendered":"<p><strong>F-Cord 10<\/strong> \u00e4r en flexibel plastbelagd pentylstubin. Dess spr\u00e4ng\u00e4mne \u00e4r pentrit (PETN). Bel\u00e4ggningen \u00e4r av PVC-plast eller f\u00f6r F-Cord 10T en mer milj\u00f6v\u00e4nlig termoplast.<\/p>\n<p>Pentylstubin anv\u00e4nds vid b\u00e5de sl\u00e4t- och precisionsspr\u00e4ngning n\u00e4r flera h\u00e5l ska detoneras samtidigt. Vanligtvis inbegriper ovan n\u00e4mnda arbeten laddningar som \u00e4r s\u00e5 sm\u00e5 att detonationens \u00f6verf\u00f6ring och f\u00f6rlopp \u00e4r os\u00e4kert utan pentylstubin. Den termoplastbelagda F-Cord 10T, som \u00e4r popul\u00e4r vid dimensionell stenbrytning, producerar mindre sot men \u00e4r n\u00e5got mindre flexibel \u00e4n den PVC-belagda F-Cord 10.<\/p>\n<p>Pentylstubiner anv\u00e4nds ocks\u00e5 ovan jord och vid annat spr\u00e4ngningsarbete f\u00f6r att s\u00e4kerst\u00e4lla att detonationen fortl\u00f6per. I dessa fall m\u00e5ste anv\u00e4ndaren s\u00e4kerst\u00e4lla att den pentylstubin i fr\u00e5ga \u00e4r l\u00e4mplig f\u00f6r den avsedda anv\u00e4ndningen.<\/p>\n","protected":false},"featured_media":2246,"template":"","product_category":[465],"class_list":["post-2245","product","type-product","status-publish","has-post-thumbnail","hentry","product_category-detonerande-stubin-sv"],"acf":[],"_links":{"self":[{"href":"https:\/\/forcitexplosives.fi\/sv\/wp-json\/wp\/v2\/product\/2245"}],"collection":[{"href":"https:\/\/forcitexplosives.fi\/sv\/wp-json\/wp\/v2\/product"}],"about":[{"href":"https:\/\/forcitexplosives.fi\/sv\/wp-json\/wp\/v2\/types\/product"}],"wp:featuredmedia":[{"embeddable":true,"href":"https:\/\/forcitexplosives.fi\/sv\/wp-json\/wp\/v2\/media\/2246"}],"wp:attachment":[{"href":"https:\/\/forcitexplosives.fi\/sv\/wp-json\/wp\/v2\/media?parent=2245"}],"wp:term":[{"taxonomy":"product_category","embeddable":true,"href":"https:\/\/forcitexplosives.fi\/sv\/wp-json\/wp\/v2\/product_category?post=2245"}],"curies":[{"name":"wp","href":"https:\/\/api.w.org\/{rel}","templated":true}]}}