{"id":2275,"date":"2020-12-11T16:28:20","date_gmt":"2020-12-11T14:28:20","guid":{"rendered":"https:\/\/forcitexplosives.fi\/?post_type=product&#038;p=2275"},"modified":"2026-04-02T17:56:31","modified_gmt":"2026-04-02T14:56:31","slug":"firex-m-2","status":"publish","type":"product","link":"https:\/\/forcitexplosives.fi\/sv\/product\/firex-m-2\/","title":{"rendered":"FIREX M"},"content":{"rendered":"<p><strong>Elspr\u00e4ngkapslarna Firex M<\/strong> (III\/VA) tillverkas av MAXAM Europe, S.A. i fabriken i Spanien. Det \u00e4r viktigt att vid anv\u00e4ndningen av Firex M -elspr\u00e4ngkapslar beakta att ledningarnas f\u00e4rger avviker fr\u00e5n f\u00e4rgerna p\u00e5 Firex A: I Firex M -spr\u00e4ngkapslarna \u00e4r den ena ledningen gr\u00f6n och den andra gul. Firex M-spr\u00e4ngkapslar f\u00e5r inte anv\u00e4ndas i samma krets som andra spr\u00e4ngkapslar tillverkade av Maxam, \u00e4ven om de h\u00f6r till samma grupp. Firex M-spr\u00e4ngkapslar f\u00e5r inte heller anv\u00e4ndas tillsammans med Firex A-spr\u00e4ngkapslar.<\/p>\n","protected":false},"featured_media":2358,"template":"","product_category":[542,470],"class_list":["post-2275","product","type-product","status-publish","has-post-thumbnail","hentry","product_category-sprangkapsel","product_category-sprangkapslar-sv"],"acf":[],"_links":{"self":[{"href":"https:\/\/forcitexplosives.fi\/sv\/wp-json\/wp\/v2\/product\/2275"}],"collection":[{"href":"https:\/\/forcitexplosives.fi\/sv\/wp-json\/wp\/v2\/product"}],"about":[{"href":"https:\/\/forcitexplosives.fi\/sv\/wp-json\/wp\/v2\/types\/product"}],"wp:featuredmedia":[{"embeddable":true,"href":"https:\/\/forcitexplosives.fi\/sv\/wp-json\/wp\/v2\/media\/2358"}],"wp:attachment":[{"href":"https:\/\/forcitexplosives.fi\/sv\/wp-json\/wp\/v2\/media?parent=2275"}],"wp:term":[{"taxonomy":"product_category","embeddable":true,"href":"https:\/\/forcitexplosives.fi\/sv\/wp-json\/wp\/v2\/product_category?post=2275"}],"curies":[{"name":"wp","href":"https:\/\/api.w.org\/{rel}","templated":true}]}}