{"id":2290,"date":"2020-12-15T09:15:53","date_gmt":"2020-12-15T07:15:53","guid":{"rendered":"https:\/\/forcitexplosives.fi\/?post_type=product&#038;p=2290"},"modified":"2026-04-01T21:54:29","modified_gmt":"2026-04-01T18:54:29","slug":"daveytronic-op-opw-3","status":"publish","type":"product","link":"https:\/\/forcitexplosives.fi\/sv\/product\/daveytronic-op-opw-3\/","title":{"rendered":"DaveyTronic\u00ae OP\/OPW"},"content":{"rendered":"<p>T\u00e4ndsystemet <strong>DaveyTronic\u00ae OP\/OPW<\/strong> omfattar ett set med tre slitstarka enhetstyper:<\/p>\n<ul>\n<li>1 handh\u00e5llen fj\u00e4rrutl\u00f6sare (DRB) som hanterar test- och eldgivningsproceduren och fj\u00e4rrkommunicerar med varje spr\u00e4ngkapsel<\/li>\n<li>1 programmeringsenheter (PU) som identifierar och genomf\u00f6r diagnostiska tester p\u00e5 varje spr\u00e4ngkapsel p\u00e5 pallen och fastst\u00e4ller f\u00f6rdr\u00f6jningstider<\/li>\n<li>1 kompakt skjutapparat (DBD)* som kommunicerar tr\u00e5dl\u00f6st med fj\u00e4rrskjutningsapparaten och ger<br \/>\nspecificerad energi till upp till 500 spr\u00e4ngkapslar (finns ocks\u00e5 f\u00f6r detonation med kabel).<\/li>\n<\/ul>\n<p>Anv\u00e4ndarv\u00e4nligheten hos <strong>DaveyTronic\u00ae OP<\/strong> m\u00f6jligg\u00f6r snabb programmering med m\u00f6jlighet till fj\u00e4rrskjutning.<\/p>\n","protected":false},"featured_media":2279,"template":"","product_category":[470],"class_list":["post-2290","product","type-product","status-publish","has-post-thumbnail","hentry","product_category-sprangkapslar-sv"],"acf":[],"_links":{"self":[{"href":"https:\/\/forcitexplosives.fi\/sv\/wp-json\/wp\/v2\/product\/2290"}],"collection":[{"href":"https:\/\/forcitexplosives.fi\/sv\/wp-json\/wp\/v2\/product"}],"about":[{"href":"https:\/\/forcitexplosives.fi\/sv\/wp-json\/wp\/v2\/types\/product"}],"wp:featuredmedia":[{"embeddable":true,"href":"https:\/\/forcitexplosives.fi\/sv\/wp-json\/wp\/v2\/media\/2279"}],"wp:attachment":[{"href":"https:\/\/forcitexplosives.fi\/sv\/wp-json\/wp\/v2\/media?parent=2290"}],"wp:term":[{"taxonomy":"product_category","embeddable":true,"href":"https:\/\/forcitexplosives.fi\/sv\/wp-json\/wp\/v2\/product_category?post=2290"}],"curies":[{"name":"wp","href":"https:\/\/api.w.org\/{rel}","templated":true}]}}