{"id":2302,"date":"2020-12-15T09:45:27","date_gmt":"2020-12-15T07:45:27","guid":{"rendered":"https:\/\/forcitexplosives.fi\/?post_type=product&#038;p=2302"},"modified":"2026-04-01T21:53:45","modified_gmt":"2026-04-01T18:53:45","slug":"daveytronic-sp-3","status":"publish","type":"product","link":"https:\/\/forcitexplosives.fi\/sv\/product\/daveytronic-sp-3\/","title":{"rendered":"DaveyTronic\u00aeSP"},"content":{"rendered":"<p>Det digitala t\u00e4ndsystemet <strong>DaveyTronic<\/strong><strong>\u00ae <\/strong><strong>SP<\/strong> inkluderar en upps\u00e4ttning med tre slitstarka enhetstyper:<\/p>\n<ul>\n<li>1 handh\u00e5llen fj\u00e4rrutl\u00f6sare (DRB) som hanterar test- och eldgivningsproceduren och fj\u00e4rrkommunicerar med varje spr\u00e4ngkapsel<\/li>\n<li>2 programmeringsenheter (PU) som identifierar och genomf\u00f6r diagnostiska tester p\u00e5 varje spr\u00e4ngkapsel p\u00e5 pallen och fastst\u00e4ller f\u00f6rdr\u00f6jningstider<\/li>\n<li>1 kompakt skjutapparat (DBD) som kommunicerar tr\u00e5dl\u00f6st med anvisningarna fr\u00e5n fj\u00e4rrskjutningsapparaten och ger specificerad energi till upp till 1\u00a0500 spr\u00e4ngkapslar per DBD<\/li>\n<\/ul>\n<p>Den h\u00f6ga precisionen och p\u00e5litligheten hos <strong>DaveyTronic\u00ae SP-spr\u00e4ngkapseln<\/strong> ger avsev\u00e4rt f\u00f6rb\u00e4ttrade spr\u00e4ngningsresultat:<\/p>\n<p><strong>Synchroblast<\/strong>\u2122- och <strong>Multiblast<\/strong>-l\u00e4gena m\u00f6jligg\u00f6r <strong>st\u00f6rre <\/strong><strong>salvor<\/strong> vilket ytterligare minskar avbrotten i arbetet tack vare f\u00e4rre spr\u00e4ngningstillf\u00e4llen. Man kan fj\u00e4rrstyra ett n\u00e4tverk med flera apparater i olika delar av gruvan f\u00f6r att detonera flera laddningar samtidigt fr\u00e5n en central plats.<\/p>\n<ul>\n<li>Synchroblast\u2122: upp till 4\u00a0500 spr\u00e4ngkapslar f\u00f6r spr\u00e4ngning p\u00e5 en enda plats<\/li>\n<li>Multiblast m\u00f6jlighet att skjuta upp till 5 olika salvor med upp till 1500 spr\u00e4ngkapslar vardera<\/li>\n<\/ul>\n","protected":false},"featured_media":2298,"template":"","product_category":[470],"class_list":["post-2302","product","type-product","status-publish","has-post-thumbnail","hentry","product_category-sprangkapslar-sv"],"acf":[],"_links":{"self":[{"href":"https:\/\/forcitexplosives.fi\/sv\/wp-json\/wp\/v2\/product\/2302"}],"collection":[{"href":"https:\/\/forcitexplosives.fi\/sv\/wp-json\/wp\/v2\/product"}],"about":[{"href":"https:\/\/forcitexplosives.fi\/sv\/wp-json\/wp\/v2\/types\/product"}],"wp:featuredmedia":[{"embeddable":true,"href":"https:\/\/forcitexplosives.fi\/sv\/wp-json\/wp\/v2\/media\/2298"}],"wp:attachment":[{"href":"https:\/\/forcitexplosives.fi\/sv\/wp-json\/wp\/v2\/media?parent=2302"}],"wp:term":[{"taxonomy":"product_category","embeddable":true,"href":"https:\/\/forcitexplosives.fi\/sv\/wp-json\/wp\/v2\/product_category?post=2302"}],"curies":[{"name":"wp","href":"https:\/\/api.w.org\/{rel}","templated":true}]}}