{"id":2308,"date":"2020-12-15T09:56:10","date_gmt":"2020-12-15T07:56:10","guid":{"rendered":"https:\/\/forcitexplosives.fi\/?post_type=product&#038;p=2308"},"modified":"2026-04-01T21:53:18","modified_gmt":"2026-04-01T18:53:18","slug":"daveytronicug-3","status":"publish","type":"product","link":"https:\/\/forcitexplosives.fi\/sv\/product\/daveytronicug-3\/","title":{"rendered":"DaveyTronic\u00aeUG"},"content":{"rendered":"<p>Det s\u00e4kraste och mest avancerade elektroniska initieringssystemet vid produktion under jord:<strong>\u00a0<\/strong><\/p>\n<p>Det elektroniska t\u00e4ndsystemet <strong>DaveyTronic<\/strong><strong>\u00ae<\/strong><strong>UG<\/strong> har utvecklats med den samlade expertisen och de f\u00e4lttestade erfarenheterna fr\u00e5n v\u00e4rldens mest avancerade elektroniska t\u00e4ndsystem: <strong>DaveyTronic<\/strong><strong>\u00ae<\/strong><strong>SP<\/strong>. Med expertisen fr\u00e5n Davey Bickford-implementeringsteamet och Enaex Mining Technical Solutions-teamet kommer <strong>DaveyTronic<\/strong><strong>\u00ae<\/strong><strong>UG-<\/strong>systemet f\u00f6r\u00e4ndra s\u00e4ttet ni spr\u00e4nger i er underjordsverksamhet. V\u00e4lkommen till er framtid!<\/p>\n<p><strong>DaveyTronic<\/strong><strong>\u00ae <\/strong><strong>UG<\/strong>-spr\u00e4ngkapseln har konstruerats specifikt f\u00f6r kr\u00e4vande underjordsverksamheter och har designfunktioner som till exempel:<\/p>\n<ul>\n<li>Motst\u00e5ndskraft mot dynamiskt tryck p\u00e5 grund av slitstarkt kopparskal och PCB-\u00f6vergjutning<\/li>\n<li>Motst\u00e5ndskraft mot elektromagnetisk puls tack vare den elektroniska modulens smarta design<\/li>\n<\/ul>\n","protected":false},"featured_media":2305,"template":"","product_category":[470],"class_list":["post-2308","product","type-product","status-publish","has-post-thumbnail","hentry","product_category-sprangkapslar-sv"],"acf":[],"_links":{"self":[{"href":"https:\/\/forcitexplosives.fi\/sv\/wp-json\/wp\/v2\/product\/2308"}],"collection":[{"href":"https:\/\/forcitexplosives.fi\/sv\/wp-json\/wp\/v2\/product"}],"about":[{"href":"https:\/\/forcitexplosives.fi\/sv\/wp-json\/wp\/v2\/types\/product"}],"wp:featuredmedia":[{"embeddable":true,"href":"https:\/\/forcitexplosives.fi\/sv\/wp-json\/wp\/v2\/media\/2305"}],"wp:attachment":[{"href":"https:\/\/forcitexplosives.fi\/sv\/wp-json\/wp\/v2\/media?parent=2308"}],"wp:term":[{"taxonomy":"product_category","embeddable":true,"href":"https:\/\/forcitexplosives.fi\/sv\/wp-json\/wp\/v2\/product_category?post=2308"}],"curies":[{"name":"wp","href":"https:\/\/api.w.org\/{rel}","templated":true}]}}