{"id":2326,"date":"2020-12-15T13:41:42","date_gmt":"2020-12-15T11:41:42","guid":{"rendered":"https:\/\/forcitexplosives.fi\/?post_type=product&#038;p=2326"},"modified":"2025-06-12T14:10:46","modified_gmt":"2025-06-12T11:10:46","slug":"austin-shockstar-surface-2","status":"publish","type":"product","link":"https:\/\/forcitexplosives.fi\/sv\/product\/austin-shockstar-surface-2\/","title":{"rendered":"SHOCKSTAR SURFACE"},"content":{"rendered":"<p><strong>Shock*Star <\/strong>\u00e4r ett t\u00e4ndningssystem utan el (shock tube system) som \u00e4r tillverkad av Austin Detonator, och har funnits p\u00e5 marknaden sedan \u00e5r 1993. Tack vare en l\u00e5ng produktutveckling \u00e4r den ett tryggt, precist och s\u00e4kert spr\u00e4ngkapselsystem. T\u00e4ndsystemet best\u00e5r av Shockstar MS-spr\u00e4ngkapslar och Shockstar Surface-kopplingar som anv\u00e4nds p\u00e5 f\u00e4ltytan.<\/p>\n<p><strong>Shock*Star MS-<\/strong> finns tillg\u00e4nglig med 31 olika f\u00f6rdr\u00f6jningar fr\u00e5n 0 till 1000 ms. De anv\u00e4nds f\u00f6r initiering av cast boosters och h\u00f6gexplosiva \u00e4mnen. Shock*Star MS-serien kan utrustas med T-koppling f\u00f6r uppt\u00e4ndning med detonerande stubin.<\/p>\n<p><strong>Shock*Star Surface-<\/strong>kopplingsblock \u00e4r s\u00e4rskilt utformade f\u00f6r initiering av andra signalledarspr\u00e4ngkapslar och f\u00f6r att skapa en f\u00f6rdr\u00f6jning mellan h\u00e5l.<\/p>\n","protected":false},"featured_media":2310,"template":"","product_category":[470],"class_list":["post-2326","product","type-product","status-publish","has-post-thumbnail","hentry","product_category-sprangkapslar-sv"],"acf":[],"_links":{"self":[{"href":"https:\/\/forcitexplosives.fi\/sv\/wp-json\/wp\/v2\/product\/2326"}],"collection":[{"href":"https:\/\/forcitexplosives.fi\/sv\/wp-json\/wp\/v2\/product"}],"about":[{"href":"https:\/\/forcitexplosives.fi\/sv\/wp-json\/wp\/v2\/types\/product"}],"wp:featuredmedia":[{"embeddable":true,"href":"https:\/\/forcitexplosives.fi\/sv\/wp-json\/wp\/v2\/media\/2310"}],"wp:attachment":[{"href":"https:\/\/forcitexplosives.fi\/sv\/wp-json\/wp\/v2\/media?parent=2326"}],"wp:term":[{"taxonomy":"product_category","embeddable":true,"href":"https:\/\/forcitexplosives.fi\/sv\/wp-json\/wp\/v2\/product_category?post=2326"}],"curies":[{"name":"wp","href":"https:\/\/api.w.org\/{rel}","templated":true}]}}