{"id":2354,"date":"2020-12-16T13:29:37","date_gmt":"2020-12-16T11:29:37","guid":{"rendered":"https:\/\/forcitexplosives.fi\/?post_type=product&#038;p=2354"},"modified":"2025-06-13T09:26:59","modified_gmt":"2025-06-13T06:26:59","slug":"rionel-f-3","status":"publish","type":"product","link":"https:\/\/forcitexplosives.fi\/sv\/product\/rionel-f-3\/","title":{"rendered":"RIONEL F"},"content":{"rendered":"<p><strong>RIONEL F MS<\/strong> -serien avsedd att anv\u00e4ndas som borrh\u00e5lsspr\u00e4ngkapsel i vanliga spr\u00e4ngningssituationer. RIONEL F MS tillverkas i en rad olika f\u00f6rdr\u00f6jningstider. Vid anv\u00e4ndning i kombination med RIONEL F SCX kopplingsblock erbjuder produkten en m\u00e4ngd olika alternativ f\u00f6r initieringssekvenser. RIONEL F MS ger en mycket exakt f\u00f6rdr\u00f6jning som minskar risken f\u00f6r tids\u00f6verlappning.<\/p>\n<p><strong>The RIONEL F LP <\/strong>-serien \u00e4r avsedd att anv\u00e4ndas vid gruvdrift och tunneldrift under jord, i b\u00e5da fallen i icke brandfarlig milj\u00f6. RIONEL F LP-seriens f\u00f6rdr\u00f6jning \u00e4r l\u00e4ngre \u00e4n RIONEL F MS-seriens, och anv\u00e4nds vid underjordiskt spr\u00e4ngarbete i tr\u00e5nga utrymmen som kr\u00e4ver en l\u00e4ngre f\u00f6rdr\u00f6jningstid.<\/p>\n<p><strong>The RIONEL F SCX <\/strong>-serien \u00e4r avsedd f\u00f6r att spr\u00e4nga i sekvenser och m\u00f6jligg\u00f6r intervall f\u00f6r f\u00f6rdr\u00f6jningstid mellan spr\u00e4ngh\u00e5len med hj\u00e4lp av enkla ytkopplingar. RIONEL F SCX-serien anv\u00e4nds f\u00f6r att ge olika sekvenser mellan spr\u00e4ngh\u00e5l och olika rader av borrade h\u00e5l. I kombination med RIONEL F MS och LP ger produkten en stor valfrihet vid tidsutformningen f\u00f6r en spr\u00e4ngning. RIONEL F SCX best\u00e5r av en signalledare med upplindad tr\u00e5d av olika l\u00e4ngd. Produkten har \u00e4ven ett kopplingsblock av plast, som inneh\u00e5ller en svagt laddad h\u00f6gprecisions-spr\u00e4ngkapsel med f\u00f6rdr\u00f6jnings om minimerar buller och splitter. Upp till 6 signalledare kan anslutas till kopplingsblocket, vars f\u00e4rgkod indikerar f\u00f6rdr\u00f6jningen.<\/p>\n<p><strong>RIONEL F BC<\/strong> (Buntuppt\u00e4ndare) \u00e4r speciellt utformad f\u00f6r samtidig initering av flertal icke-elektriska st\u00f6tv\u00e5gspr\u00e4ngkapslar. Dessa kopplingsblock \u00e4r tillverkade med en l\u00e4ngd st\u00f6tv\u00e5gslang ansluten till ett f\u00e4rgkodat kopplingsblock med en mini-spr\u00e4nkapsel som inneh\u00e5ller en explosiv basladdning.<\/p>\n<p>\u00a0<\/p>\n<p>\u00a0<\/p>\n\n\n<p><\/p>\n","protected":false},"featured_media":2334,"template":"","product_category":[470],"class_list":["post-2354","product","type-product","status-publish","has-post-thumbnail","hentry","product_category-sprangkapslar-sv"],"acf":[],"_links":{"self":[{"href":"https:\/\/forcitexplosives.fi\/sv\/wp-json\/wp\/v2\/product\/2354"}],"collection":[{"href":"https:\/\/forcitexplosives.fi\/sv\/wp-json\/wp\/v2\/product"}],"about":[{"href":"https:\/\/forcitexplosives.fi\/sv\/wp-json\/wp\/v2\/types\/product"}],"wp:featuredmedia":[{"embeddable":true,"href":"https:\/\/forcitexplosives.fi\/sv\/wp-json\/wp\/v2\/media\/2334"}],"wp:attachment":[{"href":"https:\/\/forcitexplosives.fi\/sv\/wp-json\/wp\/v2\/media?parent=2354"}],"wp:term":[{"taxonomy":"product_category","embeddable":true,"href":"https:\/\/forcitexplosives.fi\/sv\/wp-json\/wp\/v2\/product_category?post=2354"}],"curies":[{"name":"wp","href":"https:\/\/api.w.org\/{rel}","templated":true}]}}