{"id":3662,"date":"2022-10-28T11:44:30","date_gmt":"2022-10-28T08:44:30","guid":{"rendered":"https:\/\/forcitexplosives.fi\/?post_type=product&#038;p=3662"},"modified":"2024-06-19T09:27:48","modified_gmt":"2024-06-19T06:27:48","slug":"riocap-tulilankanalli-2","status":"publish","type":"product","link":"https:\/\/forcitexplosives.fi\/sv\/product\/riocap-tulilankanalli-2\/","title":{"rendered":"RIOCAP &#8211; eldtr\u00e5d spr\u00e4ngkapslar"},"content":{"rendered":"<p><span class=\"jCAhz ChMk0b\"><span class=\"ryNqvb\">RIOCAP \u00e4r en eldtr\u00e5d spr\u00e4ngkapslar, som \u00e4r spr\u00e4ngkapslar nr 8 i styrka.<\/span><\/span><\/p>\n<p><span class=\"jCAhz ChMk0b\"><span class=\"ryNqvb\">RIOCAP-spr\u00e4ngkapslar anv\u00e4nds med en tidss\u00e4kring f\u00f6r att ant\u00e4nda ett nallebj\u00f6rnsk\u00e4nsligt spr\u00e4ng\u00e4mne.<\/span><\/span><br \/>\n<span class=\"jCAhz ChMk0b\"><span class=\"ryNqvb\">RIOCAP -spr\u00e4ngkapslar kan endast anv\u00e4ndas i milj\u00f6er d\u00e4r det inte finns n\u00e5gon risk f\u00f6r gas- eller dammexplosion.<\/span><\/span><\/p>\n<p><span class=\"jCAhz ChMk0b\"><span class=\"ryNqvb\">RIOCAP \u00e4r f\u00f6rpackad i plastl\u00e5dor om 100 stycken (innerf\u00f6rpackningar), som \u00e5terigen packas i 500 stycken innerf\u00f6rpackningar.<\/span><\/span> <span class=\"jCAhz ChMk0b\"><span class=\"ryNqvb\">Det finns 10 innerf\u00f6rpackningar f\u00f6rpackade i en kartong (ytterf\u00f6rpackning), s\u00e5 det totala antalet av kartongen \u00e4r 5000 spr\u00e4ngkapslar.<\/span><\/span> <span class=\"jCAhz ChMk0b\"><span class=\"ryNqvb\">Den minsta f\u00f6rs\u00e4ljningsenheten \u00e4r en plastl\u00e5da med 100 stycken.<\/span><\/span><\/p>\n","protected":false},"featured_media":3659,"template":"","product_category":[470],"class_list":["post-3662","product","type-product","status-publish","has-post-thumbnail","hentry","product_category-sprangkapslar-sv"],"acf":[],"_links":{"self":[{"href":"https:\/\/forcitexplosives.fi\/sv\/wp-json\/wp\/v2\/product\/3662"}],"collection":[{"href":"https:\/\/forcitexplosives.fi\/sv\/wp-json\/wp\/v2\/product"}],"about":[{"href":"https:\/\/forcitexplosives.fi\/sv\/wp-json\/wp\/v2\/types\/product"}],"wp:featuredmedia":[{"embeddable":true,"href":"https:\/\/forcitexplosives.fi\/sv\/wp-json\/wp\/v2\/media\/3659"}],"wp:attachment":[{"href":"https:\/\/forcitexplosives.fi\/sv\/wp-json\/wp\/v2\/media?parent=3662"}],"wp:term":[{"taxonomy":"product_category","embeddable":true,"href":"https:\/\/forcitexplosives.fi\/sv\/wp-json\/wp\/v2\/product_category?post=3662"}],"curies":[{"name":"wp","href":"https:\/\/api.w.org\/{rel}","templated":true}]}}