{"id":5309,"date":"2024-03-27T08:25:22","date_gmt":"2024-03-27T06:25:22","guid":{"rendered":"https:\/\/forcitexplosives.fi\/?post_type=product&#038;p=5309"},"modified":"2025-08-14T17:04:31","modified_gmt":"2025-08-14T14:04:31","slug":"fordyn-p-2","status":"publish","type":"product","link":"https:\/\/forcitexplosives.fi\/sv\/product\/fordyn-p-2\/","title":{"rendered":"FORDYN P-dynamit"},"content":{"rendered":"\n<p>Fordyn-dynamit \u00e4r ett gelatinspr\u00e4ng\u00e4mne som inneh\u00e5ller ammoniumnitrat, nitroglykol och PETN.<\/p>\n\n\n\n<p>Fordyn P \u00e4r l\u00e4mpligt f\u00f6r alla typer av spr\u00e4ngning i normala f\u00f6rh\u00e5llanden. Dess egenskaper g\u00f6r produkten till ett utm\u00e4rkt val f\u00f6r i synnerhet undervattensspr\u00e4ngning och kanaliseringsapplikationer samt som basladdning ovan jord. Tack vare deras h\u00f6ga detonationshastighet kan Fordyn P-patroner anv\u00e4ndas som f\u00f6rst\u00e4rkare f\u00f6r bulkspr\u00e4ng\u00e4mnen som ANFO och emulsioner (Kemiitti). Fordyn P \u00e4r ocks\u00e5 l\u00e4mpligt f\u00f6r precisionsspr\u00e4ngning, d\u00e4r extremt sm\u00e5 m\u00e4ngder spr\u00e4ng\u00e4mnen anv\u00e4nds, eftersom materialet \u00e4r l\u00e4tt att sk\u00e4ra till sm\u00e5 doser<\/p>\n","protected":false},"featured_media":5343,"template":"","product_category":[458],"class_list":["post-5309","product","type-product","status-publish","has-post-thumbnail","hentry","product_category-forpackade-produkter-sv"],"acf":[],"_links":{"self":[{"href":"https:\/\/forcitexplosives.fi\/sv\/wp-json\/wp\/v2\/product\/5309"}],"collection":[{"href":"https:\/\/forcitexplosives.fi\/sv\/wp-json\/wp\/v2\/product"}],"about":[{"href":"https:\/\/forcitexplosives.fi\/sv\/wp-json\/wp\/v2\/types\/product"}],"wp:featuredmedia":[{"embeddable":true,"href":"https:\/\/forcitexplosives.fi\/sv\/wp-json\/wp\/v2\/media\/5343"}],"wp:attachment":[{"href":"https:\/\/forcitexplosives.fi\/sv\/wp-json\/wp\/v2\/media?parent=5309"}],"wp:term":[{"taxonomy":"product_category","embeddable":true,"href":"https:\/\/forcitexplosives.fi\/sv\/wp-json\/wp\/v2\/product_category?post=5309"}],"curies":[{"name":"wp","href":"https:\/\/api.w.org\/{rel}","templated":true}]}}