{"id":5359,"date":"2024-02-28T11:37:44","date_gmt":"2024-02-28T09:37:44","guid":{"rendered":"https:\/\/forcitexplosives.fi\/?post_type=product&#038;p=5359"},"modified":"2024-06-19T09:40:32","modified_gmt":"2024-06-19T06:40:32","slug":"kemiitti-810-op","status":"publish","type":"product","link":"https:\/\/forcitexplosives.fi\/sv\/product\/kemiitti-810-op\/","title":{"rendered":"KEMIITTI 810 OP"},"content":{"rendered":"\n<p><strong>Kemiitti 810 OP<\/strong> \u00e4r ett kemiskt sensibiliserat emulsionsspr\u00e4ng\u00e4mne. Produkten tillverkas emulsionsmatris p\u00e5 laddningsplatsen och pumpas genom en slang direkt in i borrh\u00e5let. I borrh\u00e5let sensibiliseras produkten till ett f\u00e4rdigt spr\u00e4ng\u00e4mne inom 10\u201330 minuter efter laddning. Ammoniumnitratprills f\u00e5r inte blandas med K810 OP-produkten under laddning.<\/p>\n\n\n\n<p>Kemiitti 810 passar alla till\u00e4mpningar ovan jord, s\u00e4rskilt i verksamheter som kr\u00e4ver snabb laddning och\/eller god vattenbest\u00e4ndighet samtidigt som mindre kv\u00e4ve sl\u00e4pps ut i milj\u00f6n. Produkten \u00e4r fettliknande i konsistensen och har en vit eller gulaktig f\u00e4rg. Beroende p\u00e5 r\u00e5materialbeh\u00e5llarnas kapacitet kan 9 till 27 ton f\u00e4rdigt spr\u00e4ng\u00e4mne tillverkas p\u00e5 fordonet i en omg\u00e5ng. Lokala best\u00e4mmelser m\u00e5ste beaktas n\u00e4r Kemiitti 810 OP anv\u00e4nds. Produkten f\u00e5r endast anv\u00e4ndas med s\u00e4rskilt avtal p\u00e5 s\u00e4rskilda platser.<\/p>\n","protected":false},"featured_media":5368,"template":"","product_category":[460],"class_list":["post-5359","product","type-product","status-publish","has-post-thumbnail","hentry","product_category-bulk-produkter-sv"],"acf":[],"_links":{"self":[{"href":"https:\/\/forcitexplosives.fi\/sv\/wp-json\/wp\/v2\/product\/5359"}],"collection":[{"href":"https:\/\/forcitexplosives.fi\/sv\/wp-json\/wp\/v2\/product"}],"about":[{"href":"https:\/\/forcitexplosives.fi\/sv\/wp-json\/wp\/v2\/types\/product"}],"wp:featuredmedia":[{"embeddable":true,"href":"https:\/\/forcitexplosives.fi\/sv\/wp-json\/wp\/v2\/media\/5368"}],"wp:attachment":[{"href":"https:\/\/forcitexplosives.fi\/sv\/wp-json\/wp\/v2\/media?parent=5359"}],"wp:term":[{"taxonomy":"product_category","embeddable":true,"href":"https:\/\/forcitexplosives.fi\/sv\/wp-json\/wp\/v2\/product_category?post=5359"}],"curies":[{"name":"wp","href":"https:\/\/api.w.org\/{rel}","templated":true}]}}