{"id":6782,"date":"2025-06-12T12:42:51","date_gmt":"2025-06-12T09:42:51","guid":{"rendered":"https:\/\/forcitexplosives.fi\/?post_type=product&#038;p=6782"},"modified":"2025-06-12T12:42:52","modified_gmt":"2025-06-12T09:42:52","slug":"exel-lead-in-line","status":"publish","type":"product","link":"https:\/\/forcitexplosives.fi\/sv\/product\/exel-lead-in-line\/","title":{"rendered":"Exel\u2122 Lead in Line"},"content":{"rendered":"\n<p>Exel\u2122 Lead in Line \u00e4r en rulle med signalslang f\u00f6r initiering av salvor. Exel\u2122 Lead in Line best\u00e5r av en l\u00e5ng Exel\u2122-slang samt skarvslang. Exel\u2122-slangen \u00e4r mycket dragh\u00e5llfast, har h\u00f6g best\u00e4ndighet mot n\u00f6tning. Den leder energisignalen mellan initeringspunkt och salva och den kan ocks\u00e5 skavas. Den anv\u00e4nds allts\u00e5 f\u00f6r att vid icke-elektrisk t\u00e4ndning f\u00f6r att kunna avfyra salvan fr\u00e5n s\u00e4ker plats. Den kan anv\u00e4ndas i alla applikationer, b\u00e5de ovan och under jord.<\/p>\n","protected":false},"featured_media":6778,"template":"","product_category":[470],"class_list":["post-6782","product","type-product","status-publish","has-post-thumbnail","hentry","product_category-sprangkapslar-sv"],"acf":[],"_links":{"self":[{"href":"https:\/\/forcitexplosives.fi\/sv\/wp-json\/wp\/v2\/product\/6782"}],"collection":[{"href":"https:\/\/forcitexplosives.fi\/sv\/wp-json\/wp\/v2\/product"}],"about":[{"href":"https:\/\/forcitexplosives.fi\/sv\/wp-json\/wp\/v2\/types\/product"}],"wp:featuredmedia":[{"embeddable":true,"href":"https:\/\/forcitexplosives.fi\/sv\/wp-json\/wp\/v2\/media\/6778"}],"wp:attachment":[{"href":"https:\/\/forcitexplosives.fi\/sv\/wp-json\/wp\/v2\/media?parent=6782"}],"wp:term":[{"taxonomy":"product_category","embeddable":true,"href":"https:\/\/forcitexplosives.fi\/sv\/wp-json\/wp\/v2\/product_category?post=6782"}],"curies":[{"name":"wp","href":"https:\/\/api.w.org\/{rel}","templated":true}]}}