{"id":6844,"date":"2022-09-09T09:03:22","date_gmt":"2022-09-09T06:03:22","guid":{"rendered":"https:\/\/forcitexplosives.fi\/product\/exel-neo\/"},"modified":"2026-04-02T17:55:06","modified_gmt":"2026-04-02T14:55:06","slug":"exel-neo","status":"publish","type":"product","link":"https:\/\/forcitexplosives.fi\/sv\/product\/exel-neo\/","title":{"rendered":"Exel\u2122 Neo"},"content":{"rendered":"<p><strong>Exel\u2122 MS<\/strong> \u00e4r en serie icke-elektriska spr\u00e4ngkapslar med millisekunds (MS) f\u00f6rdr\u00f6jningsintervall mellan p\u00e5 varandra f\u00f6ljande t\u00e4ndtider. Spr\u00e4ngkapslarna best\u00e5r av en icke-elektrisk spr\u00e4ngkapsel i en l\u00e4ngd som Exel\u2122-signalslang. Spr\u00e4ngkapseln inneh\u00e5ller f\u00f6rdr\u00f6jnings-element och har REF DET # 3 styrka i basladdning inuti ett aluminium-skal. Exel\u2122 signalslangen har en h\u00f6g h\u00e5llfasthet, h\u00f6g n\u00f6tningsbest\u00e4ndig och \u00e4r en slang som s\u00e4nder initierings-signalen till spr\u00e4ngkapseln. En \u00e4nde av signalslangen \u00e4r krympt in i spr\u00e4ngkapselns hylsa, och den andra \u00e4nden \u00e4r tillsluten av en vattent\u00e4t t\u00e4tning. Exel\u2122 MS spr\u00e4ngkapslar, ger en serie f\u00f6rdr\u00f6jningstider som \u00e4r l\u00e4mpliga f\u00f6r s\u00e5v\u00e4l ovan som underjords verksamheten. Exel\u2122 MS spr\u00e4ngkapseln kan med f\u00f6rdel initiera alla typer av boosters och spr\u00e4ngkapselk\u00e4nsliga spr\u00e4ng\u00e4mnen.<\/p>\n<p><strong>Exel\u2122 LP<\/strong> spr\u00e4ngkapslar \u00e4r en serie med icke-elektriska som harfull styrka med l\u00e5nga intervall och f\u00f6rdr\u00f6jningstider (Long Period).\u00a0 Exel\u2122 LP spr\u00e4ngkapslar best\u00e5r av en icke-elektrisk spr\u00e4ngkapsel samt gul Exel\u2122 signalslang. Spr\u00e4ngkapseln har en aluminiumhylsa. Exel\u2122 signalslang har h\u00f6g dragh\u00e5llfasthet, best\u00e4ndig mot n\u00f6tning och de f\u00f6rmedlar st\u00f6tv\u00e5gs-energin till spr\u00e4ngkapseln. Den ena \u00e4nden av slangen \u00e4r ansluten till spr\u00e4ngkapseln, den andra \u00e4r f\u00f6rseglad med en vattent\u00e4t krymp.<\/p>\n<p><strong>Exel\u2122 B Connector SL<\/strong> \u00e4r en snabbkopplingsenhet som kan initiera 5 till 20 Exel\u2122-slangar samtidigt. Den best\u00e5r som standard av ett kopplingsblock SL 9 (rosa), inneh\u00e5llande en minikapsel. Till kopplingsblocket \u00e4r en slinga detonerande stubin dimensionerad att initiera en bunt Exel\u2122-slangar anslutet.<\/p>\n<p><strong>Exel\u2122\u00a0Connectadet\u2122\u00a0SL<\/strong> \u00e4r ett icke-elektriskt kopplings-block som har utvecklats f\u00f6r st\u00f6rsta m\u00f6jliga flexibilitet vid pallspr\u00e4ngning. Alla borrh\u00e5l i en salva laddas med spr\u00e4ng-kapslar med samma f\u00f6rdr\u00f6jningstid. T\u00e4ndf\u00f6ljden byggs d\u00e4refter upp p\u00e5 ytan med hj\u00e4lp av de f\u00f6rdr\u00f6jningar som finns i kopplingsblocken. Exel\u2122\u00a0Connectadet\u2122\u00a0SL finns med \u00e5tta olika f\u00f6rdr\u00f6jningstider, fr\u00e5n 0 till 176 ms.<\/p>\n<p>Exel\u2122\u00a0Connectadet\u2122\u00a0SL kan anv\u00e4ndas till de flesta typer av spr\u00e4ngningar inom gruv- och anl\u00e4ggningsindustrin, s\u00e5v\u00e4l ovan som under jord.<\/p>\n<p>Dessa kopplingsblock anv\u00e4nds vanligen tillsammans med borrh\u00e5lsspr\u00e4ngkapslarna Exel\u2122\u00a0MS eller Exel\u2122\u00a0U\u00a0Det och kan \u00e4ven anv\u00e4ndas f\u00f6r uppt\u00e4ndning av Exel\u2122\u00a0LP.Exel\u2122\u00a0Connectadet\u2122\u00a0SL 0\u00a0\u2013\u00a0176 levereras med rosa Exel\u2122- slang.<\/p>\n<p><strong>Exel\u2122 Starter SL<\/strong> \u00e4r ett icke-elektriskt t\u00e4ndsystem best\u00e5ende av Exel\u2122-slang och Exel\u2122 Connectadet\u2122 SL kopplingsblock med 9 ms f\u00f6rdr\u00f6jning. Exel\u2122 Starter anv\u00e4nds f\u00f6r att p\u00e5 ett enkelt s\u00e4tt t\u00e4nda upp salvor p\u00e5 ett s\u00e4kert avst\u00e5nd fr\u00e5n spr\u00e4ngplatsen.<\/p>\n<p>Notera: Orica anv\u00e4nder den unika, bepr\u00f6vade NPED-tekniken (Non Primary Explosives Detonator) f\u00f6r s\u00e4ker och p\u00e5litlig initiering av spr\u00e4ngmedel.<\/p>\n","protected":false},"featured_media":3627,"template":"","product_category":[470],"class_list":["post-6844","product","type-product","status-publish","has-post-thumbnail","hentry","product_category-sprangkapslar-sv"],"acf":[],"_links":{"self":[{"href":"https:\/\/forcitexplosives.fi\/sv\/wp-json\/wp\/v2\/product\/6844"}],"collection":[{"href":"https:\/\/forcitexplosives.fi\/sv\/wp-json\/wp\/v2\/product"}],"about":[{"href":"https:\/\/forcitexplosives.fi\/sv\/wp-json\/wp\/v2\/types\/product"}],"wp:featuredmedia":[{"embeddable":true,"href":"https:\/\/forcitexplosives.fi\/sv\/wp-json\/wp\/v2\/media\/3627"}],"wp:attachment":[{"href":"https:\/\/forcitexplosives.fi\/sv\/wp-json\/wp\/v2\/media?parent=6844"}],"wp:term":[{"taxonomy":"product_category","embeddable":true,"href":"https:\/\/forcitexplosives.fi\/sv\/wp-json\/wp\/v2\/product_category?post=6844"}],"curies":[{"name":"wp","href":"https:\/\/api.w.org\/{rel}","templated":true}]}}