{"id":6872,"date":"2025-07-29T11:16:46","date_gmt":"2025-07-29T08:16:46","guid":{"rendered":"https:\/\/forcitexplosives.fi\/?post_type=product&#038;p=6872"},"modified":"2026-04-02T13:07:27","modified_gmt":"2026-04-02T10:07:27","slug":"uni-tronic-600-edev-ii-elektroniska-tand-och-sprangningssystemer","status":"publish","type":"product","link":"https:\/\/forcitexplosives.fi\/sv\/product\/uni-tronic-600-edev-ii-elektroniska-tand-och-sprangningssystemer\/","title":{"rendered":"Uni tronic\u2122 600 &amp; eDev\u2122 II -elektroniska t\u00e4nd- och spr\u00e4ngningssystemer"},"content":{"rendered":"\n<p><\/p>\n\n\n\n<p><strong>Uni tronic\u2122 600<\/strong> \u00e4r ett av Oricas sp\u00e4nnande elektroniska spr\u00e4ngsystem. Den kan anv\u00e4ndas tillsammans med:<\/p>\n\n\n\n<ul class=\"wp-block-list\">\n<li>uni tronic\u2122 600 elektroniska detonatorer<\/li>\n\n\n\n<li>Duplex harness wire<\/li>\n\n\n\n<li>Scanner 200 med funktionstestning av uni tronicTM 600 elektroniska spr\u00e4ngkapslar<\/li>\n\n\n\n<li>Blast Box 310 eller Blast Box 310R (med tr\u00e5dl\u00f6s fj\u00e4rrstyrd avfyrning).<\/li>\n<\/ul>\n\n\n\n<p><\/p>\n\n\n\n<p><strong>eDev\u2122 II<\/strong> elektroniskt t\u00e4ndsystem ing\u00e5r i Oricas erbjudande till underjordskunder.<br>Systemet best\u00e5r av:<\/p>\n\n\n\n<ul class=\"wp-block-list\">\n<li>eDev\u2122 II elektroniska spr\u00e4ngkapslar<\/li>\n\n\n\n<li>Blast Box 610<\/li>\n\n\n\n<li>Scanner 260 med funktionstestning av eDev\u2122 II spr\u00e4ngkapslar<\/li>\n\n\n\n<li>Duplex harness wire<\/li>\n<\/ul>\n","protected":false},"featured_media":6868,"template":"","product_category":[470],"class_list":["post-6872","product","type-product","status-publish","has-post-thumbnail","hentry","product_category-sprangkapslar-sv"],"acf":[],"_links":{"self":[{"href":"https:\/\/forcitexplosives.fi\/sv\/wp-json\/wp\/v2\/product\/6872"}],"collection":[{"href":"https:\/\/forcitexplosives.fi\/sv\/wp-json\/wp\/v2\/product"}],"about":[{"href":"https:\/\/forcitexplosives.fi\/sv\/wp-json\/wp\/v2\/types\/product"}],"wp:featuredmedia":[{"embeddable":true,"href":"https:\/\/forcitexplosives.fi\/sv\/wp-json\/wp\/v2\/media\/6868"}],"wp:attachment":[{"href":"https:\/\/forcitexplosives.fi\/sv\/wp-json\/wp\/v2\/media?parent=6872"}],"wp:term":[{"taxonomy":"product_category","embeddable":true,"href":"https:\/\/forcitexplosives.fi\/sv\/wp-json\/wp\/v2\/product_category?post=6872"}],"curies":[{"name":"wp","href":"https:\/\/api.w.org\/{rel}","templated":true}]}}